{"id":151240,"date":"2022-05-10T13:58:00","date_gmt":"2025-06-28T14:28:13","guid":{"rendered":"https:\/\/kingarms.ee\/product\/goggle-grozamie-klipsi-19mm-tumsa-zeme\/"},"modified":"2025-06-28T17:28:13","modified_gmt":"2025-06-28T14:28:13","slug":"goggle-grozamie-klipsi-19mm-tumsa-zeme","status":"publish","type":"product","link":"https:\/\/kingarms.ee\/lv\/product\/goggle-grozamie-klipsi-19mm-tumsa-zeme\/","title":{"rendered":"Goggle groz\u0101mie klip\u0161i 19mm tum\u0161\u0101 zeme"},"content":{"rendered":"","protected":false},"excerpt":{"rendered":"<div id=\" component_projector_longdescription_not \" class=\"projector_longdescription cm\">\n<p>Goggle groz\u0101mie klip\u0161i 19mm tum\u0161\u0101 zeme<\/p>\n<p>Divu Goggle groz\u0101mo klipu komplekts aizsargbrill\u0113m ar <strong>19 mm<\/strong> joslu. Klipi ir paredz\u0113ti uzst\u0101d\u012b\u0161anai <strong>uz \u0101tr\u0101s<\/strong> tipa \u0137iveres s\u0101nu slied\u0113m. <\/p>\n<\/div>\n<div id=\"component_projector_cms\" class=\"component_projector_cms cm\">\n<div class=\"n56196_main\">\n<div class=\"n56196_sub\">\n<p>Produkts neveido ballistisko aizsardz\u012bbu un tam nav citu aizsarg\u0101jo\u0161u \u012bpa\u0161\u012bbu. Tas nav paredz\u0113ts izmanto\u0161anai aizsardz\u012bbas nol\u016bkos, tostarp taktisko\/kara\/ASG sp\u0113\u013cu laik\u0101. <\/p>\n<\/div>\n<\/div>\n<\/div>\n","protected":false},"featured_media":118798,"template":"","meta":{"_acf_changed":false},"product_brand":[],"product_cat":[1079,1080],"product_tag":[],"class_list":{"0":"post-151240","1":"product","2":"type-product","3":"status-publish","4":"has-post-thumbnail","6":"product_cat-kivera-stiprinajums","7":"product_cat-kiveres","9":"first","10":"instock","11":"taxable","12":"shipping-taxable","13":"purchasable","14":"product-type-simple"},"acf":[],"_links":{"self":[{"href":"https:\/\/kingarms.ee\/lv\/wp-json\/wp\/v2\/product\/151240","targetHints":{"allow":["GET"]}}],"collection":[{"href":"https:\/\/kingarms.ee\/lv\/wp-json\/wp\/v2\/product"}],"about":[{"href":"https:\/\/kingarms.ee\/lv\/wp-json\/wp\/v2\/types\/product"}],"wp:featuredmedia":[{"embeddable":true,"href":"https:\/\/kingarms.ee\/lv\/wp-json\/wp\/v2\/media\/118798"}],"wp:attachment":[{"href":"https:\/\/kingarms.ee\/lv\/wp-json\/wp\/v2\/media?parent=151240"}],"wp:term":[{"taxonomy":"product_brand","embeddable":true,"href":"https:\/\/kingarms.ee\/lv\/wp-json\/wp\/v2\/product_brand?post=151240"},{"taxonomy":"product_cat","embeddable":true,"href":"https:\/\/kingarms.ee\/lv\/wp-json\/wp\/v2\/product_cat?post=151240"},{"taxonomy":"product_tag","embeddable":true,"href":"https:\/\/kingarms.ee\/lv\/wp-json\/wp\/v2\/product_tag?post=151240"}],"curies":[{"name":"wp","href":"https:\/\/api.w.org\/{rel}","templated":true}]}}