{"id":151242,"date":"2022-05-10T13:54:00","date_gmt":"2025-06-28T14:30:02","guid":{"rendered":"https:\/\/kingarms.ee\/product\/goggle-grozamie-klipsi-36mm-tan\/"},"modified":"2025-06-28T17:30:02","modified_gmt":"2025-06-28T14:30:02","slug":"goggle-grozamie-klipsi-36mm-tan","status":"publish","type":"product","link":"https:\/\/kingarms.ee\/lv\/product\/goggle-grozamie-klipsi-36mm-tan\/","title":{"rendered":"Goggle groz\u0101mie klip\u0161i 36mm Tan"},"content":{"rendered":"","protected":false},"excerpt":{"rendered":"<p>Goggle groz\u0101mie klip\u0161i 36mm Tan<\/p>\n<p>Divu Goggle groz\u0101mo klipu komplekts aizsargbrill\u0113m ar <strong>36 mm <\/strong>joslu. Klipi ir paredz\u0113ti uzst\u0101d\u012b\u0161anai <strong>uz \u0101tr\u0101s<\/strong> tipa \u0137iveres s\u0101nu slied\u0113m. <\/p>\n","protected":false},"featured_media":118790,"template":"","meta":{"_acf_changed":false},"product_brand":[],"product_cat":[1079,1080],"product_tag":[],"class_list":{"0":"post-151242","1":"product","2":"type-product","3":"status-publish","4":"has-post-thumbnail","6":"product_cat-kivera-stiprinajums","7":"product_cat-kiveres","9":"first","10":"instock","11":"taxable","12":"shipping-taxable","13":"purchasable","14":"product-type-simple"},"acf":[],"_links":{"self":[{"href":"https:\/\/kingarms.ee\/lv\/wp-json\/wp\/v2\/product\/151242","targetHints":{"allow":["GET"]}}],"collection":[{"href":"https:\/\/kingarms.ee\/lv\/wp-json\/wp\/v2\/product"}],"about":[{"href":"https:\/\/kingarms.ee\/lv\/wp-json\/wp\/v2\/types\/product"}],"wp:featuredmedia":[{"embeddable":true,"href":"https:\/\/kingarms.ee\/lv\/wp-json\/wp\/v2\/media\/118790"}],"wp:attachment":[{"href":"https:\/\/kingarms.ee\/lv\/wp-json\/wp\/v2\/media?parent=151242"}],"wp:term":[{"taxonomy":"product_brand","embeddable":true,"href":"https:\/\/kingarms.ee\/lv\/wp-json\/wp\/v2\/product_brand?post=151242"},{"taxonomy":"product_cat","embeddable":true,"href":"https:\/\/kingarms.ee\/lv\/wp-json\/wp\/v2\/product_cat?post=151242"},{"taxonomy":"product_tag","embeddable":true,"href":"https:\/\/kingarms.ee\/lv\/wp-json\/wp\/v2\/product_tag?post=151242"}],"curies":[{"name":"wp","href":"https:\/\/api.w.org\/{rel}","templated":true}]}}