{"id":151243,"date":"2022-05-10T13:52:00","date_gmt":"2025-06-28T14:30:24","guid":{"rendered":"https:\/\/kingarms.ee\/product\/sanu-vaku-komplekts-fast-fg-kiverem\/"},"modified":"2025-06-28T17:30:24","modified_gmt":"2025-06-28T14:30:24","slug":"sanu-vaku-komplekts-fast-fg-kiverem","status":"publish","type":"product","link":"https:\/\/kingarms.ee\/lv\/product\/sanu-vaku-komplekts-fast-fg-kiverem\/","title":{"rendered":"S\u0101nu v\u0101ku komplekts FAST-FG \u0137iver\u0113m"},"content":{"rendered":"","protected":false},"excerpt":{"rendered":"<div id=\" component_projector_longdescription_not \" class=\"projector_longdescription cm\">\n<p>S\u0101nu (vaiga) komplekts aptver kopijas, kas paredz\u0113tas uzst\u0101d\u012bt uz \u0101tr\u0101m \u0137iver\u0113m, lai nodro\u0161in\u0101tu papildu aizsardz\u012bbu lietot\u0101ja sejai. P\u0101rvalku uzst\u0101d\u012b\u0161ana ir iesp\u0113jama p\u0113c \u0101tr\u0101s \u0137iveres mont\u0101\u017eas sliedes komplekta (TB-290) lieto\u0161anas, kas pieejams atsevi\u0161\u0137i <\/p>\n<\/div>\n<div id=\"component_projector_cms\" class=\"component_projector_cms cm\">\n<div class=\"n56196_main\">\n<div class=\"n56196_sub\">\n<p>Produkts neveido ballistisko aizsardz\u012bbu un tam nav citu aizsarg\u0101jo\u0161u \u012bpa\u0161\u012bbu. Tas nav paredz\u0113ts izmanto\u0161anai aizsardz\u012bbas nol\u016bkos, tostarp taktisko\/kara\/ASG sp\u0113\u013cu laik\u0101. <\/p>\n<p>Produkta izmanto\u0161ana ballistiskai aizsardz\u012bbai un\/vai citiem aizsardz\u012bbas m\u0113r\u0137iem, ieskaitot izmanto\u0161anu taktisko\/kara \/ ASG sp\u0113\u013cu laik\u0101, ir produkta lieto\u0161ana pret\u0113ji paredz\u0113tajam lietojumam, un t\u0101d\u0101 gad\u012bjum\u0101 pirc\u0113js to dara tikai uz savu risku.<\/p>\n<\/div>\n<\/div>\n<\/div>\n","protected":false},"featured_media":118786,"template":"","meta":{"_acf_changed":false},"product_brand":[],"product_cat":[1087,1079,1080],"product_tag":[],"class_list":{"0":"post-151243","1":"product","2":"type-product","3":"status-publish","4":"has-post-thumbnail","6":"product_cat-aprikojums","7":"product_cat-kivera-stiprinajums","8":"product_cat-kiveres","10":"first","11":"instock","12":"taxable","13":"shipping-taxable","14":"purchasable","15":"product-type-simple"},"acf":[],"_links":{"self":[{"href":"https:\/\/kingarms.ee\/lv\/wp-json\/wp\/v2\/product\/151243","targetHints":{"allow":["GET"]}}],"collection":[{"href":"https:\/\/kingarms.ee\/lv\/wp-json\/wp\/v2\/product"}],"about":[{"href":"https:\/\/kingarms.ee\/lv\/wp-json\/wp\/v2\/types\/product"}],"wp:featuredmedia":[{"embeddable":true,"href":"https:\/\/kingarms.ee\/lv\/wp-json\/wp\/v2\/media\/118786"}],"wp:attachment":[{"href":"https:\/\/kingarms.ee\/lv\/wp-json\/wp\/v2\/media?parent=151243"}],"wp:term":[{"taxonomy":"product_brand","embeddable":true,"href":"https:\/\/kingarms.ee\/lv\/wp-json\/wp\/v2\/product_brand?post=151243"},{"taxonomy":"product_cat","embeddable":true,"href":"https:\/\/kingarms.ee\/lv\/wp-json\/wp\/v2\/product_cat?post=151243"},{"taxonomy":"product_tag","embeddable":true,"href":"https:\/\/kingarms.ee\/lv\/wp-json\/wp\/v2\/product_tag?post=151243"}],"curies":[{"name":"wp","href":"https:\/\/api.w.org\/{rel}","templated":true}]}}