{"id":151244,"date":"2022-05-10T13:42:00","date_gmt":"2025-06-28T14:32:55","guid":{"rendered":"https:\/\/kingarms.ee\/product\/aizsargbrilles-kas-aptver-lietu\/"},"modified":"2025-06-28T17:32:55","modified_gmt":"2025-06-28T14:32:55","slug":"aizsargbrilles-kas-aptver-lietu","status":"publish","type":"product","link":"https:\/\/kingarms.ee\/lv\/product\/aizsargbrilles-kas-aptver-lietu\/","title":{"rendered":"Aizsargbrilles, kas aptver lietu"},"content":{"rendered":"","protected":false},"excerpt":{"rendered":"<p>Brilles melnais korpuss ir aizv\u0113rts ar velcro un ir paredz\u0113ts taktisko brilles n\u0113s\u0101\u0161anai un tur\u0113\u0161anai. Tas ir izgatavots no poliestera un sl\u0101\u0146ots ar sint\u0113tisku zam\u0161\u0101du, kas nodro\u0161ina l\u0113cas no skr\u0101p\u0113jumiem. Korpusa piestiprin\u0101\u0161ana pie jostas, maisa jostas vai jebkura cita priek\u0161meta tiek garant\u0113ta ar cilpu, kas uz\u0161\u016bta korpusa aizmugur\u0113.  <\/p>\n","protected":false},"featured_media":118774,"template":"","meta":{"_acf_changed":false},"product_brand":[],"product_cat":[1085,1084],"product_tag":[],"class_list":{"0":"post-151244","1":"product","2":"type-product","3":"status-publish","4":"has-post-thumbnail","6":"product_cat-airsoft-brilles","7":"product_cat-ballistiskas-brilles","9":"first","10":"instock","11":"taxable","12":"shipping-taxable","13":"purchasable","14":"product-type-simple"},"acf":[],"_links":{"self":[{"href":"https:\/\/kingarms.ee\/lv\/wp-json\/wp\/v2\/product\/151244","targetHints":{"allow":["GET"]}}],"collection":[{"href":"https:\/\/kingarms.ee\/lv\/wp-json\/wp\/v2\/product"}],"about":[{"href":"https:\/\/kingarms.ee\/lv\/wp-json\/wp\/v2\/types\/product"}],"wp:featuredmedia":[{"embeddable":true,"href":"https:\/\/kingarms.ee\/lv\/wp-json\/wp\/v2\/media\/118774"}],"wp:attachment":[{"href":"https:\/\/kingarms.ee\/lv\/wp-json\/wp\/v2\/media?parent=151244"}],"wp:term":[{"taxonomy":"product_brand","embeddable":true,"href":"https:\/\/kingarms.ee\/lv\/wp-json\/wp\/v2\/product_brand?post=151244"},{"taxonomy":"product_cat","embeddable":true,"href":"https:\/\/kingarms.ee\/lv\/wp-json\/wp\/v2\/product_cat?post=151244"},{"taxonomy":"product_tag","embeddable":true,"href":"https:\/\/kingarms.ee\/lv\/wp-json\/wp\/v2\/product_tag?post=151244"}],"curies":[{"name":"wp","href":"https:\/\/api.w.org\/{rel}","templated":true}]}}