{"id":151245,"date":"2022-05-10T13:49:00","date_gmt":"2022-05-10T10:49:00","guid":{"rendered":"https:\/\/kingarms.ee\/product\/daudzprocesoru-vilnu-ladetajs\/"},"modified":"2025-06-28T17:32:56","modified_gmt":"2025-06-28T14:32:56","slug":"daudzprocesoru-vilnu-ladetajs","status":"publish","type":"product","link":"https:\/\/kingarms.ee\/lv\/product\/daudzprocesoru-vilnu-ladetajs\/","title":{"rendered":"Daudzprocesoru Vi\u013c\u0146u L\u0101d\u0113t\u0101js"},"content":{"rendered":"","protected":false},"excerpt":{"rendered":"<p>Daudzprocesoru Vi\u013c\u0146u L\u0101d\u0113t\u0101js<\/p>\n<p><span lang=\"EN-GB\">Electro River\u2122 ir<strong> jauna kvalit\u0101te<\/strong> elektroapg\u0101des tirg\u016b. Ra\u017eot\u0101js ir izvirz\u012bjis sev m\u0113r\u0137i rad\u012bt produktu, kura <strong>kvalit\u0101te atbilst pat lab\u0101kajiem sp\u0113l\u0113t\u0101jiem<\/strong> bateriju tirg\u016b, vienlaikus saglab\u0101jot  <span class=\"apple-converted-space\"> <\/span><strong>pievilc\u012bga cena<\/strong>. Electro River\u2122 m\u0113\u0123ina apmierin\u0101t sp\u0113l\u0113t\u0101ju vajadz\u012bbas. Z\u012bmola pied\u0101v\u0101jum\u0101 ietilpst efekt\u012bvi <span class=\"SpellE\">LiPo<\/span> iepakojumi daudzos veidos un izm\u0113ros, mikroprocesoru l\u0101d\u0113t\u0101ji un piederumi.  <\/span><\/p>\n<p><span lang=\"EN-GB\">Katra upe <strong>s\u0101k savu gaitu no avota<\/strong>. Tie\u0161i t\u0101ds pats k\u0101 Electro River akumulators, kas nevar\u0113s efekt\u012bvi darboties bez str\u0101vas avota, kas ir L\u0101d\u0113t\u0101js. Jauns, daudzfunkcion\u0101ls Wave\u2122 mikroprocesoru l\u0101d\u0113t\u0101js \u013caus efekt\u012bvi uzl\u0101d\u0113t \/ izl\u0101d\u0113t <strong>visu veidu \u0161\u016bnas,<\/strong> kas pieejamas tirg\u016b, pied\u0101v\u0101jot  <span class=\"apple-converted-space\"> <\/span><strong> pla\u0161s konfigur\u0101cijas kl\u0101sts<\/strong><span class=\"apple-converted-space\"> <\/span> darba re\u017e\u012bmu un <strong>maksim\u0101lu dro\u0161\u012bbu<\/strong><span class=\"apple-converted-space\"> <\/span> par akumulatoru un lietot\u0101ju. L\u0101d\u0113t\u0101jam ir <strong>ieb\u016bv\u0113ts baro\u0161anas avots<\/strong> un balans\u0113t\u0101js, un tas ir rakstur\u012bgs \u013coti  <span class=\"apple-converted-space\"> <\/span><strong>intuit\u012bva darb\u012bba.<\/strong><\/span><\/p>\n<p><strong><span lang=\"EN-GB\">L\u0101d\u0113t\u0101ja Specifik\u0101cija:<\/span><\/strong><\/p>\n<p><span lang=\"EN-GB\">Ieejas spriegums: 11-18V (DC) \/ 100 &#8211; 240V (AC)<br \/>\nUzl\u0101des Spriegums: 0,1-6,0 A<br \/>\nMaksim\u0101lais uzl\u0101des \u0101trums: 80W<br \/>\nIzl\u0101des Spriegums: 0.1-2.0 A<br \/>\nMaksim\u0101lais izl\u0101des \u0101trums: 10W<br \/>\nBalans\u0113\u0161anas str\u0101va: maks. 300 <span class=\"SpellE\">mAh<\/span>\/\u0161\u016bna<br \/>\nPiem\u0113rojamie akumulatoru veidi: Ni-MH \/ Ni-Cd: 1-15 \u0161\u016bnas \/<span class=\"SpellE\"> LiPo<\/span> \/ <span class=\"SpellE\">LiFe<\/span> \/ <span class=\"SpellE\">LiIon<\/span>: 1-6 \u0161\u016bnas<br \/>\n<span class=\"SpellE\">Pb <\/span>Akumulatora spriegums: 2-20V<\/span><\/p>\n<p><strong><span lang=\"EN-GB\">Komplekt\u0101 ietilpst:<\/span><\/strong><\/p>\n<p><span lang=\"EN-GB\">&#8211; l\u0101d\u0113t\u0101js<br \/>\n&#8211; str\u0101vas kabelis<br \/>\n&#8211; 12V DC (Jack) baro\u0161anas kabelis<br \/>\n&#8211; komplekts DEAN \/ Tamiya mazs, DEAN \/ klipi<\/span><\/p>\n","protected":false},"featured_media":118780,"template":"","meta":{"_acf_changed":false},"product_brand":[],"product_cat":[1055],"product_tag":[],"class_list":{"0":"post-151245","1":"product","2":"type-product","3":"status-publish","4":"has-post-thumbnail","6":"product_cat-charargers-ir","8":"first","9":"instock","10":"taxable","11":"shipping-taxable","12":"purchasable","13":"product-type-simple"},"acf":[],"_links":{"self":[{"href":"https:\/\/kingarms.ee\/lv\/wp-json\/wp\/v2\/product\/151245","targetHints":{"allow":["GET"]}}],"collection":[{"href":"https:\/\/kingarms.ee\/lv\/wp-json\/wp\/v2\/product"}],"about":[{"href":"https:\/\/kingarms.ee\/lv\/wp-json\/wp\/v2\/types\/product"}],"wp:featuredmedia":[{"embeddable":true,"href":"https:\/\/kingarms.ee\/lv\/wp-json\/wp\/v2\/media\/118780"}],"wp:attachment":[{"href":"https:\/\/kingarms.ee\/lv\/wp-json\/wp\/v2\/media?parent=151245"}],"wp:term":[{"taxonomy":"product_brand","embeddable":true,"href":"https:\/\/kingarms.ee\/lv\/wp-json\/wp\/v2\/product_brand?post=151245"},{"taxonomy":"product_cat","embeddable":true,"href":"https:\/\/kingarms.ee\/lv\/wp-json\/wp\/v2\/product_cat?post=151245"},{"taxonomy":"product_tag","embeddable":true,"href":"https:\/\/kingarms.ee\/lv\/wp-json\/wp\/v2\/product_tag?post=151245"}],"curies":[{"name":"wp","href":"https:\/\/api.w.org\/{rel}","templated":true}]}}