{"id":151246,"date":"2022-05-10T12:52:00","date_gmt":"2025-06-28T14:33:11","guid":{"rendered":"https:\/\/kingarms.ee\/product\/ess-tactical-xt-aizsargbrilles\/"},"modified":"2025-06-28T17:33:11","modified_gmt":"2025-06-28T14:33:11","slug":"ess-tactical-xt-aizsargbrilles","status":"publish","type":"product","link":"https:\/\/kingarms.ee\/lv\/product\/ess-tactical-xt-aizsargbrilles\/","title":{"rendered":"ESS TACTICAL XT aizsargbrilles"},"content":{"rendered":"","protected":false},"excerpt":{"rendered":"<p><strong><em>Tactical XT<\/em><\/strong> ir augstas veiktsp\u0113jas, ekonomisks aizsargbrilles, kas \u012bpa\u0161i paredz\u0113tas taktisk\u0101m oper\u0101cij\u0101m.<\/p>\n<p>2,6 mm augstas trieciena objekt\u012bvi nodro\u0161ina uzticamu aizsardz\u012bbu pret triecieniem, un 40 mm siksnai ir slaidi \u0113rtai siksnas regul\u0113\u0161anai.<\/p>\n<p>Ietilp\u012bgs <strong><em>streikot\u0101js<\/em><\/strong> r\u0101mis ir paredz\u0113ts, lai ietilptu vair\u0101k nek\u0101 liel\u0101k\u0101 da\u013ca brilles.<\/p>\n<p>Visi <strong><em>Striker<\/em><\/strong> <strong><em>s\u0113rijas<\/em><\/strong> objekt\u012bvi nodro\u0161ina 100% UVA\/UVB aizsardz\u012bbu un optisko skaidr\u012bbu bez trauc\u0113jumiem.<\/p>\n","protected":false},"featured_media":118770,"template":"","meta":{"_acf_changed":false},"product_brand":[],"product_cat":[1084],"product_tag":[],"class_list":{"0":"post-151246","1":"product","2":"type-product","3":"status-publish","4":"has-post-thumbnail","6":"product_cat-ballistiskas-brilles","8":"first","9":"instock","10":"sale","11":"taxable","12":"shipping-taxable","13":"purchasable","14":"product-type-simple"},"acf":[],"_links":{"self":[{"href":"https:\/\/kingarms.ee\/lv\/wp-json\/wp\/v2\/product\/151246","targetHints":{"allow":["GET"]}}],"collection":[{"href":"https:\/\/kingarms.ee\/lv\/wp-json\/wp\/v2\/product"}],"about":[{"href":"https:\/\/kingarms.ee\/lv\/wp-json\/wp\/v2\/types\/product"}],"wp:featuredmedia":[{"embeddable":true,"href":"https:\/\/kingarms.ee\/lv\/wp-json\/wp\/v2\/media\/118770"}],"wp:attachment":[{"href":"https:\/\/kingarms.ee\/lv\/wp-json\/wp\/v2\/media?parent=151246"}],"wp:term":[{"taxonomy":"product_brand","embeddable":true,"href":"https:\/\/kingarms.ee\/lv\/wp-json\/wp\/v2\/product_brand?post=151246"},{"taxonomy":"product_cat","embeddable":true,"href":"https:\/\/kingarms.ee\/lv\/wp-json\/wp\/v2\/product_cat?post=151246"},{"taxonomy":"product_tag","embeddable":true,"href":"https:\/\/kingarms.ee\/lv\/wp-json\/wp\/v2\/product_tag?post=151246"}],"curies":[{"name":"wp","href":"https:\/\/api.w.org\/{rel}","templated":true}]}}