{"id":151250,"date":"2022-05-08T14:13:25","date_gmt":"2025-06-28T14:36:00","guid":{"rendered":"https:\/\/kingarms.ee\/product\/ak47-kalasnikovs\/"},"modified":"2025-06-28T17:36:00","modified_gmt":"2025-06-28T14:36:00","slug":"ak47-kalasnikovs","status":"publish","type":"product","link":"https:\/\/kingarms.ee\/lv\/product\/ak47-kalasnikovs\/","title":{"rendered":"AK47 (Kala\u0161\u0146ikovs)"},"content":{"rendered":"<p>&nbsp;<\/p>\n<p><img loading=\"lazy\" decoding=\"async\" class=\"alignnone size-medium wp-image-48117\" src=\"https:\/\/kingarms.ee\/wp-content\/uploads\/2022\/05\/RPKS74AEG-300x300.jpeg\" alt=\"\" width=\"300\" height=\"300\" srcset=\"https:\/\/kingarms.ee\/wp-content\/uploads\/2022\/05\/RPKS74AEG-300x300.jpeg 300w, https:\/\/kingarms.ee\/wp-content\/uploads\/2022\/05\/RPKS74AEG-150x150.jpeg 150w, https:\/\/kingarms.ee\/wp-content\/uploads\/2022\/05\/RPKS74AEG-768x768.jpeg 768w, https:\/\/kingarms.ee\/wp-content\/uploads\/2022\/05\/RPKS74AEG-500x500.jpeg 500w, https:\/\/kingarms.ee\/wp-content\/uploads\/2022\/05\/RPKS74AEG.jpeg 1000w\" sizes=\"auto, (max-width: 300px) 100vw, 300px\" \/><\/p>\n","protected":false},"excerpt":{"rendered":"<p>Slaven\u0101s AK47 \u0161autenes gaisa \u0161autenes kopija. T\u0101s t\u0113rauda korpuss un koka roku aizsargs un kr\u0101jums padara \u0161o reprodukciju \u0101rk\u0101rt\u012bgi re\u0101listisku. \u0160\u012b \u0161autene iz\u0161auj 4,5 mm t\u0113rauda granulas, un to darbina Co2.  <\/p>\n<p>Kalashnikov licence<br \/>\nKr\u0101sa melna, koka<br \/>\nKalibrs 4,5 mm<br \/>\nForce Co2<br \/>\nPistoles svars (kg) 3.7<br \/>\nJauda (d\u017eoulos) 3.2<br \/>\nFotograf\u0113\u0161anas re\u017e\u012bms Semi auto<br \/>\nMateri\u0101li t\u0113rauds un koks<br \/>\nPistoles Garums (mm) 880<br \/>\nPapl\u0101tes ietilp\u012bba 17 bumbi\u0146as<\/p>\n","protected":false},"featured_media":118710,"template":"","meta":{"_acf_changed":false},"product_brand":[],"product_cat":[1004,1006],"product_tag":[],"class_list":{"0":"post-151250","1":"product","2":"type-product","3":"status-publish","4":"has-post-thumbnail","6":"product_cat-lidmasinas","7":"product_cat-tirdzniecibas-automati-lv","9":"first","10":"outofstock","11":"sale","12":"taxable","13":"shipping-taxable","14":"purchasable","15":"product-type-simple"},"acf":[],"_links":{"self":[{"href":"https:\/\/kingarms.ee\/lv\/wp-json\/wp\/v2\/product\/151250","targetHints":{"allow":["GET"]}}],"collection":[{"href":"https:\/\/kingarms.ee\/lv\/wp-json\/wp\/v2\/product"}],"about":[{"href":"https:\/\/kingarms.ee\/lv\/wp-json\/wp\/v2\/types\/product"}],"wp:featuredmedia":[{"embeddable":true,"href":"https:\/\/kingarms.ee\/lv\/wp-json\/wp\/v2\/media\/118710"}],"wp:attachment":[{"href":"https:\/\/kingarms.ee\/lv\/wp-json\/wp\/v2\/media?parent=151250"}],"wp:term":[{"taxonomy":"product_brand","embeddable":true,"href":"https:\/\/kingarms.ee\/lv\/wp-json\/wp\/v2\/product_brand?post=151250"},{"taxonomy":"product_cat","embeddable":true,"href":"https:\/\/kingarms.ee\/lv\/wp-json\/wp\/v2\/product_cat?post=151250"},{"taxonomy":"product_tag","embeddable":true,"href":"https:\/\/kingarms.ee\/lv\/wp-json\/wp\/v2\/product_tag?post=151250"}],"curies":[{"name":"wp","href":"https:\/\/api.w.org\/{rel}","templated":true}]}}