{"id":151257,"date":"2022-04-28T15:06:02","date_gmt":"2025-06-28T14:45:55","guid":{"rendered":"https:\/\/kingarms.ee\/product\/js-taktiskais-kaujas-uzvalks-js-warrior-multicam\/"},"modified":"2025-06-28T17:45:55","modified_gmt":"2025-06-28T14:45:55","slug":"js-taktiskais-kaujas-uzvalks-js-warrior-multicam","status":"publish","type":"product","link":"https:\/\/kingarms.ee\/lv\/product\/js-taktiskais-kaujas-uzvalks-js-warrior-multicam\/","title":{"rendered":"JS-TAKTISKAIS KAUJAS UZVALKS JS-WARRIOR MULTICAM"},"content":{"rendered":"","protected":false},"excerpt":{"rendered":"<p>Kaujas uzvalks js-karav\u012brs<br \/>\nPoliesteris un kokvilna<br \/>\nMazs izm\u0113rs<br \/>\nMulticam kr\u0101sa<\/p>\n<p>Krekls:<br \/>\nStiepjams materi\u0101ls<br \/>\nNo\u0146emami elko\u0146u aizsargi<br \/>\n1x velcro sl\u0113g\u0161ana kabata un \u0100r\u0113jais \u0101\u0137is &amp; amp;cilpa uz katras rokas 155mm x 140mm<br \/>\nRegul\u0113jamas aproces ar velcro<\/p>\n<p>Bikses:<br \/>\nZip un velcro sl\u0113g\u0161ana<br \/>\nNo\u0146emami ce\u013cgalu spilventi\u0146i<br \/>\n2x priek\u0161\u0113j\u0101s liel\u0101s kabatas ar regul\u0113jamu ce\u013ca augstumu<br \/>\n2x priek\u0161\u0113j\u0101s maz\u0101s kabatas ar velcro aizdari 140mm x 100mm<br \/>\n2x aizmugur\u0113j\u0101s maz\u0101s kabatas ar velcro aizdari<br \/>\n2x aizmugur\u0113j\u0101s liel\u0101s kabatas ar velcro aizdari 195mm x 220mm<br \/>\n2x s\u0101nu mazas kabatas ar velcro aizdari 155mm x 110mm<br \/>\nRegul\u0113jams ce\u013ca platums ar velcro<br \/>\nRegul\u0113jams pot\u012btes platums ar velcro<\/p>\n","protected":false},"featured_media":118582,"template":"","meta":{"_acf_changed":false},"product_brand":[],"product_cat":[1073],"product_tag":[],"class_list":{"0":"post-151257","1":"product","2":"type-product","3":"status-publish","4":"has-post-thumbnail","6":"product_cat-kopas","8":"first","9":"instock","10":"taxable","11":"shipping-taxable","12":"purchasable","13":"product-type-variable"},"acf":[],"_links":{"self":[{"href":"https:\/\/kingarms.ee\/lv\/wp-json\/wp\/v2\/product\/151257","targetHints":{"allow":["GET"]}}],"collection":[{"href":"https:\/\/kingarms.ee\/lv\/wp-json\/wp\/v2\/product"}],"about":[{"href":"https:\/\/kingarms.ee\/lv\/wp-json\/wp\/v2\/types\/product"}],"wp:featuredmedia":[{"embeddable":true,"href":"https:\/\/kingarms.ee\/lv\/wp-json\/wp\/v2\/media\/118582"}],"wp:attachment":[{"href":"https:\/\/kingarms.ee\/lv\/wp-json\/wp\/v2\/media?parent=151257"}],"wp:term":[{"taxonomy":"product_brand","embeddable":true,"href":"https:\/\/kingarms.ee\/lv\/wp-json\/wp\/v2\/product_brand?post=151257"},{"taxonomy":"product_cat","embeddable":true,"href":"https:\/\/kingarms.ee\/lv\/wp-json\/wp\/v2\/product_cat?post=151257"},{"taxonomy":"product_tag","embeddable":true,"href":"https:\/\/kingarms.ee\/lv\/wp-json\/wp\/v2\/product_tag?post=151257"}],"curies":[{"name":"wp","href":"https:\/\/api.w.org\/{rel}","templated":true}]}}