{"id":151261,"date":"2022-04-26T13:17:59","date_gmt":"2025-06-28T14:48:00","guid":{"rendered":"https:\/\/kingarms.ee\/product\/cm-507-cyma\/"},"modified":"2025-06-28T17:48:00","modified_gmt":"2025-06-28T14:48:00","slug":"cm-507-cyma","status":"publish","type":"product","link":"https:\/\/kingarms.ee\/lv\/product\/cm-507-cyma\/","title":{"rendered":"CM.507 [CYMA]"},"content":{"rendered":"","protected":false},"excerpt":{"rendered":"<p>CM.507 [CYMA]<\/p>\n<p>Svars: 1960 g<br \/>\nKr\u0101sa: melna<br \/>\nMateri\u0101ls: t\u0113rauds, alum\u012bnijs, ABS<br \/>\nUguns re\u017e\u012bms: viens, auto<br \/>\n\u017durn\u0101la modelis: hi-cap<br \/>\n\u017durn\u0101la materi\u0101ls: ABS<br \/>\nKomplekt\u0101 iek\u013cauts akumulators: j\u0101<br \/>\nAkumulatora tips: kubs<br \/>\nAkumulatora tips: NiMH<br \/>\nAkumulatora savienot\u0101ja tips: Mazs Tamiya<br \/>\nAkumulatora \u0161\u016bnas Tips: mini<br \/>\nP\u0101rnesumk\u0101rbas versija: v. 2<br \/>\nGult\u0146i Tips: t\u0113rauda b\u012bd\u0101m\u0101s<br \/>\nGult\u0146u diametrs: 8 mm<br \/>\nMucas V\u012btnes tips: pret\u0113ji pulkste\u0146r\u0101d\u012bt\u0101ja virzienam<br \/>\nMun\u012bciju: .25g, .23g<br \/>\nGarums: 795 mm<br \/>\n\u017durn\u0101la ietilp\u012bba: 300 BBs<br \/>\nAkumulatora spriegums V: 8,4<br \/>\n\u017durn\u0101la ietilp\u012bba: 300 BBs<br \/>\nIek\u0161\u0113j\u0101s mucas garums: 380 mm<br \/>\nPurna ener\u0123ija: 1,34 &#8211; 1,49 J<br \/>\nPurna \u0101trums fps: 380-400<br \/>\nMucas V\u012btnes diametrs mm: 14<br \/>\nIek\u0161\u0113j\u0101s mucas diametrs: 6.03 mm<\/p>\n","protected":false},"featured_media":117313,"template":"","meta":{"_acf_changed":false},"product_brand":[],"product_cat":[1001],"product_tag":[1317],"class_list":{"0":"post-151261","1":"product","2":"type-product","3":"status-publish","4":"has-post-thumbnail","6":"product_cat-tirdzniecibas-automati","7":"product_tag-4blss3ph-lv","9":"first","10":"instock","11":"purchasable","12":"product-type-simple"},"acf":[],"_links":{"self":[{"href":"https:\/\/kingarms.ee\/lv\/wp-json\/wp\/v2\/product\/151261","targetHints":{"allow":["GET"]}}],"collection":[{"href":"https:\/\/kingarms.ee\/lv\/wp-json\/wp\/v2\/product"}],"about":[{"href":"https:\/\/kingarms.ee\/lv\/wp-json\/wp\/v2\/types\/product"}],"wp:featuredmedia":[{"embeddable":true,"href":"https:\/\/kingarms.ee\/lv\/wp-json\/wp\/v2\/media\/117313"}],"wp:attachment":[{"href":"https:\/\/kingarms.ee\/lv\/wp-json\/wp\/v2\/media?parent=151261"}],"wp:term":[{"taxonomy":"product_brand","embeddable":true,"href":"https:\/\/kingarms.ee\/lv\/wp-json\/wp\/v2\/product_brand?post=151261"},{"taxonomy":"product_cat","embeddable":true,"href":"https:\/\/kingarms.ee\/lv\/wp-json\/wp\/v2\/product_cat?post=151261"},{"taxonomy":"product_tag","embeddable":true,"href":"https:\/\/kingarms.ee\/lv\/wp-json\/wp\/v2\/product_tag?post=151261"}],"curies":[{"name":"wp","href":"https:\/\/api.w.org\/{rel}","templated":true}]}}