{"id":151265,"date":"2022-04-26T13:17:45","date_gmt":"2025-06-28T14:49:15","guid":{"rendered":"https:\/\/kingarms.ee\/product\/saliekams-dump-maisins-multicam-lauki\/"},"modified":"2025-06-28T17:49:15","modified_gmt":"2025-06-28T14:49:15","slug":"saliekams-dump-maisins-multicam-lauki","status":"publish","type":"product","link":"https:\/\/kingarms.ee\/lv\/product\/saliekams-dump-maisins-multicam-lauki\/","title":{"rendered":"SALIEKAMS DUMP MAISI\u0145\u0160 MULTICAM LAUKI"},"content":{"rendered":"","protected":false},"excerpt":{"rendered":"<p>SALIEKAMS DUMP MAISI\u0145\u0160 MULTICAM LAUKI<\/p>\n<p>Dump maisi\u0146\u0161 tiek izmantots, lai uzglab\u0101tu tuk\u0161us \u017eurn\u0101lus, bise \u010daulas vai mun\u012bciju. Var piestiprin\u0101t pie MOLLE \/ PALS siksnas, uz de\u017e\u016bras jostas, k\u0101 aug\u0161stilba platformas vai uz vestes. <\/p>\n<p>Maisi\u0146\u0161 n\u0101k no jaun\u0101s FIELDS produktu l\u012bnijas, kas tika izgatavota, izmantojot augst\u0101k\u0101s kvalit\u0101tes CORDURA\u00ae 500D materi\u0101lu un YKK\u00ae r\u0101v\u0113jsl\u0113dz\u0113jus. MultiCam\u00ae materi\u0101li tiek import\u0113ti no ASV. <\/p>\n<p>CORDURA ir m\u016bsdien\u012bgs materi\u0101ls, kas ir \u013coti iztur\u012bgs, iztur\u012bgs pret nodilumu un pl\u012bsumiem, ir \u013coti viegls un taj\u0101 pa\u0161\u0101 laik\u0101 \u016bdensnecaurlaid\u012bgs.<\/p>\n","protected":false},"featured_media":117533,"template":"","meta":{"_acf_changed":false},"product_brand":[],"product_cat":[1098,1100],"product_tag":[],"class_list":{"0":"post-151265","1":"product","2":"type-product","3":"status-publish","4":"has-post-thumbnail","6":"product_cat-maisini-somas-un-siksnas","7":"product_cat-uzglabasanas-kabatas","9":"first","10":"instock","11":"purchasable","12":"product-type-simple"},"acf":[],"_links":{"self":[{"href":"https:\/\/kingarms.ee\/lv\/wp-json\/wp\/v2\/product\/151265","targetHints":{"allow":["GET"]}}],"collection":[{"href":"https:\/\/kingarms.ee\/lv\/wp-json\/wp\/v2\/product"}],"about":[{"href":"https:\/\/kingarms.ee\/lv\/wp-json\/wp\/v2\/types\/product"}],"wp:featuredmedia":[{"embeddable":true,"href":"https:\/\/kingarms.ee\/lv\/wp-json\/wp\/v2\/media\/117533"}],"wp:attachment":[{"href":"https:\/\/kingarms.ee\/lv\/wp-json\/wp\/v2\/media?parent=151265"}],"wp:term":[{"taxonomy":"product_brand","embeddable":true,"href":"https:\/\/kingarms.ee\/lv\/wp-json\/wp\/v2\/product_brand?post=151265"},{"taxonomy":"product_cat","embeddable":true,"href":"https:\/\/kingarms.ee\/lv\/wp-json\/wp\/v2\/product_cat?post=151265"},{"taxonomy":"product_tag","embeddable":true,"href":"https:\/\/kingarms.ee\/lv\/wp-json\/wp\/v2\/product_tag?post=151265"}],"curies":[{"name":"wp","href":"https:\/\/api.w.org\/{rel}","templated":true}]}}