{"id":151267,"date":"2022-04-25T12:55:07","date_gmt":"2025-06-28T14:49:36","guid":{"rendered":"https:\/\/kingarms.ee\/product\/legends-kovboju-sautene-4-5-mm-zila\/"},"modified":"2025-06-28T17:49:36","modified_gmt":"2025-06-28T14:49:36","slug":"legends-kovboju-sautene-4-5-mm-zila","status":"publish","type":"product","link":"https:\/\/kingarms.ee\/lv\/product\/legends-kovboju-sautene-4-5-mm-zila\/","title":{"rendered":"Legends kovboju \u0161autene 4.5 mm Zila"},"content":{"rendered":"","protected":false},"excerpt":{"rendered":"<p>Legends kovboju \u0161autene 4.5 mm Zila<\/p>\n<p>K\u0101rtrid\u017ea kin\u0113tisk\u0101 ener\u0123ija [J] 7.5<br \/>\nKalibrs [mm] 4.46 mm<br \/>\nAtp\u016btas precizit\u0101tes klase<br \/>\n\u017durn\u0101la ietilp\u012bba [gab.] 10<br \/>\nS\u0101kotn\u0113jais \u0101trums [m\/s] 180<br \/>\nBB \u0161\u0101viena veids<br \/>\nDro\u0161\u012bbas funkcijas:<br \/>\nDro\u0161in\u0101t\u0101ju skaits 1<br \/>\nAizsardz\u012bbas veids regul\u0113jams dro\u0161in\u0101t\u0101js<br \/>\nBaro\u0161ana:<br \/>\nKadru skaits no baro\u0161anas bloka 120<br \/>\nBaro\u0161anas avota tips CO2 12 g<br \/>\nPapildinform\u0101cija<br \/>\nKr\u0101sa: Zelts, br\u016bns<br \/>\nDimensija:<br \/>\nKop\u0113jais garums [mm] 966<br \/>\nSvars [g] 2526<\/p>\n","protected":false},"featured_media":117143,"template":"","meta":{"_acf_changed":false},"product_brand":[],"product_cat":[1004],"product_tag":[],"class_list":{"0":"post-151267","1":"product","2":"type-product","3":"status-publish","4":"has-post-thumbnail","6":"product_cat-lidmasinas","8":"first","9":"onbackorder","10":"product-type-simple"},"acf":[],"_links":{"self":[{"href":"https:\/\/kingarms.ee\/lv\/wp-json\/wp\/v2\/product\/151267","targetHints":{"allow":["GET"]}}],"collection":[{"href":"https:\/\/kingarms.ee\/lv\/wp-json\/wp\/v2\/product"}],"about":[{"href":"https:\/\/kingarms.ee\/lv\/wp-json\/wp\/v2\/types\/product"}],"wp:featuredmedia":[{"embeddable":true,"href":"https:\/\/kingarms.ee\/lv\/wp-json\/wp\/v2\/media\/117143"}],"wp:attachment":[{"href":"https:\/\/kingarms.ee\/lv\/wp-json\/wp\/v2\/media?parent=151267"}],"wp:term":[{"taxonomy":"product_brand","embeddable":true,"href":"https:\/\/kingarms.ee\/lv\/wp-json\/wp\/v2\/product_brand?post=151267"},{"taxonomy":"product_cat","embeddable":true,"href":"https:\/\/kingarms.ee\/lv\/wp-json\/wp\/v2\/product_cat?post=151267"},{"taxonomy":"product_tag","embeddable":true,"href":"https:\/\/kingarms.ee\/lv\/wp-json\/wp\/v2\/product_tag?post=151267"}],"curies":[{"name":"wp","href":"https:\/\/api.w.org\/{rel}","templated":true}]}}