{"id":151270,"date":"2022-04-25T12:55:07","date_gmt":"2025-06-28T14:52:05","guid":{"rendered":"https:\/\/kingarms.ee\/product\/legendas-kovboju-sautene-4-5-mm-zelts\/"},"modified":"2025-06-28T17:52:05","modified_gmt":"2025-06-28T14:52:05","slug":"legendas-kovboju-sautene-4-5-mm-zelts","status":"publish","type":"product","link":"https:\/\/kingarms.ee\/lv\/product\/legendas-kovboju-sautene-4-5-mm-zelts\/","title":{"rendered":"Le\u0123endas kovboju \u0161autene 4.5 mm Zelts"},"content":{"rendered":"","protected":false},"excerpt":{"rendered":"<p>Le\u0123endas kovboju \u0161autene 4.5 mm Zelts<\/p>\n<p>K\u0101rtrid\u017ea kin\u0113tisk\u0101 ener\u0123ija [J] 7.5<br \/>\nKalibrs [mm] 4.46 mm<br \/>\nAtp\u016btas precizit\u0101tes klase<br \/>\n\u017durn\u0101la ietilp\u012bba [gab.] 10<br \/>\nS\u0101kotn\u0113jais \u0101trums [m\/s] 180<br \/>\nBB \u0161\u0101viena veids<br \/>\nDro\u0161\u012bbas funkcijas:<br \/>\nDro\u0161in\u0101t\u0101ju skaits 1<br \/>\nAizsardz\u012bbas veids regul\u0113jams dro\u0161in\u0101t\u0101js<br \/>\nBaro\u0161ana:<br \/>\nKadru skaits no baro\u0161anas bloka 120<br \/>\nBaro\u0161anas avota tips CO2 12 g<br \/>\nPapildinform\u0101cija<br \/>\nKr\u0101sa: Zelts, br\u016bns<br \/>\nDimensija:<br \/>\nKop\u0113jais garums [mm] 966<br \/>\nSvars [g] 2526<\/p>\n","protected":false},"featured_media":117155,"template":"","meta":{"_acf_changed":false},"product_brand":[],"product_cat":[1004,1007],"product_tag":[],"class_list":{"0":"post-151270","1":"product","2":"type-product","3":"status-publish","4":"has-post-thumbnail","6":"product_cat-lidmasinas","7":"product_cat-snaipera-pistoles-lv","9":"first","10":"instock","11":"purchasable","12":"product-type-simple"},"acf":[],"_links":{"self":[{"href":"https:\/\/kingarms.ee\/lv\/wp-json\/wp\/v2\/product\/151270","targetHints":{"allow":["GET"]}}],"collection":[{"href":"https:\/\/kingarms.ee\/lv\/wp-json\/wp\/v2\/product"}],"about":[{"href":"https:\/\/kingarms.ee\/lv\/wp-json\/wp\/v2\/types\/product"}],"wp:featuredmedia":[{"embeddable":true,"href":"https:\/\/kingarms.ee\/lv\/wp-json\/wp\/v2\/media\/117155"}],"wp:attachment":[{"href":"https:\/\/kingarms.ee\/lv\/wp-json\/wp\/v2\/media?parent=151270"}],"wp:term":[{"taxonomy":"product_brand","embeddable":true,"href":"https:\/\/kingarms.ee\/lv\/wp-json\/wp\/v2\/product_brand?post=151270"},{"taxonomy":"product_cat","embeddable":true,"href":"https:\/\/kingarms.ee\/lv\/wp-json\/wp\/v2\/product_cat?post=151270"},{"taxonomy":"product_tag","embeddable":true,"href":"https:\/\/kingarms.ee\/lv\/wp-json\/wp\/v2\/product_tag?post=151270"}],"curies":[{"name":"wp","href":"https:\/\/api.w.org\/{rel}","templated":true}]}}