{"id":151271,"date":"2022-04-20T12:39:03","date_gmt":"2025-06-28T14:53:43","guid":{"rendered":"https:\/\/kingarms.ee\/product\/kara-sports-lvoa-c-krytac\/"},"modified":"2025-06-28T17:53:43","modified_gmt":"2025-06-28T14:53:43","slug":"kara-sports-lvoa-c-krytac","status":"publish","type":"product","link":"https:\/\/kingarms.ee\/lv\/product\/kara-sports-lvoa-c-krytac\/","title":{"rendered":"Kara Sports LVOA-C (Krytac)"},"content":{"rendered":"","protected":false},"excerpt":{"rendered":"<p>Tehniskie dati:<\/p>\n<ul>\n<li>Kara Sports LVOA-C (Krytac)<\/li>\n<li>Izpl\u016bdes \u0101trums no 390 FPS\/119 M \/ s l\u012bdz 410 FPS \/ 125 M \/ S<\/li>\n<li>\u0160au\u0161anas \u0101trums 20 + kadri sekund\u0113<\/li>\n<li>Ressiver Materi\u0101ls Alum\u012bnija sakaus\u0113jums<\/li>\n<li>Griestu mala ofici\u0101li licenc\u0113ta LVOA-C Rail<\/li>\n<li>Iek\u0161\u0113j\u0101s caurules garums 387.5 mm<\/li>\n<li>Iek\u0161\u0113j\u0101s caurules diametrs 6.05 mm<\/li>\n<li>\u0100r\u0113j\u0101s caurules garums 368 mm \/ 14.5&#8243;<\/li>\n<li>Caurules v\u012btne 14 mm negat\u012bva<\/li>\n<li>Kop\u0113jais garums 830 mm l\u012bdz 910 mm<\/li>\n<li>Svars 2.8 kg<\/li>\n<li>Augstums 185 mm \/ 7.28&#8243;<\/li>\n<li>Kalibrs 6 mm<\/li>\n<li>Pirmais skats no\u0146emams<\/li>\n<li>Aizmugures skats no\u0146emams<\/li>\n<\/ul>\n","protected":false},"featured_media":117097,"template":"","meta":{"_acf_changed":false},"product_brand":[],"product_cat":[1001],"product_tag":[1317],"class_list":{"0":"post-151271","1":"product","2":"type-product","3":"status-publish","4":"has-post-thumbnail","6":"product_cat-tirdzniecibas-automati","7":"product_tag-4blss3ph-lv","9":"first","10":"outofstock","11":"taxable","12":"shipping-taxable","13":"purchasable","14":"product-type-simple"},"acf":[],"_links":{"self":[{"href":"https:\/\/kingarms.ee\/lv\/wp-json\/wp\/v2\/product\/151271","targetHints":{"allow":["GET"]}}],"collection":[{"href":"https:\/\/kingarms.ee\/lv\/wp-json\/wp\/v2\/product"}],"about":[{"href":"https:\/\/kingarms.ee\/lv\/wp-json\/wp\/v2\/types\/product"}],"wp:featuredmedia":[{"embeddable":true,"href":"https:\/\/kingarms.ee\/lv\/wp-json\/wp\/v2\/media\/117097"}],"wp:attachment":[{"href":"https:\/\/kingarms.ee\/lv\/wp-json\/wp\/v2\/media?parent=151271"}],"wp:term":[{"taxonomy":"product_brand","embeddable":true,"href":"https:\/\/kingarms.ee\/lv\/wp-json\/wp\/v2\/product_brand?post=151271"},{"taxonomy":"product_cat","embeddable":true,"href":"https:\/\/kingarms.ee\/lv\/wp-json\/wp\/v2\/product_cat?post=151271"},{"taxonomy":"product_tag","embeddable":true,"href":"https:\/\/kingarms.ee\/lv\/wp-json\/wp\/v2\/product_tag?post=151271"}],"curies":[{"name":"wp","href":"https:\/\/api.w.org\/{rel}","templated":true}]}}