{"id":151276,"date":"2022-04-16T17:29:10","date_gmt":"2025-06-28T14:54:52","guid":{"rendered":"https:\/\/kingarms.ee\/product\/iekrausanas-stacija-x6-baofeng\/"},"modified":"2025-06-28T17:54:52","modified_gmt":"2025-06-28T14:54:52","slug":"iekrausanas-stacija-x6-baofeng","status":"publish","type":"product","link":"https:\/\/kingarms.ee\/lv\/product\/iekrausanas-stacija-x6-baofeng\/","title":{"rendered":"Iekrau\u0161anas stacija (x6) baofeng"},"content":{"rendered":"<p><img loading=\"lazy\" decoding=\"async\" class=\"alignnone size-medium wp-image-42363\" src=\"https:\/\/kingarms.ee\/wp-content\/uploads\/2022\/04\/715-100-SIX5R-A_06_1024x-300x300.jpeg\" alt=\"\" width=\"300\" height=\"300\" srcset=\"https:\/\/kingarms.ee\/wp-content\/uploads\/2022\/04\/715-100-SIX5R-A_06_1024x-300x300.jpeg 300w, https:\/\/kingarms.ee\/wp-content\/uploads\/2022\/04\/715-100-SIX5R-A_06_1024x.jpeg 1024w, https:\/\/kingarms.ee\/wp-content\/uploads\/2022\/04\/715-100-SIX5R-A_06_1024x-150x150.jpeg 150w, https:\/\/kingarms.ee\/wp-content\/uploads\/2022\/04\/715-100-SIX5R-A_06_1024x-768x768.jpeg 768w, https:\/\/kingarms.ee\/wp-content\/uploads\/2022\/04\/715-100-SIX5R-A_06_1024x-500x500.jpeg 500w\" sizes=\"auto, (max-width: 300px) 100vw, 300px\" \/><\/p>\n","protected":false},"excerpt":{"rendered":"<p>Iekrau\u0161anas stacija (x6) baofeng<\/p>\n<p>BAOFENG se\u0161u virzienu l\u0101d\u0113t\u0101js UV-5R s\u0113rijai<br \/>\nVai esat noguris no tangled l\u0101d\u0113t\u0101jiem un vadiem? \u0160is jaunais vair\u0101ku ier\u012b\u010du l\u0101d\u0113t\u0101js pal\u012bdz ietaup\u012bt vair\u0101k vietas un laika. \u0160is jaukais, t\u012brais se\u0161u vien\u0101 l\u0101d\u0113t\u0101js \u013cauj vienlaikus uzl\u0101d\u0113t 6 radio vai tikai 6 baterijas.  <\/p>\n<p>hil<br \/>\nUV-5R \/ UV-5R + Plus \/ UV-5R 8W<br \/>\nUV-5RA \/ UV-5RE \/ UV-5X<br \/>\nUV-5RHP \/ UV-5RTP<br \/>\nUV-5X3 \/ UV-5RX<br \/>\nBF-F8HP<\/p>\n","protected":false},"featured_media":116563,"template":"","meta":{"_acf_changed":false},"product_brand":[],"product_cat":[1124],"product_tag":[],"class_list":{"0":"post-151276","1":"product","2":"type-product","3":"status-publish","4":"has-post-thumbnail","6":"product_cat-piederumi-lv","8":"first","9":"instock","10":"taxable","11":"shipping-taxable","12":"purchasable","13":"product-type-simple"},"acf":[],"_links":{"self":[{"href":"https:\/\/kingarms.ee\/lv\/wp-json\/wp\/v2\/product\/151276","targetHints":{"allow":["GET"]}}],"collection":[{"href":"https:\/\/kingarms.ee\/lv\/wp-json\/wp\/v2\/product"}],"about":[{"href":"https:\/\/kingarms.ee\/lv\/wp-json\/wp\/v2\/types\/product"}],"wp:featuredmedia":[{"embeddable":true,"href":"https:\/\/kingarms.ee\/lv\/wp-json\/wp\/v2\/media\/116563"}],"wp:attachment":[{"href":"https:\/\/kingarms.ee\/lv\/wp-json\/wp\/v2\/media?parent=151276"}],"wp:term":[{"taxonomy":"product_brand","embeddable":true,"href":"https:\/\/kingarms.ee\/lv\/wp-json\/wp\/v2\/product_brand?post=151276"},{"taxonomy":"product_cat","embeddable":true,"href":"https:\/\/kingarms.ee\/lv\/wp-json\/wp\/v2\/product_cat?post=151276"},{"taxonomy":"product_tag","embeddable":true,"href":"https:\/\/kingarms.ee\/lv\/wp-json\/wp\/v2\/product_tag?post=151276"}],"curies":[{"name":"wp","href":"https:\/\/api.w.org\/{rel}","templated":true}]}}