{"id":151291,"date":"2022-04-11T15:35:52","date_gmt":"2025-06-28T14:56:54","guid":{"rendered":"https:\/\/kingarms.ee\/product\/gorka-uzvalks-koijots\/"},"modified":"2025-06-28T17:56:54","modified_gmt":"2025-06-28T14:56:54","slug":"gorka-uzvalks-koijots","status":"publish","type":"product","link":"https:\/\/kingarms.ee\/lv\/product\/gorka-uzvalks-koijots\/","title":{"rendered":"Gorka Uzvalks Koijots"},"content":{"rendered":"","protected":false},"excerpt":{"rendered":"<p>Gorka Uzvalks Koijots<br \/>\n1 X IEBRUC\u0112JS GEAR TAKTISK\u0100 PILNA VIENOTA GORKA MODELIS.<br \/>\n\u0160\u012b Mask\u0113\u0161an\u0101s, ko izmanto armijas, ir izgatavota no kokvilnas, \u013coti \u0113rta un versatile.It ir daudzas kabatas, ieskaitot 2 uz kr\u016bt\u012bm un 2 uz bik\u0161u cilp\u0101m, lai dotos uz darbu zem formas t\u0113rpa (tiek izmantots ar\u012b un galvenok\u0101rt k\u0101 m\u0113telis).<br \/>\nApr\u012bkots ar elast\u012bgu pie v\u0113dera un jostasvietas, tas ir \u013coti piel\u0101gojams.<br \/>\nPieg\u0101des Svars: 1.4 kg<\/p>\n","protected":false},"featured_media":116459,"template":"","meta":{"_acf_changed":false},"product_brand":[],"product_cat":[1073],"product_tag":[],"class_list":{"0":"post-151291","1":"product","2":"type-product","3":"status-publish","4":"has-post-thumbnail","6":"product_cat-kopas","8":"first","9":"instock","10":"taxable","11":"shipping-taxable","12":"purchasable","13":"product-type-variable","14":"has-default-attributes"},"acf":[],"_links":{"self":[{"href":"https:\/\/kingarms.ee\/lv\/wp-json\/wp\/v2\/product\/151291","targetHints":{"allow":["GET"]}}],"collection":[{"href":"https:\/\/kingarms.ee\/lv\/wp-json\/wp\/v2\/product"}],"about":[{"href":"https:\/\/kingarms.ee\/lv\/wp-json\/wp\/v2\/types\/product"}],"wp:featuredmedia":[{"embeddable":true,"href":"https:\/\/kingarms.ee\/lv\/wp-json\/wp\/v2\/media\/116459"}],"wp:attachment":[{"href":"https:\/\/kingarms.ee\/lv\/wp-json\/wp\/v2\/media?parent=151291"}],"wp:term":[{"taxonomy":"product_brand","embeddable":true,"href":"https:\/\/kingarms.ee\/lv\/wp-json\/wp\/v2\/product_brand?post=151291"},{"taxonomy":"product_cat","embeddable":true,"href":"https:\/\/kingarms.ee\/lv\/wp-json\/wp\/v2\/product_cat?post=151291"},{"taxonomy":"product_tag","embeddable":true,"href":"https:\/\/kingarms.ee\/lv\/wp-json\/wp\/v2\/product_tag?post=151291"}],"curies":[{"name":"wp","href":"https:\/\/api.w.org\/{rel}","templated":true}]}}