{"id":151297,"date":"2022-04-06T00:53:00","date_gmt":"2025-06-28T14:58:33","guid":{"rendered":"https:\/\/kingarms.ee\/product\/atri-bj-kivere-reprodukcija-ranger-zala-em\/"},"modified":"2025-06-28T17:58:33","modified_gmt":"2025-06-28T14:58:33","slug":"atri-bj-kivere-reprodukcija-ranger-zala-em","status":"publish","type":"product","link":"https:\/\/kingarms.ee\/lv\/product\/atri-bj-kivere-reprodukcija-ranger-zala-em\/","title":{"rendered":"\u0100TRI BJ \u0136IVERE REPRODUKCIJA RANGER ZA\u013b\u0100 EM"},"content":{"rendered":"","protected":false},"excerpt":{"rendered":"<p>\u0100TRI BJ \u0136IVERE REPRODUKCIJA RANGER ZA\u013b\u0100 EM<\/p>\n<p>\u0136ivere nodro\u0161ina vieglu un stil\u012bgu dizainu. Laba ventil\u0101cija un superior fit ar \u0113rtiem uzlik\u0101m un milit\u0101r\u0101 stila zoda, padara \u0113rtu un m\u0101j\u012bgs fit. <\/p>\n<p>Piez\u012bme! Max. galvas apk\u0101rtm\u0113rs: 60cm  <\/p>\n","protected":false},"featured_media":116225,"template":"","meta":{"_acf_changed":false},"product_brand":[],"product_cat":[1078,1080],"product_tag":[],"class_list":{"0":"post-151297","1":"product","2":"type-product","3":"status-publish","4":"has-post-thumbnail","6":"product_cat-airsoft-lv-2","7":"product_cat-kiveres","9":"first","10":"instock","11":"taxable","12":"shipping-taxable","13":"purchasable","14":"product-type-variable"},"acf":[],"_links":{"self":[{"href":"https:\/\/kingarms.ee\/lv\/wp-json\/wp\/v2\/product\/151297","targetHints":{"allow":["GET"]}}],"collection":[{"href":"https:\/\/kingarms.ee\/lv\/wp-json\/wp\/v2\/product"}],"about":[{"href":"https:\/\/kingarms.ee\/lv\/wp-json\/wp\/v2\/types\/product"}],"wp:featuredmedia":[{"embeddable":true,"href":"https:\/\/kingarms.ee\/lv\/wp-json\/wp\/v2\/media\/116225"}],"wp:attachment":[{"href":"https:\/\/kingarms.ee\/lv\/wp-json\/wp\/v2\/media?parent=151297"}],"wp:term":[{"taxonomy":"product_brand","embeddable":true,"href":"https:\/\/kingarms.ee\/lv\/wp-json\/wp\/v2\/product_brand?post=151297"},{"taxonomy":"product_cat","embeddable":true,"href":"https:\/\/kingarms.ee\/lv\/wp-json\/wp\/v2\/product_cat?post=151297"},{"taxonomy":"product_tag","embeddable":true,"href":"https:\/\/kingarms.ee\/lv\/wp-json\/wp\/v2\/product_tag?post=151297"}],"curies":[{"name":"wp","href":"https:\/\/api.w.org\/{rel}","templated":true}]}}