{"id":151301,"date":"2022-03-28T17:21:23","date_gmt":"2025-06-28T14:58:34","guid":{"rendered":"https:\/\/kingarms.ee\/product\/oglekla-ambunols-22\/"},"modified":"2025-06-28T17:58:34","modified_gmt":"2025-06-28T14:58:34","slug":"oglekla-ambunols-22","status":"publish","type":"product","link":"https:\/\/kingarms.ee\/lv\/product\/oglekla-ambunols-22\/","title":{"rendered":"Oglek\u013ca ambunols-22&#8243;"},"content":{"rendered":"<p>Carbon ambunol &#8211; 22 &#8221; &#8211; no\u0146emams gals augsta rentabilit\u0101te paredz\u0113ts ies\u0101c\u0113jiem un jauniem medniekiem, \u0161\u012bs priek\u0161gala bulti\u0146as dos jums \u0101trumu, kin\u0113tisko ener\u0123iju un precizit\u0101ti.<\/p>\n","protected":false},"excerpt":{"rendered":"<p>Carbon ambunol &#8211; 22 &#8221; &#8211; no\u0146emams gals augsta rentabilit\u0101te paredz\u0113ts ies\u0101c\u0113jiem un jauniem medniekiem, \u0161\u012bs priek\u0161gala bulti\u0146as dos jums \u0101trumu, kin\u0113tisko ener\u0123iju un precizit\u0101ti.<\/p>\n","protected":false},"featured_media":132195,"template":"","meta":{"_acf_changed":false},"product_brand":[],"product_cat":[1016,1013],"product_tag":[],"class_list":{"0":"post-151301","1":"product","2":"type-product","3":"status-publish","4":"has-post-thumbnail","6":"product_cat-bultas-bultas-dalas","7":"product_cat-loki-un-sen","9":"first","10":"instock","11":"taxable","12":"shipping-taxable","13":"purchasable","14":"product-type-simple"},"acf":[],"_links":{"self":[{"href":"https:\/\/kingarms.ee\/lv\/wp-json\/wp\/v2\/product\/151301","targetHints":{"allow":["GET"]}}],"collection":[{"href":"https:\/\/kingarms.ee\/lv\/wp-json\/wp\/v2\/product"}],"about":[{"href":"https:\/\/kingarms.ee\/lv\/wp-json\/wp\/v2\/types\/product"}],"wp:featuredmedia":[{"embeddable":true,"href":"https:\/\/kingarms.ee\/lv\/wp-json\/wp\/v2\/media\/132195"}],"wp:attachment":[{"href":"https:\/\/kingarms.ee\/lv\/wp-json\/wp\/v2\/media?parent=151301"}],"wp:term":[{"taxonomy":"product_brand","embeddable":true,"href":"https:\/\/kingarms.ee\/lv\/wp-json\/wp\/v2\/product_brand?post=151301"},{"taxonomy":"product_cat","embeddable":true,"href":"https:\/\/kingarms.ee\/lv\/wp-json\/wp\/v2\/product_cat?post=151301"},{"taxonomy":"product_tag","embeddable":true,"href":"https:\/\/kingarms.ee\/lv\/wp-json\/wp\/v2\/product_tag?post=151301"}],"curies":[{"name":"wp","href":"https:\/\/api.w.org\/{rel}","templated":true}]}}