{"id":151302,"date":"2022-04-05T23:08:00","date_gmt":"2025-06-28T14:58:36","guid":{"rendered":"https:\/\/kingarms.ee\/product\/taktiska-exf-bump-tipa-kivere-melna-fma\/"},"modified":"2025-06-28T17:58:36","modified_gmt":"2025-06-28T14:58:36","slug":"taktiska-exf-bump-tipa-kivere-melna-fma","status":"publish","type":"product","link":"https:\/\/kingarms.ee\/lv\/product\/taktiska-exf-bump-tipa-kivere-melna-fma\/","title":{"rendered":"TAKTISK\u0100 EXF BUMP TIPA \u0136IVERE MELNA FMA"},"content":{"rendered":"","protected":false},"excerpt":{"rendered":"<p>TAKTISK\u0100 EXF BUMP TIPA \u0136IVERE MELNA FMA<\/p>\n<p>Reprodukcija no viegla polim\u0113ra kaujas \u0137ivere, kas nodro\u0161ina aizsardz\u012bbu pret triecieniem un pied\u0101v\u0101 instal\u0101ciju papildu taktisk\u0101s modu\u013ci un piederumi. Apr\u012bkots ar komforta putu spilventi\u0146iem, izm\u0113ru regul\u0113\u0161anas sist\u0113mu, \u0101\u0137u un cilpu stiprin\u0101jumiem pl\u0101ksteriem\/mar\u0137\u0113jumiem\/apgaismojumam, s\u0101nu sliedes komplektu, nakts redzam\u012bbas apvalku, vadu komplektu un ventil\u0101cijas atver\u0113m. Ietver v\u0113l divus 2-slots Picatinny sliedes.  <\/p>\n<p>Piez\u012bme! Izm\u0113rs (M \/ L): 55-61cm <\/p>\n","protected":false},"featured_media":116017,"template":"","meta":{"_acf_changed":false},"product_brand":[],"product_cat":[1078,1080],"product_tag":[],"class_list":{"0":"post-151302","1":"product","2":"type-product","3":"status-publish","4":"has-post-thumbnail","6":"product_cat-airsoft-lv-2","7":"product_cat-kiveres","9":"first","10":"instock","11":"taxable","12":"shipping-taxable","13":"purchasable","14":"product-type-simple"},"acf":[],"_links":{"self":[{"href":"https:\/\/kingarms.ee\/lv\/wp-json\/wp\/v2\/product\/151302","targetHints":{"allow":["GET"]}}],"collection":[{"href":"https:\/\/kingarms.ee\/lv\/wp-json\/wp\/v2\/product"}],"about":[{"href":"https:\/\/kingarms.ee\/lv\/wp-json\/wp\/v2\/types\/product"}],"wp:featuredmedia":[{"embeddable":true,"href":"https:\/\/kingarms.ee\/lv\/wp-json\/wp\/v2\/media\/116017"}],"wp:attachment":[{"href":"https:\/\/kingarms.ee\/lv\/wp-json\/wp\/v2\/media?parent=151302"}],"wp:term":[{"taxonomy":"product_brand","embeddable":true,"href":"https:\/\/kingarms.ee\/lv\/wp-json\/wp\/v2\/product_brand?post=151302"},{"taxonomy":"product_cat","embeddable":true,"href":"https:\/\/kingarms.ee\/lv\/wp-json\/wp\/v2\/product_cat?post=151302"},{"taxonomy":"product_tag","embeddable":true,"href":"https:\/\/kingarms.ee\/lv\/wp-json\/wp\/v2\/product_tag?post=151302"}],"curies":[{"name":"wp","href":"https:\/\/api.w.org\/{rel}","templated":true}]}}