{"id":151303,"date":"2022-04-06T00:44:00","date_gmt":"2025-06-28T14:58:37","guid":{"rendered":"https:\/\/kingarms.ee\/product\/ipasi-viegla-spec-ops-mich-kiveres-olivu-lauku-kopija\/"},"modified":"2025-06-28T17:58:37","modified_gmt":"2025-06-28T14:58:37","slug":"ipasi-viegla-spec-ops-mich-kiveres-olivu-lauku-kopija","status":"publish","type":"product","link":"https:\/\/kingarms.ee\/lv\/product\/ipasi-viegla-spec-ops-mich-kiveres-olivu-lauku-kopija\/","title":{"rendered":"\u012aPA\u0160I VIEGLA SPEC OPS MICH \u0136IVERES OL\u012aVU LAUKU KOPIJA"},"content":{"rendered":"","protected":false},"excerpt":{"rendered":"<p>\u012aPA\u0160I VIEGLA SPEC OPS MICH \u0136IVERES OL\u012aVU LAUKU KOPIJA<\/p>\n<p>\u013boti labi zin\u0101mas \u0136iveres kopija, ko izmanto ASV armija. Tas ir apr\u012bkots ar div\u0101m mont\u0101\u017eas slied\u0113m, kas paredz\u0113tas, lai tur\u0113tu \u012bpa\u0161u stiprin\u0101jumu taktiskiem piederumiem, piem\u0113ram, taktiskiem luktur\u012b\u0161iem, dzirdes aizsardz\u012bbai utt. \u0136iveres priek\u0161\u0101 ir ar\u012b stiprin\u0101jums nakts redzam\u012bbas brill\u0113m. Tam ir velcro lentes, kas \u013cauj piestiprin\u0101t komandas karodzi\u0146us, mor\u0101les spilventi\u0146us utt.   <\/p>\n","protected":false},"featured_media":116163,"template":"","meta":{"_acf_changed":false},"product_brand":[],"product_cat":[1078,1080],"product_tag":[],"class_list":{"0":"post-151303","1":"product","2":"type-product","3":"status-publish","4":"has-post-thumbnail","6":"product_cat-airsoft-lv-2","7":"product_cat-kiveres","9":"first","10":"instock","11":"taxable","12":"shipping-taxable","13":"purchasable","14":"product-type-variable"},"acf":[],"_links":{"self":[{"href":"https:\/\/kingarms.ee\/lv\/wp-json\/wp\/v2\/product\/151303","targetHints":{"allow":["GET"]}}],"collection":[{"href":"https:\/\/kingarms.ee\/lv\/wp-json\/wp\/v2\/product"}],"about":[{"href":"https:\/\/kingarms.ee\/lv\/wp-json\/wp\/v2\/types\/product"}],"wp:featuredmedia":[{"embeddable":true,"href":"https:\/\/kingarms.ee\/lv\/wp-json\/wp\/v2\/media\/116163"}],"wp:attachment":[{"href":"https:\/\/kingarms.ee\/lv\/wp-json\/wp\/v2\/media?parent=151303"}],"wp:term":[{"taxonomy":"product_brand","embeddable":true,"href":"https:\/\/kingarms.ee\/lv\/wp-json\/wp\/v2\/product_brand?post=151303"},{"taxonomy":"product_cat","embeddable":true,"href":"https:\/\/kingarms.ee\/lv\/wp-json\/wp\/v2\/product_cat?post=151303"},{"taxonomy":"product_tag","embeddable":true,"href":"https:\/\/kingarms.ee\/lv\/wp-json\/wp\/v2\/product_tag?post=151303"}],"curies":[{"name":"wp","href":"https:\/\/api.w.org\/{rel}","templated":true}]}}