{"id":151307,"date":"2022-03-28T12:51:40","date_gmt":"2025-06-28T15:00:54","guid":{"rendered":"https:\/\/kingarms.ee\/product\/taktiskie-cimdu-mehanix-ts-fastfit-05\/"},"modified":"2025-06-28T18:00:54","modified_gmt":"2025-06-28T15:00:54","slug":"taktiskie-cimdu-mehanix-ts-fastfit-05","status":"publish","type":"product","link":"https:\/\/kingarms.ee\/lv\/product\/taktiskie-cimdu-mehanix-ts-fastfit-05\/","title":{"rendered":"Taktiskie cimdu meh\u0101nix TS FastFit 0,5"},"content":{"rendered":"<p>Taktikalised kinda Mechanix TS FastFit 0.5<\/p>\n<p>Taktisk\u0101s specialit\u0101tes s\u0113rijas Fastfitalise 0,5 mm sl\u0113ptajiem cimdiem ir elast\u012bga atv\u0113rta plaukstas loc\u012btava, kas padara cimdu uzvilk\u0161anu un novilk\u0161anu \u013coti \u0101tru. Spr\u016bda pirkstu dizains ir uzlabots, sal\u012bdzinot ar parastajiem fastfit cimdiem. <\/p>\n<p>0,5 mm cirvis-Suede &#8211; materi\u0101ls cimda plaukst\u0101 nodro\u0161ina labu sa\u0137eri un saj\u016btu.<\/p>\n<p>Stretch finger gap pane\u013ci pied\u0101v\u0101 \u0113rtu, \u0113rtu un elast\u012bgu lieto\u0161anu.<\/p>\n<p>Rokas paliek v\u0113sas un sausas, pateicoties mitrumu absorb\u0113jo\u0161ajam TrekDry l\u012bdz\u012bgajam Materi\u0101lam uz plaukstas loc\u012btavas un cimda.<\/p>\n<p>\u012ak\u0161\u0137is un plaukstas da\u013ca ir p\u0101rkl\u0101ta ar m\u012bkstu vilnu, lai noslauc\u012btu sviedru vai not\u012br\u012btu aizsargbrilles.<\/p>\n<p>Cilpi\u0146a cimdu pakarin\u0101\u0161anai.<\/p>\n<p>Cimdi ir mazg\u0101jami ma\u0161\u012bn\u0101.<\/p>\n<p>Cimdi str\u0101d\u0101 ar sk\u0101rienekr\u0101niem.<\/p>\n<p>Galven\u0101s piem\u0113ro\u0161anas jomas:<\/p>\n<p>&#8211; policija un ties\u012bbaizsardz\u012bba<\/p>\n<p>&#8211; taktiskie uzdevumi<\/p>\n<p>\u2013 \u0161au\u0161ana<\/p>\n<p>&#8211; apkope, MRO<\/p>\n","protected":false},"excerpt":{"rendered":"<p>Tactical kinda Mechanix TS FastFit 0.5<\/p>\n<p>Taktisk\u0101s specialit\u0101tes s\u0113rijas Fastfitalise 0,5 mm sl\u0113ptajiem cimdiem ir elast\u012bga atv\u0113rta plaukstas loc\u012btava, kas padara cimdu uzvilk\u0161anu un novilk\u0161anu \u013coti \u0101tru. Spr\u016bda pirkstu dizains ir uzlabots, sal\u012bdzinot ar parastajiem fastfit cimdiem. <\/p>\n<p>0,5 mm cirvis-Suede &#8211; materi\u0101ls cimda plaukst\u0101 nodro\u0161ina labu sa\u0137eri un saj\u016btu.<\/p>\n<p>Stretch finger gap pane\u013ci pied\u0101v\u0101 \u0113rtu, \u0113rtu un elast\u012bgu lieto\u0161anu.<\/p>\n<p>Rokas paliek v\u0113sas un sausas, pateicoties mitrumu absorb\u0113jo\u0161ajam TrekDry l\u012bdz\u012bgajam Materi\u0101lam uz plaukstas loc\u012btavas un cimda.<\/p>\n<p>\u012ak\u0161\u0137is un plaukstas da\u013ca ir p\u0101rkl\u0101ta ar m\u012bkstu vilnu, lai noslauc\u012btu sviedru vai not\u012br\u012btu aizsargbrilles.<\/p>\n<p>Cilpi\u0146a cimdu pakarin\u0101\u0161anai.<\/p>\n<p>Cimdi ir mazg\u0101jami ma\u0161\u012bn\u0101.<\/p>\n<p>Cimdi str\u0101d\u0101 ar sk\u0101rienekr\u0101niem.<\/p>\n<p>Galven\u0101s piem\u0113ro\u0161anas jomas:<\/p>\n<p>&#8211; policija un ties\u012bbaizsardz\u012bba<\/p>\n<p>&#8211; taktiskie uzdevumi<\/p>\n<p>\u2013 \u0161au\u0161ana<\/p>\n<p>&#8211; apkope, MRO<\/p>\n","protected":false},"featured_media":115853,"template":"","meta":{"_acf_changed":false},"product_brand":[],"product_cat":[1092],"product_tag":[],"class_list":{"0":"post-151307","1":"product","2":"type-product","3":"status-publish","4":"has-post-thumbnail","6":"product_cat-cimdi","8":"first","9":"instock","10":"sale","11":"taxable","12":"shipping-taxable","13":"purchasable","14":"product-type-simple"},"acf":[],"_links":{"self":[{"href":"https:\/\/kingarms.ee\/lv\/wp-json\/wp\/v2\/product\/151307","targetHints":{"allow":["GET"]}}],"collection":[{"href":"https:\/\/kingarms.ee\/lv\/wp-json\/wp\/v2\/product"}],"about":[{"href":"https:\/\/kingarms.ee\/lv\/wp-json\/wp\/v2\/types\/product"}],"wp:featuredmedia":[{"embeddable":true,"href":"https:\/\/kingarms.ee\/lv\/wp-json\/wp\/v2\/media\/115853"}],"wp:attachment":[{"href":"https:\/\/kingarms.ee\/lv\/wp-json\/wp\/v2\/media?parent=151307"}],"wp:term":[{"taxonomy":"product_brand","embeddable":true,"href":"https:\/\/kingarms.ee\/lv\/wp-json\/wp\/v2\/product_brand?post=151307"},{"taxonomy":"product_cat","embeddable":true,"href":"https:\/\/kingarms.ee\/lv\/wp-json\/wp\/v2\/product_cat?post=151307"},{"taxonomy":"product_tag","embeddable":true,"href":"https:\/\/kingarms.ee\/lv\/wp-json\/wp\/v2\/product_tag?post=151307"}],"curies":[{"name":"wp","href":"https:\/\/api.w.org\/{rel}","templated":true}]}}