{"id":151308,"date":"2022-03-27T14:28:13","date_gmt":"2025-06-28T15:01:15","guid":{"rendered":"https:\/\/kingarms.ee\/product\/taktisko-apgerbu-komplekts-multicam-royal\/"},"modified":"2025-06-28T18:01:15","modified_gmt":"2025-06-28T15:01:15","slug":"taktisko-apgerbu-komplekts-multicam-royal","status":"publish","type":"product","link":"https:\/\/kingarms.ee\/lv\/product\/taktisko-apgerbu-komplekts-multicam-royal\/","title":{"rendered":"Taktisko ap\u0123\u0113rbu komplekts-Multicam (ROYAL)"},"content":{"rendered":"<p><img loading=\"lazy\" decoding=\"async\" class=\"alignnone size-medium wp-image-39495\" src=\"https:\/\/kingarms.ee\/wp-content\/uploads\/2022\/03\/royal-acu-combat-suit-multicam-medium-size-uni-mul-m-300x300.jpeg\" alt=\"\" width=\"300\" height=\"300\" srcset=\"https:\/\/kingarms.ee\/wp-content\/uploads\/2022\/03\/royal-acu-combat-suit-multicam-medium-size-uni-mul-m-300x300.jpeg 300w, https:\/\/kingarms.ee\/wp-content\/uploads\/2022\/03\/royal-acu-combat-suit-multicam-medium-size-uni-mul-m-150x150.jpeg 150w, https:\/\/kingarms.ee\/wp-content\/uploads\/2022\/03\/royal-acu-combat-suit-multicam-medium-size-uni-mul-m-500x500.jpeg 500w, https:\/\/kingarms.ee\/wp-content\/uploads\/2022\/03\/royal-acu-combat-suit-multicam-medium-size-uni-mul-m.jpeg 600w\" sizes=\"auto, (max-width: 300px) 100vw, 300px\" \/><\/p>\n","protected":false},"excerpt":{"rendered":"<p>Taktisko ap\u0123\u0113rbu komplekts-Multicam (ROYAL)<\/p>\n<p>Komplekts ir izgatavots no stipra 65% kokvilnas \/ 35% poliestera rip stop auduma, kas nodro\u0161ina lielisku valk\u0101\u0161anas komfortu un \u0101tru \u017e\u0101v\u0113\u0161anu. Rumpis ir izgatavots no neticami \u0113rta 80% kokvilnas \/ 20% poliestera auduma ar labu mitruma novad\u012b\u0161anu. <\/p>\n","protected":false},"featured_media":115831,"template":"","meta":{"_acf_changed":false},"product_brand":[],"product_cat":[1073],"product_tag":[],"class_list":{"0":"post-151308","1":"product","2":"type-product","3":"status-publish","4":"has-post-thumbnail","6":"product_cat-kopas","8":"first","9":"instock","10":"sale","11":"taxable","12":"shipping-taxable","13":"purchasable","14":"product-type-variable","15":"has-default-attributes"},"acf":[],"_links":{"self":[{"href":"https:\/\/kingarms.ee\/lv\/wp-json\/wp\/v2\/product\/151308","targetHints":{"allow":["GET"]}}],"collection":[{"href":"https:\/\/kingarms.ee\/lv\/wp-json\/wp\/v2\/product"}],"about":[{"href":"https:\/\/kingarms.ee\/lv\/wp-json\/wp\/v2\/types\/product"}],"wp:featuredmedia":[{"embeddable":true,"href":"https:\/\/kingarms.ee\/lv\/wp-json\/wp\/v2\/media\/115831"}],"wp:attachment":[{"href":"https:\/\/kingarms.ee\/lv\/wp-json\/wp\/v2\/media?parent=151308"}],"wp:term":[{"taxonomy":"product_brand","embeddable":true,"href":"https:\/\/kingarms.ee\/lv\/wp-json\/wp\/v2\/product_brand?post=151308"},{"taxonomy":"product_cat","embeddable":true,"href":"https:\/\/kingarms.ee\/lv\/wp-json\/wp\/v2\/product_cat?post=151308"},{"taxonomy":"product_tag","embeddable":true,"href":"https:\/\/kingarms.ee\/lv\/wp-json\/wp\/v2\/product_tag?post=151308"}],"curies":[{"name":"wp","href":"https:\/\/api.w.org\/{rel}","templated":true}]}}