{"id":151310,"date":"2022-03-23T02:35:43","date_gmt":"2025-06-28T15:03:33","guid":{"rendered":"https:\/\/kingarms.ee\/product\/taktiskie-cimdu-mehanix-m-pact-multicam\/"},"modified":"2025-06-28T18:03:33","modified_gmt":"2025-06-28T15:03:33","slug":"taktiskie-cimdu-mehanix-m-pact-multicam","status":"publish","type":"product","link":"https:\/\/kingarms.ee\/lv\/product\/taktiskie-cimdu-mehanix-m-pact-multicam\/","title":{"rendered":"Taktiskie cimdu meh\u0101nix m-pact multicam"},"content":{"rendered":"<p>Ide\u0101li piem\u0113rots milit\u0101rajiem un ties\u012bbaizsardz\u012bbas lauka taktiskajiem cimdiem Mechanix M-PACT MultiCam.<\/p>\n<p>Augsta bl\u012bvuma EVA putas aizsarg\u0101 r\u0101d\u012bt\u0101jpirkstu no triecieniem.<\/p>\n<p>Cimdu polster\u0113jums un TPR pane\u013ci nodro\u0161ina aizsardz\u012bbu pret triecieniem un skr\u0101p\u0113jumiem.<\/p>\n<p>Trekdry-materi\u0101la aug\u0161da\u013ca uztur rokas sausas un \u0113rtas.<\/p>\n<p>\u013boti iztur\u012bgs sint\u0113tisk\u0101s \u0101das veikala nodal\u012bjums.<\/p>\n<p>Armortexaily stiegrojuma panelis plaukst\u0101.<\/p>\n<p>D30. polster\u0113jums plaukst\u0101 sl\u0101p\u0113 triecienus un samazina vibr\u0101ciju.<\/p>\n<p>Pastiprin\u0101ti, reljefi un tekstur\u0113ti \u012bk\u0161\u0137a un r\u0101d\u012bt\u0101jpirksta padomi.<\/p>\n<p>Cimdi ir mazg\u0101jami ma\u0161\u012bn\u0101.<\/p>\n<p>Galven\u0101s piem\u0113ro\u0161anas jomas:<\/p>\n<p>&#8211; taktiskie uzdevumi<\/p>\n<p>&#8211; ties\u012bbaizsardz\u012bba<\/p>\n<p>&#8211; \u0160au\u0161anas Sports<\/p>\n<p>&#8211; R\u016bpniecisk\u0101 Apkope<\/p>\n<p>\u2013 jahta<\/p>\n<p>Atbilst standartam: CE EN388 3121<\/p>\n","protected":false},"excerpt":{"rendered":"<p>Ide\u0101li piem\u0113rots milit\u0101rajiem un ties\u012bbaizsardz\u012bbas lauka taktiskajiem cimdiem Mechanix M-PACT MultiCam.<\/p>\n<p>Augsta bl\u012bvuma EVA putas aizsarg\u0101 r\u0101d\u012bt\u0101jpirkstu no triecieniem.<\/p>\n<p>Cimdu polster\u0113jums un TPR pane\u013ci nodro\u0161ina aizsardz\u012bbu pret triecieniem un skr\u0101p\u0113jumiem.<\/p>\n<p>Trekdry-materi\u0101la aug\u0161da\u013ca uztur rokas sausas un \u0113rtas.<\/p>\n<p>\u013boti iztur\u012bgs sint\u0113tisk\u0101s \u0101das veikala nodal\u012bjums.<\/p>\n<p>Armortexaily stiegrojuma panelis plaukst\u0101.<\/p>\n<p>D30. polster\u0113jums plaukst\u0101 sl\u0101p\u0113 triecienus un samazina vibr\u0101ciju.<\/p>\n<p>Pastiprin\u0101ti, reljefi un tekstur\u0113ti \u012bk\u0161\u0137a un r\u0101d\u012bt\u0101jpirksta padomi.<\/p>\n<p>Cimdi ir mazg\u0101jami ma\u0161\u012bn\u0101.<\/p>\n<p>Galven\u0101s piem\u0113ro\u0161anas jomas:<\/p>\n<p>&#8211; taktiskie uzdevumi<\/p>\n<p>&#8211; ties\u012bbaizsardz\u012bba<\/p>\n<p>&#8211; \u0160au\u0161anas Sports<\/p>\n<p>&#8211; R\u016bpniecisk\u0101 Apkope<\/p>\n<p>\u2013 jahta<\/p>\n<p>Atbilst standartam: CE EN388 3121<\/p>\n","protected":false},"featured_media":115719,"template":"","meta":{"_acf_changed":false},"product_brand":[],"product_cat":[1092],"product_tag":[],"class_list":{"0":"post-151310","1":"product","2":"type-product","3":"status-publish","4":"has-post-thumbnail","6":"product_cat-cimdi","8":"first","9":"onbackorder","10":"sale","11":"taxable","12":"shipping-taxable","13":"product-type-variable","14":"has-default-attributes"},"acf":[],"_links":{"self":[{"href":"https:\/\/kingarms.ee\/lv\/wp-json\/wp\/v2\/product\/151310","targetHints":{"allow":["GET"]}}],"collection":[{"href":"https:\/\/kingarms.ee\/lv\/wp-json\/wp\/v2\/product"}],"about":[{"href":"https:\/\/kingarms.ee\/lv\/wp-json\/wp\/v2\/types\/product"}],"wp:featuredmedia":[{"embeddable":true,"href":"https:\/\/kingarms.ee\/lv\/wp-json\/wp\/v2\/media\/115719"}],"wp:attachment":[{"href":"https:\/\/kingarms.ee\/lv\/wp-json\/wp\/v2\/media?parent=151310"}],"wp:term":[{"taxonomy":"product_brand","embeddable":true,"href":"https:\/\/kingarms.ee\/lv\/wp-json\/wp\/v2\/product_brand?post=151310"},{"taxonomy":"product_cat","embeddable":true,"href":"https:\/\/kingarms.ee\/lv\/wp-json\/wp\/v2\/product_cat?post=151310"},{"taxonomy":"product_tag","embeddable":true,"href":"https:\/\/kingarms.ee\/lv\/wp-json\/wp\/v2\/product_tag?post=151310"}],"curies":[{"name":"wp","href":"https:\/\/api.w.org\/{rel}","templated":true}]}}