{"id":151318,"date":"2022-02-27T19:41:11","date_gmt":"2025-06-28T15:05:22","guid":{"rendered":"https:\/\/kingarms.ee\/product\/kiivrikate-meza-zeme\/"},"modified":"2025-06-28T18:05:22","modified_gmt":"2025-06-28T15:05:22","slug":"kiivrikate-meza-zeme","status":"publish","type":"product","link":"https:\/\/kingarms.ee\/lv\/product\/kiivrikate-meza-zeme\/","title":{"rendered":"Kiivrikate-Me\u017ea Zeme"},"content":{"rendered":"<p><img loading=\"lazy\" decoding=\"async\" class=\"alignnone size-medium wp-image-37925\" src=\"https:\/\/kingarms.ee\/wp-content\/uploads\/2022\/02\/copri-elmetto-woodland-jm-008w--300x300.jpeg\" alt=\"\" width=\"300\" height=\"300\" srcset=\"https:\/\/kingarms.ee\/wp-content\/uploads\/2022\/02\/copri-elmetto-woodland-jm-008w--300x300.jpeg 300w, https:\/\/kingarms.ee\/wp-content\/uploads\/2022\/02\/copri-elmetto-woodland-jm-008w--150x150.jpeg 150w, https:\/\/kingarms.ee\/wp-content\/uploads\/2022\/02\/copri-elmetto-woodland-jm-008w-.jpeg 500w\" sizes=\"auto, (max-width: 300px) 100vw, 300px\" \/><\/p>\n","protected":false},"excerpt":{"rendered":"<p>\u0136iveres P\u0101rsegs-Me\u017es<\/p>\n<p>Izm\u0113rs: univers\u0101ls<\/p>\n","protected":false},"featured_media":115489,"template":"","meta":{"_acf_changed":false},"product_brand":[],"product_cat":[1079],"product_tag":[],"class_list":{"0":"post-151318","1":"product","2":"type-product","3":"status-publish","4":"has-post-thumbnail","6":"product_cat-kivera-stiprinajums","8":"first","9":"instock","10":"taxable","11":"shipping-taxable","12":"purchasable","13":"product-type-simple"},"acf":[],"_links":{"self":[{"href":"https:\/\/kingarms.ee\/lv\/wp-json\/wp\/v2\/product\/151318","targetHints":{"allow":["GET"]}}],"collection":[{"href":"https:\/\/kingarms.ee\/lv\/wp-json\/wp\/v2\/product"}],"about":[{"href":"https:\/\/kingarms.ee\/lv\/wp-json\/wp\/v2\/types\/product"}],"wp:featuredmedia":[{"embeddable":true,"href":"https:\/\/kingarms.ee\/lv\/wp-json\/wp\/v2\/media\/115489"}],"wp:attachment":[{"href":"https:\/\/kingarms.ee\/lv\/wp-json\/wp\/v2\/media?parent=151318"}],"wp:term":[{"taxonomy":"product_brand","embeddable":true,"href":"https:\/\/kingarms.ee\/lv\/wp-json\/wp\/v2\/product_brand?post=151318"},{"taxonomy":"product_cat","embeddable":true,"href":"https:\/\/kingarms.ee\/lv\/wp-json\/wp\/v2\/product_cat?post=151318"},{"taxonomy":"product_tag","embeddable":true,"href":"https:\/\/kingarms.ee\/lv\/wp-json\/wp\/v2\/product_tag?post=151318"}],"curies":[{"name":"wp","href":"https:\/\/api.w.org\/{rel}","templated":true}]}}