{"id":151319,"date":"2022-02-26T15:39:45","date_gmt":"2025-06-28T15:06:10","guid":{"rendered":"https:\/\/kingarms.ee\/product\/revolveris-colt-saa-45-umarex-2\/"},"modified":"2025-06-28T18:06:10","modified_gmt":"2025-06-28T15:06:10","slug":"revolveris-colt-saa-45-umarex-2","status":"publish","type":"product","link":"https:\/\/kingarms.ee\/lv\/product\/revolveris-colt-saa-45-umarex-2\/","title":{"rendered":"REVOLVERIS COLT SAA .45 (Umarex)"},"content":{"rendered":"<p><img loading=\"lazy\" decoding=\"async\" class=\"alignnone size-full wp-image-148306\" src=\"https:\/\/kingarms.ee\/wp-content\/uploads\/2022\/02\/c4a839f73b83c114fe677e85ddb24cbd.jpeg\" alt=\"\" width=\"1000\" height=\"750\" srcset=\"https:\/\/kingarms.ee\/wp-content\/uploads\/2022\/02\/c4a839f73b83c114fe677e85ddb24cbd.jpeg 1000w, https:\/\/kingarms.ee\/wp-content\/uploads\/2022\/02\/c4a839f73b83c114fe677e85ddb24cbd-300x225.jpeg 300w, https:\/\/kingarms.ee\/wp-content\/uploads\/2022\/02\/c4a839f73b83c114fe677e85ddb24cbd-768x576.jpeg 768w, https:\/\/kingarms.ee\/wp-content\/uploads\/2022\/02\/c4a839f73b83c114fe677e85ddb24cbd-500x375.jpeg 500w, https:\/\/kingarms.ee\/wp-content\/uploads\/2022\/02\/c4a839f73b83c114fe677e85ddb24cbd-150x113.jpeg 150w\" sizes=\"auto, (max-width: 1000px) 100vw, 1000px\" \/><\/p>\n","protected":false},"excerpt":{"rendered":"<p>REVOLVERIS COLT SAA .45 (Umarex)<\/p>\n<p>Gaisa revolveris SAA .45 ir slaven\u0101 Colt Peacemaker kopija, revolveris \u012bs\u0101 laik\u0101 k\u013cuva popul\u0101rs fanu vid\u016b, un ne tikai Rietumu vid\u016b. Colt Single Action armijas revolveris, k\u0101 to ofici\u0101li sauc, ir apr\u012bkots ar 5,5 collu pistoles mucu, se\u0161\u0101m iekrau\u0161anas piedurkn\u0113m re\u0101listiskai \u0161au\u0161anai, ni\u0137el\u0113tu apdari un rokturiem, kas atg\u0101dina zilo\u0146kaulu. Tas ir CO2 cilindru darbin\u0101ms revolveris, kas \u0161auj ar diaboliem (granul\u0101m).  <\/p>\n<ul>\n<li>Kalibrs: 4.5 mm (.177) BBs<\/li>\n<li>Bru\u0146ojuma Garums: 5,5&#8243;.<\/li>\n<li>Trigger: tu.<\/li>\n<li>Kaliberis: 4,5 mm (.177) Gaisa pistoles (Diabolo)<\/li>\n<li>Bungas tilpums: 6 K\u0101rtrid\u017ei.<\/li>\n<li>S\u0101kotn\u0113jais \u0101trums: 120 m \/ s.<\/li>\n<li>Garums: 275 mm.<\/li>\n<li>Svars: 867 g.<\/li>\n<\/ul>\n","protected":false},"featured_media":148309,"template":"","meta":{"_acf_changed":false},"product_brand":[],"product_cat":[1004,1005],"product_tag":[],"class_list":{"0":"post-151319","1":"product","2":"type-product","3":"status-publish","4":"has-post-thumbnail","6":"product_cat-lidmasinas","7":"product_cat-rokas-pistoles-lv","9":"first","10":"instock","11":"taxable","12":"shipping-taxable","13":"purchasable","14":"product-type-simple"},"acf":[],"_links":{"self":[{"href":"https:\/\/kingarms.ee\/lv\/wp-json\/wp\/v2\/product\/151319","targetHints":{"allow":["GET"]}}],"collection":[{"href":"https:\/\/kingarms.ee\/lv\/wp-json\/wp\/v2\/product"}],"about":[{"href":"https:\/\/kingarms.ee\/lv\/wp-json\/wp\/v2\/types\/product"}],"wp:featuredmedia":[{"embeddable":true,"href":"https:\/\/kingarms.ee\/lv\/wp-json\/wp\/v2\/media\/148309"}],"wp:attachment":[{"href":"https:\/\/kingarms.ee\/lv\/wp-json\/wp\/v2\/media?parent=151319"}],"wp:term":[{"taxonomy":"product_brand","embeddable":true,"href":"https:\/\/kingarms.ee\/lv\/wp-json\/wp\/v2\/product_brand?post=151319"},{"taxonomy":"product_cat","embeddable":true,"href":"https:\/\/kingarms.ee\/lv\/wp-json\/wp\/v2\/product_cat?post=151319"},{"taxonomy":"product_tag","embeddable":true,"href":"https:\/\/kingarms.ee\/lv\/wp-json\/wp\/v2\/product_tag?post=151319"}],"curies":[{"name":"wp","href":"https:\/\/api.w.org\/{rel}","templated":true}]}}