{"id":151320,"date":"2022-02-03T14:49:17","date_gmt":"2025-06-28T15:07:23","guid":{"rendered":"https:\/\/kingarms.ee\/product\/zaveti-abolu-cipsi-15g\/"},"modified":"2025-06-28T18:07:23","modified_gmt":"2025-06-28T15:07:23","slug":"zaveti-abolu-cipsi-15g","status":"publish","type":"product","link":"https:\/\/kingarms.ee\/lv\/product\/zaveti-abolu-cipsi-15g\/","title":{"rendered":"\u017d\u0101v\u0113ti \u0101bolu \u010dipsi 15g"},"content":{"rendered":"<p><img loading=\"lazy\" decoding=\"async\" class=\"alignnone size-medium wp-image-36522\" src=\"https:\/\/kingarms.ee\/wp-content\/uploads\/2022\/02\/Apple_chips_white_back-07-16-17-989_adobespark1-281x300.png\" alt=\"\" width=\"281\" height=\"300\" srcset=\"https:\/\/kingarms.ee\/wp-content\/uploads\/2022\/02\/Apple_chips_white_back-07-16-17-989_adobespark1-281x300.png 281w, https:\/\/kingarms.ee\/wp-content\/uploads\/2022\/02\/Apple_chips_white_back-07-16-17-989_adobespark1-150x160.png 150w, https:\/\/kingarms.ee\/wp-content\/uploads\/2022\/02\/Apple_chips_white_back-07-16-17-989_adobespark1-500x535.png 500w, https:\/\/kingarms.ee\/wp-content\/uploads\/2022\/02\/Apple_chips_white_back-07-16-17-989_adobespark1-958x1024.png 958w, https:\/\/kingarms.ee\/wp-content\/uploads\/2022\/02\/Apple_chips_white_back-07-16-17-989_adobespark1-768x821.png 768w, https:\/\/kingarms.ee\/wp-content\/uploads\/2022\/02\/Apple_chips_white_back-07-16-17-989_adobespark1.png 1010w\" sizes=\"auto, (max-width: 281px) 100vw, 281px\" \/><\/p>\n","protected":false},"excerpt":{"rendered":"<ul>\n<li>\u017d\u0101v\u0113ti \u0101bolu \u010dipsi 15g<\/li>\n<li>Pat\u012bkami krauk\u0161\u0137\u012bgi \u0101bolu \u010dipsi<\/li>\n<li>Jauka uzkoda aiz\u0146emtai dienai<\/li>\n<\/ul>\n<p>Delicious crunch!<\/p>\n<p>\u0160im produktam nav nepiecie\u0161ams pievienot \u016bdeni!<\/p>\n<p>Ener\u0123\u0113tisk\u0101 v\u0113rt\u012bba ir 54 kcal.<\/p>\n<p><strong>Lab\u0101kais pirms 4 gadiem<\/strong><\/p>\n","protected":false},"featured_media":115286,"template":"","meta":{"_acf_changed":false},"product_brand":[],"product_cat":[1119,1128],"product_tag":[],"class_list":{"0":"post-151320","1":"product","2":"type-product","3":"status-publish","4":"has-post-thumbnail","6":"product_cat-celojumu-preces","7":"product_cat-taktiska-partikas","9":"first","10":"instock","11":"taxable","12":"shipping-taxable","13":"purchasable","14":"product-type-simple"},"acf":[],"_links":{"self":[{"href":"https:\/\/kingarms.ee\/lv\/wp-json\/wp\/v2\/product\/151320","targetHints":{"allow":["GET"]}}],"collection":[{"href":"https:\/\/kingarms.ee\/lv\/wp-json\/wp\/v2\/product"}],"about":[{"href":"https:\/\/kingarms.ee\/lv\/wp-json\/wp\/v2\/types\/product"}],"wp:featuredmedia":[{"embeddable":true,"href":"https:\/\/kingarms.ee\/lv\/wp-json\/wp\/v2\/media\/115286"}],"wp:attachment":[{"href":"https:\/\/kingarms.ee\/lv\/wp-json\/wp\/v2\/media?parent=151320"}],"wp:term":[{"taxonomy":"product_brand","embeddable":true,"href":"https:\/\/kingarms.ee\/lv\/wp-json\/wp\/v2\/product_brand?post=151320"},{"taxonomy":"product_cat","embeddable":true,"href":"https:\/\/kingarms.ee\/lv\/wp-json\/wp\/v2\/product_cat?post=151320"},{"taxonomy":"product_tag","embeddable":true,"href":"https:\/\/kingarms.ee\/lv\/wp-json\/wp\/v2\/product_tag?post=151320"}],"curies":[{"name":"wp","href":"https:\/\/api.w.org\/{rel}","templated":true}]}}