{"id":151321,"date":"2022-02-03T14:41:50","date_gmt":"2025-06-28T15:08:05","guid":{"rendered":"https:\/\/kingarms.ee\/product\/griki-ar-titaru-110g\/"},"modified":"2025-06-28T18:08:05","modified_gmt":"2025-06-28T15:08:05","slug":"griki-ar-titaru-110g","status":"publish","type":"product","link":"https:\/\/kingarms.ee\/lv\/product\/griki-ar-titaru-110g\/","title":{"rendered":"Gri\u0137i Ar t\u012btaru 110g"},"content":{"rendered":"<p><img loading=\"lazy\" decoding=\"async\" class=\"alignnone size-medium wp-image-36473\" src=\"https:\/\/kingarms.ee\/wp-content\/uploads\/2022\/02\/Buckwheat_and_turkey-300x239.png\" alt=\"\" width=\"300\" height=\"239\" srcset=\"https:\/\/kingarms.ee\/wp-content\/uploads\/2022\/02\/Buckwheat_and_turkey-300x239.png 300w, https:\/\/kingarms.ee\/wp-content\/uploads\/2022\/02\/Buckwheat_and_turkey-150x120.png 150w, https:\/\/kingarms.ee\/wp-content\/uploads\/2022\/02\/Buckwheat_and_turkey-500x399.png 500w, https:\/\/kingarms.ee\/wp-content\/uploads\/2022\/02\/Buckwheat_and_turkey-1024x817.png 1024w, https:\/\/kingarms.ee\/wp-content\/uploads\/2022\/02\/Buckwheat_and_turkey-768x613.png 768w, https:\/\/kingarms.ee\/wp-content\/uploads\/2022\/02\/Buckwheat_and_turkey-1536x1225.png 1536w, https:\/\/kingarms.ee\/wp-content\/uploads\/2022\/02\/Buckwheat_and_turkey.png 1798w\" sizes=\"auto, (max-width: 300px) 100vw, 300px\" \/><\/p>\n","protected":false},"excerpt":{"rendered":"<ul>\n<li>Gar\u0161\u012bgs gri\u0137u \u0113diens ar gar\u0161\u012bgi ceptu t\u012btaru<\/li>\n<li>Trauks ir bez lipek\u013ca<\/li>\n<li><span lang=\"ET\">Dabiski un ra\u017eoti Igaunij\u0101 <\/span><\/li>\n<li><span lang=\"ET\">Nesatur saglab\u0101\u0161ana UNPIEDEVA<\/span><\/li>\n<li><span lang=\"ET\">Ener\u0123\u0113tisk\u0101 v\u0113rt\u012bba uz porciju ir 531 kcal<\/span><\/li>\n<\/ul>\n<p><strong>Sast\u0101vda\u013ca: <\/strong><\/p>\n<p>Gri\u0137i (47%), <strong>kr\u0113jums<\/strong>, t\u012btara ga\u013ca (10%), burk\u0101ni, s\u012bpoli, bulg\u0101ru pipari, kukur\u016bza, rap\u0161u e\u013c\u013ca, \u0137iploki, gar\u0161vielas, gar\u0161augi, s\u0101ls. <strong>Ra\u017eo\u0161anas l\u012bnijas d\u0113\u013c produkts var satur\u0113t nelielu daudzumu selerijas un sinepju.<\/strong><\/p>\n","protected":false},"featured_media":115264,"template":"","meta":{"_acf_changed":false},"product_brand":[],"product_cat":[1128],"product_tag":[],"class_list":{"0":"post-151321","1":"product","2":"type-product","3":"status-publish","4":"has-post-thumbnail","6":"product_cat-taktiska-partikas","8":"first","9":"instock","10":"taxable","11":"shipping-taxable","12":"purchasable","13":"product-type-simple"},"acf":[],"_links":{"self":[{"href":"https:\/\/kingarms.ee\/lv\/wp-json\/wp\/v2\/product\/151321","targetHints":{"allow":["GET"]}}],"collection":[{"href":"https:\/\/kingarms.ee\/lv\/wp-json\/wp\/v2\/product"}],"about":[{"href":"https:\/\/kingarms.ee\/lv\/wp-json\/wp\/v2\/types\/product"}],"wp:featuredmedia":[{"embeddable":true,"href":"https:\/\/kingarms.ee\/lv\/wp-json\/wp\/v2\/media\/115264"}],"wp:attachment":[{"href":"https:\/\/kingarms.ee\/lv\/wp-json\/wp\/v2\/media?parent=151321"}],"wp:term":[{"taxonomy":"product_brand","embeddable":true,"href":"https:\/\/kingarms.ee\/lv\/wp-json\/wp\/v2\/product_brand?post=151321"},{"taxonomy":"product_cat","embeddable":true,"href":"https:\/\/kingarms.ee\/lv\/wp-json\/wp\/v2\/product_cat?post=151321"},{"taxonomy":"product_tag","embeddable":true,"href":"https:\/\/kingarms.ee\/lv\/wp-json\/wp\/v2\/product_tag?post=151321"}],"curies":[{"name":"wp","href":"https:\/\/api.w.org\/{rel}","templated":true}]}}