{"id":151323,"date":"2022-02-03T14:16:59","date_gmt":"2025-06-28T15:09:27","guid":{"rendered":"https:\/\/kingarms.ee\/product\/saldo-kartupelu-aunazirnu-karijs-100g\/"},"modified":"2025-06-28T18:09:27","modified_gmt":"2025-06-28T15:09:27","slug":"saldo-kartupelu-aunazirnu-karijs-100g","status":"publish","type":"product","link":"https:\/\/kingarms.ee\/lv\/product\/saldo-kartupelu-aunazirnu-karijs-100g\/","title":{"rendered":"Saldo kartupe\u013cu aunazir\u0146u karijs 100g"},"content":{"rendered":"<p><img loading=\"lazy\" decoding=\"async\" class=\"alignnone size-medium wp-image-36382\" src=\"https:\/\/kingarms.ee\/wp-content\/uploads\/2022\/02\/Sweet_Potato_Curry-300x239.png\" alt=\"\" width=\"300\" height=\"239\" srcset=\"https:\/\/kingarms.ee\/wp-content\/uploads\/2022\/02\/Sweet_Potato_Curry-300x239.png 300w, https:\/\/kingarms.ee\/wp-content\/uploads\/2022\/02\/Sweet_Potato_Curry-150x120.png 150w, https:\/\/kingarms.ee\/wp-content\/uploads\/2022\/02\/Sweet_Potato_Curry-500x399.png 500w, https:\/\/kingarms.ee\/wp-content\/uploads\/2022\/02\/Sweet_Potato_Curry-1024x817.png 1024w, https:\/\/kingarms.ee\/wp-content\/uploads\/2022\/02\/Sweet_Potato_Curry-768x613.png 768w, https:\/\/kingarms.ee\/wp-content\/uploads\/2022\/02\/Sweet_Potato_Curry-1536x1225.png 1536w, https:\/\/kingarms.ee\/wp-content\/uploads\/2022\/02\/Sweet_Potato_Curry.png 1798w\" sizes=\"auto, (max-width: 300px) 100vw, 300px\" \/><\/p>\n","protected":false},"excerpt":{"rendered":"<p>Saldo kartupe\u013cu aunazir\u0146u karijs 100g<\/p>\n<ul>\n<li>Jauks saldais \u0113diens<\/li>\n<li>Lietotas augstas kvalit\u0101tes sast\u0101vda\u013cas<\/li>\n<li>Jauka gar\u0161a<\/li>\n<li><span lang=\"ET\">Dabiski un ra\u017eoti Igaunij\u0101 <\/span><\/li>\n<li><span lang=\"ET\">Nesatur saglab\u0101\u0161ana UNPIEDEVA<\/span><\/li>\n<li><span lang=\"ET\">Ener\u0123\u0113tisk\u0101 v\u0113rt\u012bba uz porciju ir 470 kcal<\/span><\/li>\n<\/ul>\n<p><strong>Koostisosad:<\/strong><br clear=\"none\">Riis, kikerherned (16%), bataat (16%), purustatud tomat, sibul, kookospiim, rapsi\u00f5li, suhkur, k\u00fc\u00fcslauk, ingver, laimimahl, jahvatatud v\u00fcrtsk\u00f6\u00f6mned, karripulber, kurkum, koriander, t\u0161illihelbed. <strong>Tulenevalt tootmisliinist v\u00f5ib toode sisaldada v\u00e4hesel m\u00e4\u00e4ral sellerit, sinepit ja piima.<\/strong><\/p>\n","protected":false},"featured_media":115222,"template":"","meta":{"_acf_changed":false},"product_brand":[],"product_cat":[1128],"product_tag":[],"class_list":{"0":"post-151323","1":"product","2":"type-product","3":"status-publish","4":"has-post-thumbnail","6":"product_cat-taktiska-partikas","8":"first","9":"instock","10":"taxable","11":"shipping-taxable","12":"purchasable","13":"product-type-simple"},"acf":[],"_links":{"self":[{"href":"https:\/\/kingarms.ee\/lv\/wp-json\/wp\/v2\/product\/151323","targetHints":{"allow":["GET"]}}],"collection":[{"href":"https:\/\/kingarms.ee\/lv\/wp-json\/wp\/v2\/product"}],"about":[{"href":"https:\/\/kingarms.ee\/lv\/wp-json\/wp\/v2\/types\/product"}],"wp:featuredmedia":[{"embeddable":true,"href":"https:\/\/kingarms.ee\/lv\/wp-json\/wp\/v2\/media\/115222"}],"wp:attachment":[{"href":"https:\/\/kingarms.ee\/lv\/wp-json\/wp\/v2\/media?parent=151323"}],"wp:term":[{"taxonomy":"product_brand","embeddable":true,"href":"https:\/\/kingarms.ee\/lv\/wp-json\/wp\/v2\/product_brand?post=151323"},{"taxonomy":"product_cat","embeddable":true,"href":"https:\/\/kingarms.ee\/lv\/wp-json\/wp\/v2\/product_cat?post=151323"},{"taxonomy":"product_tag","embeddable":true,"href":"https:\/\/kingarms.ee\/lv\/wp-json\/wp\/v2\/product_tag?post=151323"}],"curies":[{"name":"wp","href":"https:\/\/api.w.org\/{rel}","templated":true}]}}