{"id":151325,"date":"2022-02-03T14:12:40","date_gmt":"2025-06-28T15:10:06","guid":{"rendered":"https:\/\/kingarms.ee\/product\/vistas-karijs-ar-risiem-100g\/"},"modified":"2025-06-28T18:10:06","modified_gmt":"2025-06-28T15:10:06","slug":"vistas-karijs-ar-risiem-100g","status":"publish","type":"product","link":"https:\/\/kingarms.ee\/lv\/product\/vistas-karijs-ar-risiem-100g\/","title":{"rendered":"Vistas karijs ar r\u012bsiem 100g"},"content":{"rendered":"<p><img loading=\"lazy\" decoding=\"async\" class=\"alignnone size-medium wp-image-36356\" src=\"https:\/\/kingarms.ee\/wp-content\/uploads\/2022\/02\/Curry_chicken_rice-300x239.png\" alt=\"\" width=\"300\" height=\"239\" srcset=\"https:\/\/kingarms.ee\/wp-content\/uploads\/2022\/02\/Curry_chicken_rice-300x239.png 300w, https:\/\/kingarms.ee\/wp-content\/uploads\/2022\/02\/Curry_chicken_rice-150x120.png 150w, https:\/\/kingarms.ee\/wp-content\/uploads\/2022\/02\/Curry_chicken_rice-500x399.png 500w, https:\/\/kingarms.ee\/wp-content\/uploads\/2022\/02\/Curry_chicken_rice-1024x817.png 1024w, https:\/\/kingarms.ee\/wp-content\/uploads\/2022\/02\/Curry_chicken_rice-768x613.png 768w, https:\/\/kingarms.ee\/wp-content\/uploads\/2022\/02\/Curry_chicken_rice-1536x1225.png 1536w, https:\/\/kingarms.ee\/wp-content\/uploads\/2022\/02\/Curry_chicken_rice.png 1798w\" sizes=\"auto, (max-width: 300px) 100vw, 300px\" \/><\/p>\n","protected":false},"excerpt":{"rendered":"<ul>\n<li>Kr\u0113mveida m\u0113reni pikants karija \u0113diens<\/li>\n<li>Maz\u0101k \u016bdens = spicier,<\/li>\n<li><span lang=\"ET\">Dabiski un ra\u017eoti Igaunij\u0101 <\/span><\/li>\n<li><span lang=\"ET\">Nesatur saglab\u0101\u0161ana UNPIEDEVA<\/span><\/li>\n<li><span lang=\"ET\">Ener\u0123\u0113tisk\u0101 v\u0113rt\u012bba uz porciju ir 500 kcal<\/span><\/li>\n<\/ul>\n<p><strong>Sast\u0101vda\u013ca: <\/strong><\/p>\n<div class=\"description\">\n<p>R\u012bsi (40%), vistas fileja (17%), <strong>kr\u0113jums, vista<\/strong>s buljons, rap\u0161u e\u013c\u013ca, tom\u0101ti, pipari, karija pasta, gar\u0161augi, gar\u0161vielas, s\u0101ls.Ra\u017eo\u0161anas l\u012bnijas d\u0113\u013c produkts var <strong>satur\u0113t nelielu daudzumu selerijas un sinepju.<\/strong><\/p>\n<\/div>\n","protected":false},"featured_media":115210,"template":"","meta":{"_acf_changed":false},"product_brand":[],"product_cat":[1128],"product_tag":[],"class_list":{"0":"post-151325","1":"product","2":"type-product","3":"status-publish","4":"has-post-thumbnail","6":"product_cat-taktiska-partikas","8":"first","9":"instock","10":"taxable","11":"shipping-taxable","12":"purchasable","13":"product-type-simple"},"acf":[],"_links":{"self":[{"href":"https:\/\/kingarms.ee\/lv\/wp-json\/wp\/v2\/product\/151325","targetHints":{"allow":["GET"]}}],"collection":[{"href":"https:\/\/kingarms.ee\/lv\/wp-json\/wp\/v2\/product"}],"about":[{"href":"https:\/\/kingarms.ee\/lv\/wp-json\/wp\/v2\/types\/product"}],"wp:featuredmedia":[{"embeddable":true,"href":"https:\/\/kingarms.ee\/lv\/wp-json\/wp\/v2\/media\/115210"}],"wp:attachment":[{"href":"https:\/\/kingarms.ee\/lv\/wp-json\/wp\/v2\/media?parent=151325"}],"wp:term":[{"taxonomy":"product_brand","embeddable":true,"href":"https:\/\/kingarms.ee\/lv\/wp-json\/wp\/v2\/product_brand?post=151325"},{"taxonomy":"product_cat","embeddable":true,"href":"https:\/\/kingarms.ee\/lv\/wp-json\/wp\/v2\/product_cat?post=151325"},{"taxonomy":"product_tag","embeddable":true,"href":"https:\/\/kingarms.ee\/lv\/wp-json\/wp\/v2\/product_tag?post=151325"}],"curies":[{"name":"wp","href":"https:\/\/api.w.org\/{rel}","templated":true}]}}