{"id":151326,"date":"2022-02-03T14:05:55","date_gmt":"2025-06-28T15:10:43","guid":{"rendered":"https:\/\/kingarms.ee\/product\/nudelu-ediens-ar-vistu-115g\/"},"modified":"2025-06-28T18:10:43","modified_gmt":"2025-06-28T15:10:43","slug":"nudelu-ediens-ar-vistu-115g","status":"publish","type":"product","link":"https:\/\/kingarms.ee\/lv\/product\/nudelu-ediens-ar-vistu-115g\/","title":{"rendered":"N\u016bde\u013cu \u0113diens ar vistu 115g"},"content":{"rendered":"<p><img loading=\"lazy\" decoding=\"async\" class=\"alignnone size-medium wp-image-36330\" src=\"https:\/\/kingarms.ee\/wp-content\/uploads\/2022\/02\/Chicken_and_Noodles-300x239.png\" alt=\"\" width=\"300\" height=\"239\" srcset=\"https:\/\/kingarms.ee\/wp-content\/uploads\/2022\/02\/Chicken_and_Noodles-300x239.png 300w, https:\/\/kingarms.ee\/wp-content\/uploads\/2022\/02\/Chicken_and_Noodles-150x120.png 150w, https:\/\/kingarms.ee\/wp-content\/uploads\/2022\/02\/Chicken_and_Noodles-500x399.png 500w, https:\/\/kingarms.ee\/wp-content\/uploads\/2022\/02\/Chicken_and_Noodles-1024x817.png 1024w, https:\/\/kingarms.ee\/wp-content\/uploads\/2022\/02\/Chicken_and_Noodles-768x613.png 768w, https:\/\/kingarms.ee\/wp-content\/uploads\/2022\/02\/Chicken_and_Noodles-1536x1225.png 1536w, https:\/\/kingarms.ee\/wp-content\/uploads\/2022\/02\/Chicken_and_Noodles.png 1798w\" sizes=\"auto, (max-width: 300px) 100vw, 300px\" \/><\/p>\n","protected":false},"excerpt":{"rendered":"<ul>\n<li>N\u016bdeles ar ceptu vistu<\/li>\n<li>Kokosriekstu piens un da\u017e\u0101das gar\u0161vielas dod pat\u012bkamu gar\u0161u<\/li>\n<li><span lang=\"ET\">Dabiski un ra\u017eoti Igaunij\u0101 <\/span><\/li>\n<li><span lang=\"ET\">Nesatur saglab\u0101\u0161ana UNPIEDEVA<\/span><\/li>\n<li><span lang=\"ET\">Ener\u0123\u0113tisk\u0101 v\u0113rt\u012bba uz porciju ir 550 kcal<\/span><\/li>\n<\/ul>\n<p><strong>Sast\u0101vda\u013ca: <\/strong><\/p>\n<div class=\"description\">\n<p>N\u016bdeles (45%) (<strong>kvie\u0161u milti<\/strong>, \u016bdens, kurkuma), vistas fileja (15%), burk\u0101ni, kr\u0113jums, <strong>kokosriekstu piens<\/strong>, mung pupi\u0146u k\u0101posti, pipari, cukurzir\u0146i, puravi, zir\u0146i, s\u0113nes, p\u0113ters\u012b\u013ci, s\u0101ls, gar\u0161vielas. Ra\u017eo\u0161anas l\u012bnijas d\u0113\u013c <strong>produkts var satur\u0113t nelielu daudzumu selerijas un sinepju.<\/strong><\/p>\n<\/div>\n","protected":false},"featured_media":115198,"template":"","meta":{"_acf_changed":false},"product_brand":[],"product_cat":[1128],"product_tag":[],"class_list":{"0":"post-151326","1":"product","2":"type-product","3":"status-publish","4":"has-post-thumbnail","6":"product_cat-taktiska-partikas","8":"first","9":"onbackorder","10":"taxable","11":"shipping-taxable","12":"product-type-simple"},"acf":[],"_links":{"self":[{"href":"https:\/\/kingarms.ee\/lv\/wp-json\/wp\/v2\/product\/151326","targetHints":{"allow":["GET"]}}],"collection":[{"href":"https:\/\/kingarms.ee\/lv\/wp-json\/wp\/v2\/product"}],"about":[{"href":"https:\/\/kingarms.ee\/lv\/wp-json\/wp\/v2\/types\/product"}],"wp:featuredmedia":[{"embeddable":true,"href":"https:\/\/kingarms.ee\/lv\/wp-json\/wp\/v2\/media\/115198"}],"wp:attachment":[{"href":"https:\/\/kingarms.ee\/lv\/wp-json\/wp\/v2\/media?parent=151326"}],"wp:term":[{"taxonomy":"product_brand","embeddable":true,"href":"https:\/\/kingarms.ee\/lv\/wp-json\/wp\/v2\/product_brand?post=151326"},{"taxonomy":"product_cat","embeddable":true,"href":"https:\/\/kingarms.ee\/lv\/wp-json\/wp\/v2\/product_cat?post=151326"},{"taxonomy":"product_tag","embeddable":true,"href":"https:\/\/kingarms.ee\/lv\/wp-json\/wp\/v2\/product_tag?post=151326"}],"curies":[{"name":"wp","href":"https:\/\/api.w.org\/{rel}","templated":true}]}}