{"id":151329,"date":"2022-02-03T13:56:00","date_gmt":"2025-06-28T15:12:02","guid":{"rendered":"https:\/\/kingarms.ee\/product\/zivju-karijs-ar-risiem-110g\/"},"modified":"2025-06-28T18:12:02","modified_gmt":"2025-06-28T15:12:02","slug":"zivju-karijs-ar-risiem-110g","status":"publish","type":"product","link":"https:\/\/kingarms.ee\/lv\/product\/zivju-karijs-ar-risiem-110g\/","title":{"rendered":"Zivju karijs ar r\u012bsiem 110g"},"content":{"rendered":"<p><img loading=\"lazy\" decoding=\"async\" class=\"alignnone size-medium wp-image-36304\" src=\"https:\/\/kingarms.ee\/wp-content\/uploads\/2022\/02\/Fish_Curry-1-300x239.png\" alt=\"\" width=\"300\" height=\"239\" srcset=\"https:\/\/kingarms.ee\/wp-content\/uploads\/2022\/02\/Fish_Curry-1-300x239.png 300w, https:\/\/kingarms.ee\/wp-content\/uploads\/2022\/02\/Fish_Curry-1-150x120.png 150w, https:\/\/kingarms.ee\/wp-content\/uploads\/2022\/02\/Fish_Curry-1-500x399.png 500w, https:\/\/kingarms.ee\/wp-content\/uploads\/2022\/02\/Fish_Curry-1-1024x817.png 1024w, https:\/\/kingarms.ee\/wp-content\/uploads\/2022\/02\/Fish_Curry-1-768x613.png 768w, https:\/\/kingarms.ee\/wp-content\/uploads\/2022\/02\/Fish_Curry-1-1536x1225.png 1536w, https:\/\/kingarms.ee\/wp-content\/uploads\/2022\/02\/Fish_Curry-1.png 1798w\" sizes=\"auto, (max-width: 300px) 100vw, 300px\" \/><\/p>\n","protected":false},"excerpt":{"rendered":"<ul>\n<li>Gar\u0161\u012bgs \u0100zijas zivju karijs, kas izgatavots no heka filejas<\/li>\n<li>Gar\u0161\u012bgi pikants un gar\u0161\u012bgs<\/li>\n<li><span lang=\"ET\">Dabiski un ra\u017eoti Igaunij\u0101 <\/span><\/li>\n<li><span lang=\"ET\">Nesatur saglab\u0101\u0161ana UNPIEDEVA<\/span><\/li>\n<li><span lang=\"ET\">Ener\u0123\u0113tisk\u0101 v\u0113rt\u012bba uz porciju ir 481 kcal<\/span><\/li>\n<\/ul>\n<p><strong>Sast\u0101vda\u013ca: <\/strong><\/p>\n<p>R\u012bsi, <strong>heka fileja<\/strong> (20%), broko\u013ci, zivju buljons, <strong>kokosriekstu<\/strong> piens, s\u012bpols, rap\u0161u e\u013c\u013ca, \u0137iploki, \u0137ime\u0146u s\u0113klas, koriandrs, karija pasta, laima sula.<\/p>\n<p>Ra\u017eo\u0161anas l\u012bnijas d\u0113\u013c produkts var satur\u0113t nelielu daudzumu selerijas, sinepju un piena.<\/p>\n","protected":false},"featured_media":115186,"template":"","meta":{"_acf_changed":false},"product_brand":[],"product_cat":[1128],"product_tag":[],"class_list":{"0":"post-151329","1":"product","2":"type-product","3":"status-publish","4":"has-post-thumbnail","6":"product_cat-taktiska-partikas","8":"first","9":"instock","10":"taxable","11":"shipping-taxable","12":"purchasable","13":"product-type-simple"},"acf":[],"_links":{"self":[{"href":"https:\/\/kingarms.ee\/lv\/wp-json\/wp\/v2\/product\/151329","targetHints":{"allow":["GET"]}}],"collection":[{"href":"https:\/\/kingarms.ee\/lv\/wp-json\/wp\/v2\/product"}],"about":[{"href":"https:\/\/kingarms.ee\/lv\/wp-json\/wp\/v2\/types\/product"}],"wp:featuredmedia":[{"embeddable":true,"href":"https:\/\/kingarms.ee\/lv\/wp-json\/wp\/v2\/media\/115186"}],"wp:attachment":[{"href":"https:\/\/kingarms.ee\/lv\/wp-json\/wp\/v2\/media?parent=151329"}],"wp:term":[{"taxonomy":"product_brand","embeddable":true,"href":"https:\/\/kingarms.ee\/lv\/wp-json\/wp\/v2\/product_brand?post=151329"},{"taxonomy":"product_cat","embeddable":true,"href":"https:\/\/kingarms.ee\/lv\/wp-json\/wp\/v2\/product_cat?post=151329"},{"taxonomy":"product_tag","embeddable":true,"href":"https:\/\/kingarms.ee\/lv\/wp-json\/wp\/v2\/product_tag?post=151329"}],"curies":[{"name":"wp","href":"https:\/\/api.w.org\/{rel}","templated":true}]}}