{"id":151330,"date":"2022-02-03T13:50:01","date_gmt":"2025-06-28T15:12:57","guid":{"rendered":"https:\/\/kingarms.ee\/product\/tunca-makaroni-110g\/"},"modified":"2025-06-28T18:12:57","modified_gmt":"2025-06-28T15:12:57","slug":"tunca-makaroni-110g","status":"publish","type":"product","link":"https:\/\/kingarms.ee\/lv\/product\/tunca-makaroni-110g\/","title":{"rendered":"Tun\u010da makaroni 110g"},"content":{"rendered":"<p><img loading=\"lazy\" decoding=\"async\" class=\"alignnone size-medium wp-image-36287\" src=\"https:\/\/kingarms.ee\/wp-content\/uploads\/2022\/02\/Tuna_Pasta-300x239.png\" alt=\"\" width=\"300\" height=\"239\" srcset=\"https:\/\/kingarms.ee\/wp-content\/uploads\/2022\/02\/Tuna_Pasta-300x239.png 300w, https:\/\/kingarms.ee\/wp-content\/uploads\/2022\/02\/Tuna_Pasta-150x120.png 150w, https:\/\/kingarms.ee\/wp-content\/uploads\/2022\/02\/Tuna_Pasta-500x399.png 500w, https:\/\/kingarms.ee\/wp-content\/uploads\/2022\/02\/Tuna_Pasta-1024x817.png 1024w, https:\/\/kingarms.ee\/wp-content\/uploads\/2022\/02\/Tuna_Pasta-768x613.png 768w, https:\/\/kingarms.ee\/wp-content\/uploads\/2022\/02\/Tuna_Pasta-1536x1225.png 1536w, https:\/\/kingarms.ee\/wp-content\/uploads\/2022\/02\/Tuna_Pasta.png 1798w\" sizes=\"auto, (max-width: 300px) 100vw, 300px\" \/><\/p>\n","protected":false},"excerpt":{"rendered":"<ul>\n<li>Pamatojoties uz D\u017eeimija Olivera \u0113dieniem<\/li>\n<li>Lietotas augstas kvalit\u0101tes sast\u0101vda\u013cas<\/li>\n<li>Kr\u0113mveida tom\u0101tu pasta<\/li>\n<li><span lang=\"ET\">Dabiski un ra\u017eoti Igaunij\u0101 <\/span><\/li>\n<li><span lang=\"ET\">Nesatur saglab\u0101\u0161ana UNPIEDEVA<\/span><\/li>\n<li><span lang=\"ET\">Ener\u0123\u0113tisk\u0101 v\u0113rt\u012bba uz porciju ir 500 kcal<\/span><\/li>\n<\/ul>\n<p><strong>Sast\u0101vda\u013ca:<\/strong><br clear=\"none\"><strong>Makaroni<\/strong>(50%) (cieto kvie\u0161u milti, \u016bdens), sasmalcin\u0101ti tom\u0101ti, tuncis e\u013c\u013c\u0101 (18%), zivju <strong>buljons,<\/strong> rap\u0161u e\u013c\u013ca, <strong>cietais siers<\/strong>, cukurs, \u010dili, kan\u0113lis, baziliks, pipari, s\u0101ls. Ra\u017eo\u0161anas <strong>l\u012bnijas d\u0113\u013c<\/strong> produkts var satur\u0113t nelielu <strong>daudzumu<\/strong> selerijas un sinepju.<\/p>\n","protected":false},"featured_media":115176,"template":"","meta":{"_acf_changed":false},"product_brand":[],"product_cat":[1128],"product_tag":[],"class_list":{"0":"post-151330","1":"product","2":"type-product","3":"status-publish","4":"has-post-thumbnail","6":"product_cat-taktiska-partikas","8":"first","9":"instock","10":"taxable","11":"shipping-taxable","12":"purchasable","13":"product-type-simple"},"acf":[],"_links":{"self":[{"href":"https:\/\/kingarms.ee\/lv\/wp-json\/wp\/v2\/product\/151330","targetHints":{"allow":["GET"]}}],"collection":[{"href":"https:\/\/kingarms.ee\/lv\/wp-json\/wp\/v2\/product"}],"about":[{"href":"https:\/\/kingarms.ee\/lv\/wp-json\/wp\/v2\/types\/product"}],"wp:featuredmedia":[{"embeddable":true,"href":"https:\/\/kingarms.ee\/lv\/wp-json\/wp\/v2\/media\/115176"}],"wp:attachment":[{"href":"https:\/\/kingarms.ee\/lv\/wp-json\/wp\/v2\/media?parent=151330"}],"wp:term":[{"taxonomy":"product_brand","embeddable":true,"href":"https:\/\/kingarms.ee\/lv\/wp-json\/wp\/v2\/product_brand?post=151330"},{"taxonomy":"product_cat","embeddable":true,"href":"https:\/\/kingarms.ee\/lv\/wp-json\/wp\/v2\/product_cat?post=151330"},{"taxonomy":"product_tag","embeddable":true,"href":"https:\/\/kingarms.ee\/lv\/wp-json\/wp\/v2\/product_tag?post=151330"}],"curies":[{"name":"wp","href":"https:\/\/api.w.org\/{rel}","templated":true}]}}