{"id":151332,"date":"2021-12-03T15:14:11","date_gmt":"2025-06-28T15:14:19","guid":{"rendered":"https:\/\/kingarms.ee\/product\/racijas-macins-amomax\/"},"modified":"2025-06-28T18:14:19","modified_gmt":"2025-06-28T15:14:19","slug":"racijas-macins-amomax","status":"publish","type":"product","link":"https:\/\/kingarms.ee\/lv\/product\/racijas-macins-amomax\/","title":{"rendered":"R\u0101cijas maci\u0146\u0161 (Amomax)"},"content":{"rendered":"<p><img loading=\"lazy\" decoding=\"async\" class=\"alignnone size-medium wp-image-33362\" src=\"https:\/\/kingarms.ee\/wp-content\/uploads\/2021\/12\/1152230117_1-300x200.jpeg\" alt=\"\" width=\"300\" height=\"200\" srcset=\"https:\/\/kingarms.ee\/wp-content\/uploads\/2021\/12\/1152230117_1-300x200.jpeg 300w, https:\/\/kingarms.ee\/wp-content\/uploads\/2021\/12\/1152230117_1-150x100.jpeg 150w, https:\/\/kingarms.ee\/wp-content\/uploads\/2021\/12\/1152230117_1-500x333.jpeg 500w, https:\/\/kingarms.ee\/wp-content\/uploads\/2021\/12\/1152230117_1-1024x682.jpeg 1024w, https:\/\/kingarms.ee\/wp-content\/uploads\/2021\/12\/1152230117_1-768x512.jpeg 768w, https:\/\/kingarms.ee\/wp-content\/uploads\/2021\/12\/1152230117_1-1536x1024.jpeg 1536w, https:\/\/kingarms.ee\/wp-content\/uploads\/2021\/12\/1152230117_1.jpeg 2000w\" sizes=\"auto, (max-width: 300px) 100vw, 300px\" \/><\/p>\n","protected":false},"excerpt":{"rendered":"<p>R\u0101cijas maci\u0146\u0161 (Amomax)<\/p>\n<p>Maci\u0146\u0161, kas izgatavots no iztur\u012bga polim\u0113ra, pied\u0101v\u0101 stingru aizsardz\u012bbu, nodro\u0161inot, ka pogas vairs netiek nejau\u0161i iesl\u0113gtas<\/p>\n<p>Maksts spriegojumu var viegli noregul\u0113t ar div\u0101m priek\u0161\u0113j\u0101m skr\u016bv\u0113m bez citiem instrumentiem. Tas nodro\u0161ina, ka r\u0101cija labi un stingri turas, bet to ir viegli izvilkt ar vienu roku. <\/p>\n<p>Vair\u0101ki gult\u0146u veidi \/ 360 gr\u0101du rot\u0101cija<\/p>\n<p>Amomax radio kab\u012bne ir piem\u0113rota da\u017e\u0101diem p\u0101rn\u0113s\u0101\u0161anas piederumiem, ieskaitot brad\u0101t (standarta), jostas klipu, MOLLE un nolai\u0161anas k\u0101ju platformu.<\/p>\n<p>Savienojot ar p\u0101rnesumu, tur\u0113t\u0101js atbalsta 360 gr\u0101du Rot\u0101ciju.<\/p>\n","protected":false},"featured_media":114351,"template":"","meta":{"_acf_changed":false},"product_brand":[],"product_cat":[1123],"product_tag":[],"class_list":{"0":"post-151332","1":"product","2":"type-product","3":"status-publish","4":"has-post-thumbnail","6":"product_cat-apstradataji","8":"first","9":"instock","10":"taxable","11":"shipping-taxable","12":"purchasable","13":"product-type-simple"},"acf":[],"_links":{"self":[{"href":"https:\/\/kingarms.ee\/lv\/wp-json\/wp\/v2\/product\/151332","targetHints":{"allow":["GET"]}}],"collection":[{"href":"https:\/\/kingarms.ee\/lv\/wp-json\/wp\/v2\/product"}],"about":[{"href":"https:\/\/kingarms.ee\/lv\/wp-json\/wp\/v2\/types\/product"}],"wp:featuredmedia":[{"embeddable":true,"href":"https:\/\/kingarms.ee\/lv\/wp-json\/wp\/v2\/media\/114351"}],"wp:attachment":[{"href":"https:\/\/kingarms.ee\/lv\/wp-json\/wp\/v2\/media?parent=151332"}],"wp:term":[{"taxonomy":"product_brand","embeddable":true,"href":"https:\/\/kingarms.ee\/lv\/wp-json\/wp\/v2\/product_brand?post=151332"},{"taxonomy":"product_cat","embeddable":true,"href":"https:\/\/kingarms.ee\/lv\/wp-json\/wp\/v2\/product_cat?post=151332"},{"taxonomy":"product_tag","embeddable":true,"href":"https:\/\/kingarms.ee\/lv\/wp-json\/wp\/v2\/product_tag?post=151332"}],"curies":[{"name":"wp","href":"https:\/\/api.w.org\/{rel}","templated":true}]}}