{"id":151333,"date":"2021-12-02T22:19:29","date_gmt":"2025-06-28T15:15:36","guid":{"rendered":"https:\/\/kingarms.ee\/product\/kar98k-zelta-erglis\/"},"modified":"2025-06-28T18:15:36","modified_gmt":"2025-06-28T15:15:36","slug":"kar98k-zelta-erglis","status":"publish","type":"product","link":"https:\/\/kingarms.ee\/lv\/product\/kar98k-zelta-erglis\/","title":{"rendered":"KAR98K (Zelta \u0113rglis)"},"content":{"rendered":"<p><img loading=\"lazy\" decoding=\"async\" class=\"alignnone size-medium wp-image-33269\" src=\"https:\/\/kingarms.ee\/wp-content\/uploads\/2021\/12\/1152190150_1-300x200.jpeg\" alt=\"\" width=\"300\" height=\"200\" srcset=\"https:\/\/kingarms.ee\/wp-content\/uploads\/2021\/12\/1152190150_1-300x200.jpeg 300w, https:\/\/kingarms.ee\/wp-content\/uploads\/2021\/12\/1152190150_1-150x100.jpeg 150w, https:\/\/kingarms.ee\/wp-content\/uploads\/2021\/12\/1152190150_1-500x333.jpeg 500w, https:\/\/kingarms.ee\/wp-content\/uploads\/2021\/12\/1152190150_1-768x512.jpeg 768w, https:\/\/kingarms.ee\/wp-content\/uploads\/2021\/12\/1152190150_1.jpeg 800w\" sizes=\"auto, (max-width: 300px) 100vw, 300px\" \/><\/p>\n","protected":false},"excerpt":{"rendered":"<p>KAR98K (Zelta \u0113rglis)<\/p>\n<p>Kar98k \u0161autenes kopija (ar atsperi)-polim\u0113ra versija<\/p>\n<p>Le\u0123end\u0101r\u0101s Otr\u0101 pasaules kara \u0161autenes kopija. Rokas aizsargs un \u0100r\u0113jais cilindra v\u0101ks ir izgatavoti no iztur\u012bgas koka kr\u0101sas plastmasas. Caurule, slaids, t\u0113m\u0113k\u013ci, spr\u016bda un spr\u016bda aizsargs ir izgatavoti no met\u0101la.  <\/p>\n<p>Turkl\u0101t ra\u017eot\u0101js cent\u0101s p\u0113c iesp\u0113jas lab\u0101k reproduc\u0113t \u0161aujamiero\u010da \u0161au\u0161anas principu no kol\u0113\u0123a. Kopija uz\u0146em 6 mm BB, kas tiek ievietoti \u012bpa\u0161os apvalkos. \u010caulas ar BBS kamer\u0101 tiek iel\u0101d\u0113tas identiski k\u0101 \u0161aujamierocim \u2013 vai nu manu\u0101li pa pagriezieniem, vai izmantojot t\u0101 saucam\u0101s &#8220;laivas&#8221;, kuras novieto tie\u0161i virs kameras, un p\u0113c tam visas piecas &#8220;patronas&#8221; tiek ievietotas vien\u0101 kust\u012bb\u0101. Kar98k ir skr\u016bvju \u0161autenes kopija, \u0161eit ir saglab\u0101ta ar\u012b sist\u0113ma. P\u0113c katra \u0161\u0101viena mums ir j\u0101p\u0101rl\u0101d\u0113 \u0161autene, veicot 4 kust\u012bbas ar sviru. P\u0113c \u0161\u0101viena pabeig\u0161anas un n\u0101kam\u0101s k\u0101rtas iel\u0101des tuk\u0161ais apvalks izlec t\u0101pat k\u0101 \u012bsta \u0161\u0101viena laik\u0101.     <\/p>\n<p>\u0160\u012b \u0161autene bija da\u013ca no vien\u012bbu apr\u012bkojuma, kas c\u012bn\u012bj\u0101s vair\u0101k\u0101s Otr\u0101 pasaules kara front\u0113s, t\u0101p\u0113c to pa\u0161laik izmanto daudzi \u0161\u012b perioda restauratori. Tas ir \u012bsts baud\u012bjums visiem kolekcion\u0101riem un entuziastiem! <\/p>\n<p>Komplekt\u0101 ietilpst<\/p>\n<p>&#8211; \u0161autene<\/p>\n<p>&#8211; 5 \u010daulas BB &#8216; s<\/p>\n","protected":false},"featured_media":132415,"template":"","meta":{"_acf_changed":false},"product_brand":[],"product_cat":[1003],"product_tag":[],"class_list":{"0":"post-151333","1":"product","2":"type-product","3":"status-publish","4":"has-post-thumbnail","6":"product_cat-snaipera-pistoles","8":"first","9":"outofstock","10":"taxable","11":"shipping-taxable","12":"purchasable","13":"product-type-simple"},"acf":[],"_links":{"self":[{"href":"https:\/\/kingarms.ee\/lv\/wp-json\/wp\/v2\/product\/151333","targetHints":{"allow":["GET"]}}],"collection":[{"href":"https:\/\/kingarms.ee\/lv\/wp-json\/wp\/v2\/product"}],"about":[{"href":"https:\/\/kingarms.ee\/lv\/wp-json\/wp\/v2\/types\/product"}],"wp:featuredmedia":[{"embeddable":true,"href":"https:\/\/kingarms.ee\/lv\/wp-json\/wp\/v2\/media\/132415"}],"wp:attachment":[{"href":"https:\/\/kingarms.ee\/lv\/wp-json\/wp\/v2\/media?parent=151333"}],"wp:term":[{"taxonomy":"product_brand","embeddable":true,"href":"https:\/\/kingarms.ee\/lv\/wp-json\/wp\/v2\/product_brand?post=151333"},{"taxonomy":"product_cat","embeddable":true,"href":"https:\/\/kingarms.ee\/lv\/wp-json\/wp\/v2\/product_cat?post=151333"},{"taxonomy":"product_tag","embeddable":true,"href":"https:\/\/kingarms.ee\/lv\/wp-json\/wp\/v2\/product_tag?post=151333"}],"curies":[{"name":"wp","href":"https:\/\/api.w.org\/{rel}","templated":true}]}}