{"id":151334,"date":"2021-10-14T12:57:48","date_gmt":"2021-10-14T09:57:48","guid":{"rendered":"https:\/\/kingarms.ee\/product\/starta-pistole-xr-9mm-retay\/"},"modified":"2025-06-28T18:18:39","modified_gmt":"2025-06-28T15:18:39","slug":"starta-pistole-xr-9mm-retay","status":"publish","type":"product","link":"https:\/\/kingarms.ee\/lv\/product\/starta-pistole-xr-9mm-retay\/","title":{"rendered":"Starta pistole XR 9mm (Retay)"},"content":{"rendered":"<p><img loading=\"lazy\" decoding=\"async\" class=\"alignnone size-medium wp-image-32844\" src=\"https:\/\/kingarms.ee\/wp-content\/uploads\/2021\/10\/2f2daf6b-3967-11e8-8487-001e67ad91cb_f24a11bb-ad9f-11eb-8fa3-00155dd95b07-1-300x300.png\" alt=\"\" width=\"300\" height=\"300\" srcset=\"https:\/\/kingarms.ee\/wp-content\/uploads\/2021\/10\/2f2daf6b-3967-11e8-8487-001e67ad91cb_f24a11bb-ad9f-11eb-8fa3-00155dd95b07-1-300x300.png 300w, https:\/\/kingarms.ee\/wp-content\/uploads\/2021\/10\/2f2daf6b-3967-11e8-8487-001e67ad91cb_f24a11bb-ad9f-11eb-8fa3-00155dd95b07-1-150x150.png 150w, https:\/\/kingarms.ee\/wp-content\/uploads\/2021\/10\/2f2daf6b-3967-11e8-8487-001e67ad91cb_f24a11bb-ad9f-11eb-8fa3-00155dd95b07-1-500x500.png 500w, https:\/\/kingarms.ee\/wp-content\/uploads\/2021\/10\/2f2daf6b-3967-11e8-8487-001e67ad91cb_f24a11bb-ad9f-11eb-8fa3-00155dd95b07-1-1024x1024.png 1024w, https:\/\/kingarms.ee\/wp-content\/uploads\/2021\/10\/2f2daf6b-3967-11e8-8487-001e67ad91cb_f24a11bb-ad9f-11eb-8fa3-00155dd95b07-1-768x768.png 768w, https:\/\/kingarms.ee\/wp-content\/uploads\/2021\/10\/2f2daf6b-3967-11e8-8487-001e67ad91cb_f24a11bb-ad9f-11eb-8fa3-00155dd95b07-1.png 1500w\" sizes=\"auto, (max-width: 300px) 100vw, 300px\" \/><\/p>\n","protected":false},"excerpt":{"rendered":"<div>Starta pistole XR 9mm (Retay)<\/div>\n<div>Kalibrs 9 mm P. A. K<\/div>\n<div>Papl\u0101tes ietilp\u012bba 14 + 1<\/div>\n<div>Dro\u0161\u012bbas pin dro\u0161\u012bba<\/div>\n<div>Garums 179 mm<\/div>\n<div>Augstums 130 mm<\/div>\n<div>Svars 719 gr<\/div>\n<div>\n<div>\n<p>Produkta Galvot\u0101d\u017es 3 g Gadus un coress Uztur\u0113\u0161anas laik\u0101 Bezkkkk<\/p>\n<\/div>\n<\/div>\n","protected":false},"featured_media":152603,"template":"","meta":{"_acf_changed":false},"product_brand":[],"product_cat":[1010],"product_tag":[],"class_list":{"0":"post-151334","1":"product","2":"type-product","3":"status-publish","4":"has-post-thumbnail","6":"product_cat-starta-pistoles","8":"first","9":"instock","10":"taxable","11":"shipping-taxable","12":"purchasable","13":"product-type-simple"},"acf":[],"_links":{"self":[{"href":"https:\/\/kingarms.ee\/lv\/wp-json\/wp\/v2\/product\/151334","targetHints":{"allow":["GET"]}}],"collection":[{"href":"https:\/\/kingarms.ee\/lv\/wp-json\/wp\/v2\/product"}],"about":[{"href":"https:\/\/kingarms.ee\/lv\/wp-json\/wp\/v2\/types\/product"}],"wp:featuredmedia":[{"embeddable":true,"href":"https:\/\/kingarms.ee\/lv\/wp-json\/wp\/v2\/media\/152603"}],"wp:attachment":[{"href":"https:\/\/kingarms.ee\/lv\/wp-json\/wp\/v2\/media?parent=151334"}],"wp:term":[{"taxonomy":"product_brand","embeddable":true,"href":"https:\/\/kingarms.ee\/lv\/wp-json\/wp\/v2\/product_brand?post=151334"},{"taxonomy":"product_cat","embeddable":true,"href":"https:\/\/kingarms.ee\/lv\/wp-json\/wp\/v2\/product_cat?post=151334"},{"taxonomy":"product_tag","embeddable":true,"href":"https:\/\/kingarms.ee\/lv\/wp-json\/wp\/v2\/product_tag?post=151334"}],"curies":[{"name":"wp","href":"https:\/\/api.w.org\/{rel}","templated":true}]}}