{"id":151336,"date":"2021-04-17T13:14:16","date_gmt":"2021-04-17T10:14:16","guid":{"rendered":"https:\/\/kingarms.ee\/product\/mk-150-cilveks-kung\/"},"modified":"2025-06-28T18:21:02","modified_gmt":"2025-06-28T15:21:02","slug":"mk-150-cilveks-kung","status":"publish","type":"product","link":"https:\/\/kingarms.ee\/lv\/product\/mk-150-cilveks-kung\/","title":{"rendered":"MK 150 cilv\u0113ks Kung"},"content":{"rendered":"<p><img loading=\"lazy\" decoding=\"async\" class=\"alignnone size-medium wp-image-31990\" src=\"https:\/\/kingarms.ee\/wp-content\/uploads\/2021\/04\/man-kung-recurve-crossbow-150-lbs-black-mk-150b-300x300.jpg\" alt=\"\" width=\"300\" height=\"300\" srcset=\"https:\/\/kingarms.ee\/wp-content\/uploads\/2021\/04\/man-kung-recurve-crossbow-150-lbs-black-mk-150b-300x300.jpg 300w, https:\/\/kingarms.ee\/wp-content\/uploads\/2021\/04\/man-kung-recurve-crossbow-150-lbs-black-mk-150b-150x150.jpg 150w, https:\/\/kingarms.ee\/wp-content\/uploads\/2021\/04\/man-kung-recurve-crossbow-150-lbs-black-mk-150b-500x500.jpg 500w, https:\/\/kingarms.ee\/wp-content\/uploads\/2021\/04\/man-kung-recurve-crossbow-150-lbs-black-mk-150b.jpg 600w\" sizes=\"auto, (max-width: 300px) 100vw, 300px\" \/><\/p>\n","protected":false},"excerpt":{"rendered":"<p>MK 150 cilv\u0113ks Kung<\/p>\n<p>Atk\u0101rto\u0161an\u0101s \u0101boli\u0146\u0101<\/p>\n<p>Jauda 150 lbs<\/p>\n<p>Efekt\u012bva pie 210 kadriem sekund\u0113<\/p>\n<p>Baro\u0161anas sist\u0113ma 10.5 pollici<\/p>\n<p>Past\u0101v\u012bgs Kompoz\u012btu Kr\u0101jums<\/p>\n<p>Alum\u012bnija korpuss<\/p>\n<p>Platums 66cm<\/p>\n<p>Garums 86cm<\/p>\n<p>Svars 2500g<\/p>\n<p>Ieteicams ar alum\u012bnija skr\u016bvi 16 &#8220;<\/p>\n","protected":false},"featured_media":114063,"template":"","meta":{"_acf_changed":false},"product_brand":[],"product_cat":[1013,1014],"product_tag":[],"class_list":{"0":"post-151336","1":"product","2":"type-product","3":"status-publish","4":"has-post-thumbnail","6":"product_cat-loki-un-sen","7":"product_cat-sens","9":"first","10":"instock","11":"taxable","12":"shipping-taxable","13":"purchasable","14":"product-type-simple"},"acf":[],"_links":{"self":[{"href":"https:\/\/kingarms.ee\/lv\/wp-json\/wp\/v2\/product\/151336","targetHints":{"allow":["GET"]}}],"collection":[{"href":"https:\/\/kingarms.ee\/lv\/wp-json\/wp\/v2\/product"}],"about":[{"href":"https:\/\/kingarms.ee\/lv\/wp-json\/wp\/v2\/types\/product"}],"wp:featuredmedia":[{"embeddable":true,"href":"https:\/\/kingarms.ee\/lv\/wp-json\/wp\/v2\/media\/114063"}],"wp:attachment":[{"href":"https:\/\/kingarms.ee\/lv\/wp-json\/wp\/v2\/media?parent=151336"}],"wp:term":[{"taxonomy":"product_brand","embeddable":true,"href":"https:\/\/kingarms.ee\/lv\/wp-json\/wp\/v2\/product_brand?post=151336"},{"taxonomy":"product_cat","embeddable":true,"href":"https:\/\/kingarms.ee\/lv\/wp-json\/wp\/v2\/product_cat?post=151336"},{"taxonomy":"product_tag","embeddable":true,"href":"https:\/\/kingarms.ee\/lv\/wp-json\/wp\/v2\/product_tag?post=151336"}],"curies":[{"name":"wp","href":"https:\/\/api.w.org\/{rel}","templated":true}]}}