{"id":151337,"date":"2021-04-16T17:17:31","date_gmt":"2025-06-28T15:21:22","guid":{"rendered":"https:\/\/kingarms.ee\/product\/sleptas-austinas-baofeng\/"},"modified":"2025-06-28T18:21:22","modified_gmt":"2025-06-28T15:21:22","slug":"sleptas-austinas-baofeng","status":"publish","type":"product","link":"https:\/\/kingarms.ee\/lv\/product\/sleptas-austinas-baofeng\/","title":{"rendered":"Sl\u0113pt\u0101s austi\u0146as (Baofeng)"},"content":{"rendered":"<p><img loading=\"lazy\" decoding=\"async\" class=\"alignnone size-medium wp-image-31909\" src=\"https:\/\/kingarms.ee\/wp-content\/uploads\/2021\/04\/baofeng-earphone-with-mic-and-ptt-premium-version-bf-ear2-300x300.jpg\" alt=\"\" width=\"300\" height=\"300\" srcset=\"https:\/\/kingarms.ee\/wp-content\/uploads\/2021\/04\/baofeng-earphone-with-mic-and-ptt-premium-version-bf-ear2-300x300.jpg 300w, https:\/\/kingarms.ee\/wp-content\/uploads\/2021\/04\/baofeng-earphone-with-mic-and-ptt-premium-version-bf-ear2-150x150.jpg 150w, https:\/\/kingarms.ee\/wp-content\/uploads\/2021\/04\/baofeng-earphone-with-mic-and-ptt-premium-version-bf-ear2-500x500.jpg 500w, https:\/\/kingarms.ee\/wp-content\/uploads\/2021\/04\/baofeng-earphone-with-mic-and-ptt-premium-version-bf-ear2-768x768.jpg 768w, https:\/\/kingarms.ee\/wp-content\/uploads\/2021\/04\/baofeng-earphone-with-mic-and-ptt-premium-version-bf-ear2.jpg 1000w\" sizes=\"auto, (max-width: 300px) 100vw, 300px\" \/><\/p>\n","protected":false},"excerpt":{"rendered":"<p>Sl\u0113pt\u0101s austi\u0146as (Baofeng)<\/p>\n<p>Auss gals ir m\u012bksts gumijas un caursp\u012bd\u012bgs. Piem\u0113rots airsoft, milit\u0101r\u0101m, ties\u012bbaizsardz\u012bbas, dro\u0161\u012bbas un cit\u0101m darb\u012bb\u0101m. <\/p>\n","protected":false},"featured_media":132863,"template":"","meta":{"_acf_changed":false},"product_brand":[],"product_cat":[1124],"product_tag":[],"class_list":{"0":"post-151337","1":"product","2":"type-product","3":"status-publish","4":"has-post-thumbnail","6":"product_cat-piederumi-lv","8":"first","9":"instock","10":"taxable","11":"shipping-taxable","12":"purchasable","13":"product-type-simple"},"acf":[],"_links":{"self":[{"href":"https:\/\/kingarms.ee\/lv\/wp-json\/wp\/v2\/product\/151337","targetHints":{"allow":["GET"]}}],"collection":[{"href":"https:\/\/kingarms.ee\/lv\/wp-json\/wp\/v2\/product"}],"about":[{"href":"https:\/\/kingarms.ee\/lv\/wp-json\/wp\/v2\/types\/product"}],"wp:featuredmedia":[{"embeddable":true,"href":"https:\/\/kingarms.ee\/lv\/wp-json\/wp\/v2\/media\/132863"}],"wp:attachment":[{"href":"https:\/\/kingarms.ee\/lv\/wp-json\/wp\/v2\/media?parent=151337"}],"wp:term":[{"taxonomy":"product_brand","embeddable":true,"href":"https:\/\/kingarms.ee\/lv\/wp-json\/wp\/v2\/product_brand?post=151337"},{"taxonomy":"product_cat","embeddable":true,"href":"https:\/\/kingarms.ee\/lv\/wp-json\/wp\/v2\/product_cat?post=151337"},{"taxonomy":"product_tag","embeddable":true,"href":"https:\/\/kingarms.ee\/lv\/wp-json\/wp\/v2\/product_tag?post=151337"}],"curies":[{"name":"wp","href":"https:\/\/api.w.org\/{rel}","templated":true}]}}