{"id":151338,"date":"2021-03-31T15:30:59","date_gmt":"2025-06-28T15:22:54","guid":{"rendered":"https:\/\/kingarms.ee\/product\/bushmaster-acr-crosman\/"},"modified":"2025-06-28T18:22:54","modified_gmt":"2025-06-28T15:22:54","slug":"bushmaster-acr-crosman","status":"publish","type":"product","link":"https:\/\/kingarms.ee\/lv\/product\/bushmaster-acr-crosman\/","title":{"rendered":"BUSHMASTER ACR (Crosman)"},"content":{"rendered":"<p><img loading=\"lazy\" decoding=\"async\" class=\"alignnone size-medium wp-image-31822\" src=\"https:\/\/kingarms.ee\/wp-content\/uploads\/2021\/03\/ag-cros-gun-0019_1-300x300.jpg\" alt=\"\" width=\"300\" height=\"300\" srcset=\"https:\/\/kingarms.ee\/wp-content\/uploads\/2021\/03\/ag-cros-gun-0019_1-300x300.jpg 300w, https:\/\/kingarms.ee\/wp-content\/uploads\/2021\/03\/ag-cros-gun-0019_1-150x150.jpg 150w, https:\/\/kingarms.ee\/wp-content\/uploads\/2021\/03\/ag-cros-gun-0019_1-500x500.jpg 500w, https:\/\/kingarms.ee\/wp-content\/uploads\/2021\/03\/ag-cros-gun-0019_1-768x768.jpg 768w, https:\/\/kingarms.ee\/wp-content\/uploads\/2021\/03\/ag-cros-gun-0019_1.jpg 1000w\" sizes=\"auto, (max-width: 300px) 100vw, 300px\" \/><\/p>\n","protected":false},"excerpt":{"rendered":"<p>BUSHMASTER ACR (Crosman)<\/p>\n<table class=\"TeknSpec_Tabell\">\n<tbody>\n<tr>\n<td class=\"TeknSpec_Rad1_Vanster\">Kaliiber:<\/td>\n<td class=\"TeknSpec_Rad1_Hoger\"><a href=\"https:\/\/www.wizeguy.eu\/cgi-bin\/ibutik\/AIR_ibutik.fcgi?funk=Sok_Falt&amp;ID=95&amp;Sokvarde=4%2E5mm%20Pellet\">4.5mm Pellet<\/a>, <a href=\"https:\/\/www.wizeguy.eu\/cgi-bin\/ibutik\/AIR_ibutik.fcgi?funk=Sok_Falt&amp;ID=95&amp;Sokvarde=4%2E5mm%20Steel%20bb%B4s\">4.5mm Steel bb\u00b4s<\/a><\/td>\n<\/tr>\n<tr>\n<td class=\"TeknSpec_Rad2_Vanster\">Energia:<\/td>\n<td class=\"TeknSpec_Rad2_Hoger\">10 Joule<\/td>\n<\/tr>\n<tr>\n<td class=\"TeknSpec_Rad1_Vanster\">Pikkus:<\/td>\n<td class=\"TeknSpec_Rad1_Hoger\">838 mm<\/td>\n<\/tr>\n<tr>\n<td class=\"TeknSpec_Rad2_Vanster\">Salve maht:<\/td>\n<td class=\"TeknSpec_Rad2_Hoger\"><a href=\"https:\/\/www.wizeguy.eu\/cgi-bin\/ibutik\/AIR_ibutik.fcgi?funk=Sok_Falt&amp;ID=52&amp;Sokvarde=5\">5 pcs<\/a><\/td>\n<\/tr>\n<tr>\n<td class=\"TeknSpec_Rad1_Vanster\">T\u00f6\u00f6 p\u00f5him\u00f5tte:<\/td>\n<td class=\"TeknSpec_Rad1_Hoger\">Pumbatav<\/td>\n<\/tr>\n<tr>\n<td class=\"TeknSpec_Rad2_Vanster\">Laskekiirus:<\/td>\n<td class=\"TeknSpec_Rad2_Hoger\"><a href=\"https:\/\/www.wizeguy.eu\/cgi-bin\/ibutik\/AIR_ibutik.fcgi?funk=Sok_Falt&amp;ID=23&amp;Sokvarde=200\">200 m\/s<\/a><\/td>\n<\/tr>\n<tr>\n<td class=\"TeknSpec_Rad1_Vanster\">Kaal:<\/td>\n<td class=\"TeknSpec_Rad1_Hoger\">1500 g<\/td>\n<\/tr>\n<\/tbody>\n<\/table>\n","protected":false},"featured_media":114033,"template":"","meta":{"_acf_changed":false},"product_brand":[],"product_cat":[1004,1006],"product_tag":[],"class_list":{"0":"post-151338","1":"product","2":"type-product","3":"status-publish","4":"has-post-thumbnail","6":"product_cat-lidmasinas","7":"product_cat-tirdzniecibas-automati-lv","9":"first","10":"onbackorder","11":"taxable","12":"shipping-taxable","13":"product-type-simple"},"acf":[],"_links":{"self":[{"href":"https:\/\/kingarms.ee\/lv\/wp-json\/wp\/v2\/product\/151338","targetHints":{"allow":["GET"]}}],"collection":[{"href":"https:\/\/kingarms.ee\/lv\/wp-json\/wp\/v2\/product"}],"about":[{"href":"https:\/\/kingarms.ee\/lv\/wp-json\/wp\/v2\/types\/product"}],"wp:featuredmedia":[{"embeddable":true,"href":"https:\/\/kingarms.ee\/lv\/wp-json\/wp\/v2\/media\/114033"}],"wp:attachment":[{"href":"https:\/\/kingarms.ee\/lv\/wp-json\/wp\/v2\/media?parent=151338"}],"wp:term":[{"taxonomy":"product_brand","embeddable":true,"href":"https:\/\/kingarms.ee\/lv\/wp-json\/wp\/v2\/product_brand?post=151338"},{"taxonomy":"product_cat","embeddable":true,"href":"https:\/\/kingarms.ee\/lv\/wp-json\/wp\/v2\/product_cat?post=151338"},{"taxonomy":"product_tag","embeddable":true,"href":"https:\/\/kingarms.ee\/lv\/wp-json\/wp\/v2\/product_tag?post=151338"}],"curies":[{"name":"wp","href":"https:\/\/api.w.org\/{rel}","templated":true}]}}