{"id":151340,"date":"2021-03-15T20:20:51","date_gmt":"2025-06-28T15:23:19","guid":{"rendered":"https:\/\/kingarms.ee\/product\/aizsargmaska-multicam-2\/"},"modified":"2025-06-28T18:23:19","modified_gmt":"2025-06-28T15:23:19","slug":"aizsargmaska-multicam-2","status":"publish","type":"product","link":"https:\/\/kingarms.ee\/lv\/product\/aizsargmaska-multicam-2\/","title":{"rendered":"Aizsargmaska-Multicam<br><br>"},"content":{"rendered":"<p><img loading=\"lazy\" decoding=\"async\" class=\"alignnone size-medium wp-image-31724\" src=\"https:\/\/kingarms.ee\/wp-content\/uploads\/2021\/03\/1152221763_2-300x200.jpg\" alt=\"\" width=\"300\" height=\"200\" srcset=\"https:\/\/kingarms.ee\/wp-content\/uploads\/2021\/03\/1152221763_2-300x200.jpg 300w, https:\/\/kingarms.ee\/wp-content\/uploads\/2021\/03\/1152221763_2-150x100.jpg 150w, https:\/\/kingarms.ee\/wp-content\/uploads\/2021\/03\/1152221763_2-500x333.jpg 500w, https:\/\/kingarms.ee\/wp-content\/uploads\/2021\/03\/1152221763_2-768x512.jpg 768w, https:\/\/kingarms.ee\/wp-content\/uploads\/2021\/03\/1152221763_2.jpg 800w\" sizes=\"auto, (max-width: 300px) 100vw, 300px\" \/><\/p>\n","protected":false},"excerpt":{"rendered":"<p>Aizsargmaska-Multicam<\/p>\n<p>Aizsargmasku var piestiprin\u0101t pie \u0137iveres vai bez \u0137iveres (2in1)<\/p>\n<p>Maska ir izgatavota no polim\u0113ra un neilona. Univers\u0101la un \u013coti \u0113rta aizsargmaska. <\/p>\n","protected":false},"featured_media":114009,"template":"","meta":{"_acf_changed":false},"product_brand":[],"product_cat":[1081],"product_tag":[],"class_list":{"0":"post-151340","1":"product","2":"type-product","3":"status-publish","4":"has-post-thumbnail","6":"product_cat-bez-kiveres-stiprinajuma","8":"first","9":"instock","10":"taxable","11":"shipping-taxable","12":"purchasable","13":"product-type-simple"},"acf":[],"_links":{"self":[{"href":"https:\/\/kingarms.ee\/lv\/wp-json\/wp\/v2\/product\/151340","targetHints":{"allow":["GET"]}}],"collection":[{"href":"https:\/\/kingarms.ee\/lv\/wp-json\/wp\/v2\/product"}],"about":[{"href":"https:\/\/kingarms.ee\/lv\/wp-json\/wp\/v2\/types\/product"}],"wp:featuredmedia":[{"embeddable":true,"href":"https:\/\/kingarms.ee\/lv\/wp-json\/wp\/v2\/media\/114009"}],"wp:attachment":[{"href":"https:\/\/kingarms.ee\/lv\/wp-json\/wp\/v2\/media?parent=151340"}],"wp:term":[{"taxonomy":"product_brand","embeddable":true,"href":"https:\/\/kingarms.ee\/lv\/wp-json\/wp\/v2\/product_brand?post=151340"},{"taxonomy":"product_cat","embeddable":true,"href":"https:\/\/kingarms.ee\/lv\/wp-json\/wp\/v2\/product_cat?post=151340"},{"taxonomy":"product_tag","embeddable":true,"href":"https:\/\/kingarms.ee\/lv\/wp-json\/wp\/v2\/product_tag?post=151340"}],"curies":[{"name":"wp","href":"https:\/\/api.w.org\/{rel}","templated":true}]}}