{"id":151342,"date":"2020-12-30T20:01:03","date_gmt":"2025-06-28T15:23:47","guid":{"rendered":"https:\/\/kingarms.ee\/product\/ipsc-paplates-turetajs-melns-fma\/"},"modified":"2025-06-28T18:23:47","modified_gmt":"2025-06-28T15:23:47","slug":"ipsc-paplates-turetajs-melns-fma","status":"publish","type":"product","link":"https:\/\/kingarms.ee\/lv\/product\/ipsc-paplates-turetajs-melns-fma\/","title":{"rendered":"IPSC papl\u0101tes tur\u0113t\u0101js-Melns (FMA)"},"content":{"rendered":"<p><img loading=\"lazy\" decoding=\"async\" class=\"alignnone size-medium wp-image-31384\" src=\"https:\/\/kingarms.ee\/wp-content\/uploads\/2020\/12\/1152213165_1-300x200.jpg\" alt=\"\" width=\"300\" height=\"200\" srcset=\"https:\/\/kingarms.ee\/wp-content\/uploads\/2020\/12\/1152213165_1-300x200.jpg 300w, https:\/\/kingarms.ee\/wp-content\/uploads\/2020\/12\/1152213165_1-150x100.jpg 150w, https:\/\/kingarms.ee\/wp-content\/uploads\/2020\/12\/1152213165_1-500x333.jpg 500w, https:\/\/kingarms.ee\/wp-content\/uploads\/2020\/12\/1152213165_1-768x512.jpg 768w, https:\/\/kingarms.ee\/wp-content\/uploads\/2020\/12\/1152213165_1.jpg 800w\" sizes=\"auto, (max-width: 300px) 100vw, 300px\" \/><\/p>\n","protected":false},"excerpt":{"rendered":"<p>IPSC papl\u0101tes tur\u0113t\u0101js-Melns (FMA)<\/p>\n<p>Univers\u0101ls IPSC papl\u0101tes tur\u0113t\u0101js<span class=\"JLqJ4b\" data-language-for-alternatives=\"et\" data-language-to-translate-into=\"en\" data-phrase-index=\"1\"><span class=\"JLqJ4b ChMk0b\" data-language-for-alternatives=\"et\" data-language-to-translate-into=\"en\" data-phrase-index=\"2\">, kas ir gandr\u012bz piln\u012bb\u0101 izgatavots no augstas kvalit\u0101tes alum\u012bnija, izmantojot CNC ma\u0161\u012bnas, kas paredz\u0113tas IPSC konkurentiem, lai optim\u0101li piel\u0101gotos vi\u0146u individu\u0101laj\u0101m vajadz\u012bb\u0101m. Tur\u0113t\u0101ju var piel\u0101got papl\u0101tes no\u0146em\u0161anas laik\u0101 (ja to ir gr\u016bti vai viegli no\u0146emt papl\u0101ti). Komplekt\u0101 ietilpst 6 da\u017e\u0101di ielikt\u0146i (3 platumam un 3 dzi\u013cumiem), vien\u012bgie polim\u0113ru elementi. Saska\u0146\u0101 ar 40 mm platu siksnu, regul\u0113jamais le\u0146\u0137is ir 360 gr\u0101di.   <\/span><\/span><\/p>\n","protected":false},"featured_media":113939,"template":"","meta":{"_acf_changed":false},"product_brand":[],"product_cat":[1098,1100],"product_tag":[],"class_list":{"0":"post-151342","1":"product","2":"type-product","3":"status-publish","4":"has-post-thumbnail","6":"product_cat-maisini-somas-un-siksnas","7":"product_cat-uzglabasanas-kabatas","9":"first","10":"instock","11":"taxable","12":"shipping-taxable","13":"purchasable","14":"product-type-simple"},"acf":[],"_links":{"self":[{"href":"https:\/\/kingarms.ee\/lv\/wp-json\/wp\/v2\/product\/151342","targetHints":{"allow":["GET"]}}],"collection":[{"href":"https:\/\/kingarms.ee\/lv\/wp-json\/wp\/v2\/product"}],"about":[{"href":"https:\/\/kingarms.ee\/lv\/wp-json\/wp\/v2\/types\/product"}],"wp:featuredmedia":[{"embeddable":true,"href":"https:\/\/kingarms.ee\/lv\/wp-json\/wp\/v2\/media\/113939"}],"wp:attachment":[{"href":"https:\/\/kingarms.ee\/lv\/wp-json\/wp\/v2\/media?parent=151342"}],"wp:term":[{"taxonomy":"product_brand","embeddable":true,"href":"https:\/\/kingarms.ee\/lv\/wp-json\/wp\/v2\/product_brand?post=151342"},{"taxonomy":"product_cat","embeddable":true,"href":"https:\/\/kingarms.ee\/lv\/wp-json\/wp\/v2\/product_cat?post=151342"},{"taxonomy":"product_tag","embeddable":true,"href":"https:\/\/kingarms.ee\/lv\/wp-json\/wp\/v2\/product_tag?post=151342"}],"curies":[{"name":"wp","href":"https:\/\/api.w.org\/{rel}","templated":true}]}}