{"id":151344,"date":"2020-08-18T13:27:47","date_gmt":"2025-06-28T15:24:39","guid":{"rendered":"https:\/\/kingarms.ee\/product\/020-g-tracer-bb-bio-nimrod\/"},"modified":"2025-06-28T18:24:39","modified_gmt":"2025-06-28T15:24:39","slug":"020-g-tracer-bb-bio-nimrod","status":"publish","type":"product","link":"https:\/\/kingarms.ee\/lv\/product\/020-g-tracer-bb-bio-nimrod\/","title":{"rendered":"0,20 g Tracer BB (Bio Nimrod)"},"content":{"rendered":"<p><a href=\"https:\/\/kingarms.ee\/wp-content\/uploads\/2020\/08\/pot-de-2000-billes-020g-bio-tracantes-verte-nimrod-p-image-163527-grande-300x200.png\"><img loading=\"lazy\" decoding=\"async\" class=\"alignnone size-medium wp-image-30902\" src=\"https:\/\/kingarms.ee\/wp-content\/uploads\/2020\/08\/pot-de-2000-billes-020g-bio-tracantes-verte-nimrod-p-image-163527-grande-300x200.png\" alt=\"\" width=\"300\" height=\"200\" srcset=\"https:\/\/kingarms.ee\/wp-content\/uploads\/2020\/08\/pot-de-2000-billes-020g-bio-tracantes-verte-nimrod-p-image-163527-grande-300x200.png 300w, https:\/\/kingarms.ee\/wp-content\/uploads\/2020\/08\/pot-de-2000-billes-020g-bio-tracantes-verte-nimrod-p-image-163527-grande-150x100.png 150w, https:\/\/kingarms.ee\/wp-content\/uploads\/2020\/08\/pot-de-2000-billes-020g-bio-tracantes-verte-nimrod-p-image-163527-grande-500x333.png 500w, https:\/\/kingarms.ee\/wp-content\/uploads\/2020\/08\/pot-de-2000-billes-020g-bio-tracantes-verte-nimrod-p-image-163527-grande-768x512.png 768w, https:\/\/kingarms.ee\/wp-content\/uploads\/2020\/08\/pot-de-2000-billes-020g-bio-tracantes-verte-nimrod-p-image-163527-grande.png 800w\" sizes=\"auto, (max-width: 300px) 100vw, 300px\" \/><\/a><\/p>\n","protected":false},"excerpt":{"rendered":"<p>0,20 g Tracer BB (Bio Nimrod)<\/p>\n<p>Augstas kvalit\u0101tes 0,20 g BB mar\u0137iera bumbi\u0146as no slaven\u0101 ra\u017eot\u0101ja NIMROD. Lab\u0101k\u0101 izv\u0113le j\u016bsu airsoft pistoli! Visas bumbi\u0146as p\u0101rbauda ra\u017eot\u0101js (diametrs 5,95 mm +\/- 0,005 mm). Tracer bumbi\u0146as sp\u012bd gais\u0101 un padara j\u016bsu airsoft sp\u0113li v\u0113l pat\u012bkam\u0101ku tums\u0101 \/ kr\u0113sl\u0101. Lai ieg\u016btu lab\u0101kos rezult\u0101tus, izmantojiet ar\u012b mar\u0137iera trok\u0161\u0146a sl\u0101p\u0113t\u0101ju vai papl\u0101ti. Bumbi\u0146u kr\u0101sa ir za\u013ca. Burk\u0101 ir 2000 BB lodes.      <\/p>\n","protected":false},"featured_media":113878,"template":"","meta":{"_acf_changed":false},"product_brand":[],"product_cat":[1046],"product_tag":[],"class_list":{"0":"post-151344","1":"product","2":"type-product","3":"status-publish","4":"has-post-thumbnail","6":"product_cat-gaisa-mikstais-6mm","8":"first","9":"onbackorder","10":"taxable","11":"shipping-taxable","12":"product-type-simple"},"acf":[],"_links":{"self":[{"href":"https:\/\/kingarms.ee\/lv\/wp-json\/wp\/v2\/product\/151344","targetHints":{"allow":["GET"]}}],"collection":[{"href":"https:\/\/kingarms.ee\/lv\/wp-json\/wp\/v2\/product"}],"about":[{"href":"https:\/\/kingarms.ee\/lv\/wp-json\/wp\/v2\/types\/product"}],"wp:featuredmedia":[{"embeddable":true,"href":"https:\/\/kingarms.ee\/lv\/wp-json\/wp\/v2\/media\/113878"}],"wp:attachment":[{"href":"https:\/\/kingarms.ee\/lv\/wp-json\/wp\/v2\/media?parent=151344"}],"wp:term":[{"taxonomy":"product_brand","embeddable":true,"href":"https:\/\/kingarms.ee\/lv\/wp-json\/wp\/v2\/product_brand?post=151344"},{"taxonomy":"product_cat","embeddable":true,"href":"https:\/\/kingarms.ee\/lv\/wp-json\/wp\/v2\/product_cat?post=151344"},{"taxonomy":"product_tag","embeddable":true,"href":"https:\/\/kingarms.ee\/lv\/wp-json\/wp\/v2\/product_tag?post=151344"}],"curies":[{"name":"wp","href":"https:\/\/api.w.org\/{rel}","templated":true}]}}