{"id":151354,"date":"2020-06-01T16:20:00","date_gmt":"2020-06-01T13:20:00","guid":{"rendered":"https:\/\/kingarms.ee\/product\/arp-556-v2s-black-gg\/"},"modified":"2025-06-28T18:29:33","modified_gmt":"2025-06-28T15:29:33","slug":"arp-556-v2s-black-gg","status":"publish","type":"product","link":"https:\/\/kingarms.ee\/lv\/product\/arp-556-v2s-black-gg\/","title":{"rendered":"ARP 556 V2S BLACK G&amp;G"},"content":{"rendered":"<p><a href=\"https:\/\/kingarms.ee\/wp-content\/uploads\/2020\/06\/gg-electric-rifle-arp-556-v2s-black-gg-arp556p-300x300.jpg\"><img loading=\"lazy\" decoding=\"async\" class=\"alignnone size-medium\" src=\"https:\/\/kingarms.ee\/wp-content\/uploads\/2020\/06\/gg-electric-rifle-arp-556-v2s-black-gg-arp556p-300x300.jpg\" alt=\"\" width=\"300\" height=\"300\"><\/a><\/p>\n","protected":false},"excerpt":{"rendered":"<p>ARP 556 V2S BLACK G&amp;G<\/p>\n<p>Elektrisk\u0101 \u0161autene arp556 v2s polim\u0113ra versija<br \/>\nHi-cap 300 k\u0101rtu polim\u0113ru \u017durn\u0101ls<br \/>\nPolim\u0113ru korpuss<br \/>\nM-lok rokas aizsargs<br \/>\nIevelkams kr\u0101jums<br \/>\nRegul\u0113jami un flip-up t\u0113m\u0113k\u013ci<br \/>\nRegul\u0113jams hop up<br \/>\nStandarta 25000rpm Motors<br \/>\n8mm gultnis<br \/>\nEtu un mosfet<br \/>\nUguns re\u017e\u012bms: dro\u0161s, da\u013c\u0113ji un pilns auto (3 k\u0101rtas p\u0101rspr\u0101gt konfigur\u0113jams)<br \/>\nAkumulatora nodal\u012bjums iek\u0161pus\u0113 akciju caurules<br \/>\nGarums: 510mm-600mm<br \/>\nSvars: 2096g<br \/>\nMelna kr\u0101sa<br \/>\nAkumulators un akumulatora l\u0101d\u0113t\u0101js nav iek\u013cauts<\/p>\n","protected":false},"featured_media":154888,"template":"","meta":{"_acf_changed":false},"product_brand":[],"product_cat":[1001],"product_tag":[1317],"class_list":{"0":"post-151354","1":"product","2":"type-product","3":"status-publish","4":"has-post-thumbnail","6":"product_cat-tirdzniecibas-automati","7":"product_tag-4blss3ph-lv","9":"first","10":"onbackorder","11":"taxable","12":"shipping-taxable","13":"product-type-simple"},"acf":[],"_links":{"self":[{"href":"https:\/\/kingarms.ee\/lv\/wp-json\/wp\/v2\/product\/151354","targetHints":{"allow":["GET"]}}],"collection":[{"href":"https:\/\/kingarms.ee\/lv\/wp-json\/wp\/v2\/product"}],"about":[{"href":"https:\/\/kingarms.ee\/lv\/wp-json\/wp\/v2\/types\/product"}],"wp:featuredmedia":[{"embeddable":true,"href":"https:\/\/kingarms.ee\/lv\/wp-json\/wp\/v2\/media\/154888"}],"wp:attachment":[{"href":"https:\/\/kingarms.ee\/lv\/wp-json\/wp\/v2\/media?parent=151354"}],"wp:term":[{"taxonomy":"product_brand","embeddable":true,"href":"https:\/\/kingarms.ee\/lv\/wp-json\/wp\/v2\/product_brand?post=151354"},{"taxonomy":"product_cat","embeddable":true,"href":"https:\/\/kingarms.ee\/lv\/wp-json\/wp\/v2\/product_cat?post=151354"},{"taxonomy":"product_tag","embeddable":true,"href":"https:\/\/kingarms.ee\/lv\/wp-json\/wp\/v2\/product_tag?post=151354"}],"curies":[{"name":"wp","href":"https:\/\/api.w.org\/{rel}","templated":true}]}}