{"id":151355,"date":"2020-06-01T16:20:00","date_gmt":"2025-06-28T15:30:01","guid":{"rendered":"https:\/\/kingarms.ee\/product\/arp-9-linijkugis-peleks-g-amp-g\/"},"modified":"2025-06-28T18:30:01","modified_gmt":"2025-06-28T15:30:01","slug":"arp-9-linijkugis-peleks-g-amp-g","status":"publish","type":"product","link":"https:\/\/kingarms.ee\/lv\/product\/arp-9-linijkugis-peleks-g-amp-g\/","title":{"rendered":"ARP 9 l\u012bnijku\u0123is pel\u0113ks G &amp; amp; G"},"content":{"rendered":"<p><a href=\"https:\/\/kingarms.ee\/wp-content\/uploads\/2020\/06\/gg-armament-electric-rifle-cm16-arp-9-battleship-gray-gg-arp9g-300x300.jpg\"><img loading=\"lazy\" decoding=\"async\" class=\"alignnone size-medium\" src=\"https:\/\/kingarms.ee\/wp-content\/uploads\/2020\/06\/gg-armament-electric-rifle-cm16-arp-9-battleship-gray-gg-arp9g-300x300.jpg\" alt=\"\" width=\"300\" height=\"300\"><\/a><\/p>\n","protected":false},"excerpt":{"rendered":"<p>ARP 9 l\u012bnijku\u0123is pel\u0113ks G &amp; amp; G<\/p>\n<p>Neilona \u0161\u0137iedras korpuss<br \/>\nM-lok alum\u012bnija rokas aizsargs<br \/>\n300 k\u0101rtas hi-cap \u017durn\u0101ls<br \/>\nIevelkams kr\u0101jums<br \/>\nRegul\u0113jami flip-up t\u0113m\u0113k\u013ci<br \/>\nRegul\u0113jams hop up<br \/>\nMosfet un etu<br \/>\nUguns re\u017e\u012bms: dro\u0161s, viens \u0161\u0101viens un pilna auto (var iestat\u012bt 3 k\u0101rtas p\u0101rspr\u0101gt)<br \/>\n25000 apgr. \/ min hi-griezes momenta gar\u0101s ass motors<br \/>\nGarums 495mm-585mm<br \/>\nSvars 2000g<br \/>\nBattleship pel\u0113ka kr\u0101sa<br \/>Akumulators un akumulatora l\u0101d\u0113t\u0101js nav iek\u013cauts<\/p>\n","protected":false},"featured_media":122611,"template":"","meta":{"_acf_changed":false},"product_brand":[],"product_cat":[1001],"product_tag":[1317],"class_list":{"0":"post-151355","1":"product","2":"type-product","3":"status-publish","4":"has-post-thumbnail","6":"product_cat-tirdzniecibas-automati","7":"product_tag-4blss3ph-lv","9":"first","10":"onbackorder","11":"taxable","12":"shipping-taxable","13":"product-type-simple"},"acf":[],"_links":{"self":[{"href":"https:\/\/kingarms.ee\/lv\/wp-json\/wp\/v2\/product\/151355","targetHints":{"allow":["GET"]}}],"collection":[{"href":"https:\/\/kingarms.ee\/lv\/wp-json\/wp\/v2\/product"}],"about":[{"href":"https:\/\/kingarms.ee\/lv\/wp-json\/wp\/v2\/types\/product"}],"wp:featuredmedia":[{"embeddable":true,"href":"https:\/\/kingarms.ee\/lv\/wp-json\/wp\/v2\/media\/122611"}],"wp:attachment":[{"href":"https:\/\/kingarms.ee\/lv\/wp-json\/wp\/v2\/media?parent=151355"}],"wp:term":[{"taxonomy":"product_brand","embeddable":true,"href":"https:\/\/kingarms.ee\/lv\/wp-json\/wp\/v2\/product_brand?post=151355"},{"taxonomy":"product_cat","embeddable":true,"href":"https:\/\/kingarms.ee\/lv\/wp-json\/wp\/v2\/product_cat?post=151355"},{"taxonomy":"product_tag","embeddable":true,"href":"https:\/\/kingarms.ee\/lv\/wp-json\/wp\/v2\/product_tag?post=151355"}],"curies":[{"name":"wp","href":"https:\/\/api.w.org\/{rel}","templated":true}]}}