{"id":151357,"date":"2020-06-01T16:20:00","date_gmt":"2020-06-01T13:20:00","guid":{"rendered":"https:\/\/kingarms.ee\/product\/tr4-cqb-s-g-amp-g\/"},"modified":"2025-06-28T18:30:21","modified_gmt":"2025-06-28T15:30:21","slug":"tr4-cqb-s-g-amp-g","status":"publish","type":"product","link":"https:\/\/kingarms.ee\/lv\/product\/tr4-cqb-s-g-amp-g\/","title":{"rendered":"TR4 CQB S G &amp; amp; G"},"content":{"rendered":"<p><a href=\"https:\/\/kingarms.ee\/wp-content\/uploads\/2020\/06\/gg-electric-rifle-black-gg17m.jpg\"><img loading=\"lazy\" decoding=\"async\" class=\"alignnone size-medium\" src=\"https:\/\/kingarms.ee\/wp-content\/uploads\/2020\/06\/gg-electric-rifle-black-gg17m.jpg\" alt=\"\" width=\"300\" height=\"300\"><\/a><\/p>\n","protected":false},"excerpt":{"rendered":"<p>TR4 CQB S G &amp; amp; G<br \/>\nElektrisk\u0101 \u0161autene mod.M4sd<br \/>\n\u0136erme\u0146a pilna met\u0101la<br \/>\nP\u0101rnesumk\u0101rba 8mm<br \/>\n\u017durn\u0101ls 450 k\u0101rtas<br \/>\nGarums 780mm \/ 880mm<br \/>\nSvars 3500g<br \/>\nMelna kr\u0101sa<br \/>\nAkumulators un akumulatora l\u0101d\u0113t\u0101js nav iek\u013cauts<\/p>\n","protected":false},"featured_media":154773,"template":"","meta":{"_acf_changed":false},"product_brand":[],"product_cat":[1001],"product_tag":[1317],"class_list":{"0":"post-151357","1":"product","2":"type-product","3":"status-publish","4":"has-post-thumbnail","6":"product_cat-tirdzniecibas-automati","7":"product_tag-4blss3ph-lv","9":"first","10":"onbackorder","11":"taxable","12":"shipping-taxable","13":"product-type-simple"},"acf":[],"_links":{"self":[{"href":"https:\/\/kingarms.ee\/lv\/wp-json\/wp\/v2\/product\/151357","targetHints":{"allow":["GET"]}}],"collection":[{"href":"https:\/\/kingarms.ee\/lv\/wp-json\/wp\/v2\/product"}],"about":[{"href":"https:\/\/kingarms.ee\/lv\/wp-json\/wp\/v2\/types\/product"}],"wp:featuredmedia":[{"embeddable":true,"href":"https:\/\/kingarms.ee\/lv\/wp-json\/wp\/v2\/media\/154773"}],"wp:attachment":[{"href":"https:\/\/kingarms.ee\/lv\/wp-json\/wp\/v2\/media?parent=151357"}],"wp:term":[{"taxonomy":"product_brand","embeddable":true,"href":"https:\/\/kingarms.ee\/lv\/wp-json\/wp\/v2\/product_brand?post=151357"},{"taxonomy":"product_cat","embeddable":true,"href":"https:\/\/kingarms.ee\/lv\/wp-json\/wp\/v2\/product_cat?post=151357"},{"taxonomy":"product_tag","embeddable":true,"href":"https:\/\/kingarms.ee\/lv\/wp-json\/wp\/v2\/product_tag?post=151357"}],"curies":[{"name":"wp","href":"https:\/\/api.w.org\/{rel}","templated":true}]}}