{"id":151358,"date":"2020-06-01T16:20:00","date_gmt":"2020-06-01T13:20:00","guid":{"rendered":"https:\/\/kingarms.ee\/product\/cm15-kr-apr-14-5-black-g-amp-g\/"},"modified":"2025-06-28T18:30:44","modified_gmt":"2025-06-28T15:30:44","slug":"cm15-kr-apr-14-5-black-g-amp-g","status":"publish","type":"product","link":"https:\/\/kingarms.ee\/lv\/product\/cm15-kr-apr-14-5-black-g-amp-g\/","title":{"rendered":"CM15 KR APR 14.5 BLACK G &amp; amp; G"},"content":{"rendered":"<p><a href=\"https:\/\/kingarms.ee\/wp-content\/uploads\/2020\/06\/gg-armament-electric-rifle-cm15-kr-apr-145-black-gg-kr15-apr-300x300.jpg\"><img loading=\"lazy\" decoding=\"async\" class=\"alignnone size-medium\" src=\"https:\/\/kingarms.ee\/wp-content\/uploads\/2020\/06\/gg-armament-electric-rifle-cm15-kr-apr-145-black-gg-kr15-apr-300x300.jpg\" alt=\"\" width=\"300\" height=\"300\"><\/a><\/p>\n","protected":false},"excerpt":{"rendered":"<p>CM15 KR APR 14.5 BLACK G &amp; amp; G<\/p>\n<p>Abs \u0137ermenis<br \/>\n14.5 collas alum\u012bnija keymod dzelzce\u013ca sist\u0113ma<br \/>\n450 k\u0101rtas \u017eurn\u0101ls<br \/>\nIevelkams kr\u0101jums<br \/>\nFlip-up apskates vietas<br \/>\nRegul\u0113jams hop up<br \/>\n18000 apgr. \/ min hi-griezes momenta gar\u0101s ass motors<br \/>\nGarums 900mm-990mm<br \/>\nSvars 2390g<br \/>\nMelna kr\u0101sa<br \/>Akumulators un akumulatora l\u0101d\u0113t\u0101js nav iek\u013cauts<\/p>\n","protected":false},"featured_media":154688,"template":"","meta":{"_acf_changed":false},"product_brand":[],"product_cat":[1001],"product_tag":[1317],"class_list":{"0":"post-151358","1":"product","2":"type-product","3":"status-publish","4":"has-post-thumbnail","6":"product_cat-tirdzniecibas-automati","7":"product_tag-4blss3ph-lv","9":"first","10":"onbackorder","11":"taxable","12":"shipping-taxable","13":"product-type-simple"},"acf":[],"_links":{"self":[{"href":"https:\/\/kingarms.ee\/lv\/wp-json\/wp\/v2\/product\/151358","targetHints":{"allow":["GET"]}}],"collection":[{"href":"https:\/\/kingarms.ee\/lv\/wp-json\/wp\/v2\/product"}],"about":[{"href":"https:\/\/kingarms.ee\/lv\/wp-json\/wp\/v2\/types\/product"}],"wp:featuredmedia":[{"embeddable":true,"href":"https:\/\/kingarms.ee\/lv\/wp-json\/wp\/v2\/media\/154688"}],"wp:attachment":[{"href":"https:\/\/kingarms.ee\/lv\/wp-json\/wp\/v2\/media?parent=151358"}],"wp:term":[{"taxonomy":"product_brand","embeddable":true,"href":"https:\/\/kingarms.ee\/lv\/wp-json\/wp\/v2\/product_brand?post=151358"},{"taxonomy":"product_cat","embeddable":true,"href":"https:\/\/kingarms.ee\/lv\/wp-json\/wp\/v2\/product_cat?post=151358"},{"taxonomy":"product_tag","embeddable":true,"href":"https:\/\/kingarms.ee\/lv\/wp-json\/wp\/v2\/product_tag?post=151358"}],"curies":[{"name":"wp","href":"https:\/\/api.w.org\/{rel}","templated":true}]}}