{"id":151359,"date":"2020-06-01T16:20:00","date_gmt":"2025-06-28T15:31:10","guid":{"rendered":"https:\/\/kingarms.ee\/product\/cm16-raider-2-0-desert-tan-gg\/"},"modified":"2025-06-28T18:31:10","modified_gmt":"2025-06-28T15:31:10","slug":"cm16-raider-2-0-desert-tan-gg","status":"publish","type":"product","link":"https:\/\/kingarms.ee\/lv\/product\/cm16-raider-2-0-desert-tan-gg\/","title":{"rendered":"CM16 RAIDER 2.0 DESERT TAN G&amp;G"},"content":{"rendered":"<p><a href=\"https:\/\/kingarms.ee\/wp-content\/uploads\/2020\/06\/gg-armament-electric-rifle-cm16-raider-2-0-desert-gg-cm16rt-300x300.jpg\"><img loading=\"lazy\" decoding=\"async\" class=\"alignnone size-medium\" src=\"https:\/\/kingarms.ee\/wp-content\/uploads\/2020\/06\/gg-armament-electric-rifle-cm16-raider-2-0-desert-gg-cm16rt-300x300.jpg\" alt=\"\" width=\"300\" height=\"300\"><\/a><\/p>\n","protected":false},"excerpt":{"rendered":"<p>CM16 RAIDER 2.0 tuksne\u0161a iedegums G &amp; amp; G<br \/>\nNeilona \u0161\u0137iedras aug\u0161\u0113jie un apak\u0161\u0113jie uztv\u0113r\u0113ji<br \/>\n450 k\u0101rtas hi-cap \u017durn\u0101ls<br \/>\nAlum\u012bnija M-lok rokas aizsargs<br \/>\nIevelkams celt\u0146a kr\u0101jums<br \/>\nFlip-up regul\u0113jami t\u0113m\u0113k\u013ci<br \/>\nRegul\u0113jams hop up<br \/>\nDro\u0161s, viens \u0161\u0101viens un pilna auto<br \/>\n18000 apgr. \/ min hi-griezes momenta gar\u0101s ass motors<br \/>\nGarums 715mm-805mm<br \/>\nSvars 2330g<br \/>\nTuksne\u0161a iedeguma kr\u0101sa<br \/>\nAkumulators un akumulatora l\u0101d\u0113t\u0101js nav iek\u013cauts<\/p>\n","protected":false},"featured_media":113160,"template":"","meta":{"_acf_changed":false},"product_brand":[],"product_cat":[1001],"product_tag":[1317],"class_list":{"0":"post-151359","1":"product","2":"type-product","3":"status-publish","4":"has-post-thumbnail","6":"product_cat-tirdzniecibas-automati","7":"product_tag-4blss3ph-lv","9":"first","10":"onbackorder","11":"taxable","12":"shipping-taxable","13":"product-type-simple"},"acf":[],"_links":{"self":[{"href":"https:\/\/kingarms.ee\/lv\/wp-json\/wp\/v2\/product\/151359","targetHints":{"allow":["GET"]}}],"collection":[{"href":"https:\/\/kingarms.ee\/lv\/wp-json\/wp\/v2\/product"}],"about":[{"href":"https:\/\/kingarms.ee\/lv\/wp-json\/wp\/v2\/types\/product"}],"wp:featuredmedia":[{"embeddable":true,"href":"https:\/\/kingarms.ee\/lv\/wp-json\/wp\/v2\/media\/113160"}],"wp:attachment":[{"href":"https:\/\/kingarms.ee\/lv\/wp-json\/wp\/v2\/media?parent=151359"}],"wp:term":[{"taxonomy":"product_brand","embeddable":true,"href":"https:\/\/kingarms.ee\/lv\/wp-json\/wp\/v2\/product_brand?post=151359"},{"taxonomy":"product_cat","embeddable":true,"href":"https:\/\/kingarms.ee\/lv\/wp-json\/wp\/v2\/product_cat?post=151359"},{"taxonomy":"product_tag","embeddable":true,"href":"https:\/\/kingarms.ee\/lv\/wp-json\/wp\/v2\/product_tag?post=151359"}],"curies":[{"name":"wp","href":"https:\/\/api.w.org\/{rel}","templated":true}]}}