{"id":151361,"date":"2020-06-01T16:20:00","date_gmt":"2020-06-01T13:20:00","guid":{"rendered":"https:\/\/kingarms.ee\/product\/cm16-raider-l-2-0e-black-gg\/"},"modified":"2025-06-28T18:31:39","modified_gmt":"2025-06-28T15:31:39","slug":"cm16-raider-l-2-0e-black-gg","status":"publish","type":"product","link":"https:\/\/kingarms.ee\/lv\/product\/cm16-raider-l-2-0e-black-gg\/","title":{"rendered":"CM16 RAIDER L 2.0E BLACK G&amp;G"},"content":{"rendered":"<p><a href=\"https:\/\/kingarms.ee\/wp-content\/uploads\/2020\/06\/gg-armament-electric-rifle-cm16-raider-l-2-0e-black-gg-cm16rl-300x300.jpg\"><img loading=\"lazy\" decoding=\"async\" class=\"alignnone size-medium\" src=\"https:\/\/kingarms.ee\/wp-content\/uploads\/2020\/06\/gg-armament-electric-rifle-cm16-raider-l-2-0e-black-gg-cm16rl-300x300.jpg\" alt=\"\" width=\"300\" height=\"300\"><\/a><\/p>\n","protected":false},"excerpt":{"rendered":"<p>CM16 RAIDER L 2.0E BLACK G&amp;G<\/p>\n<p>neilona auduma korpuss<br \/>\n450 k\u0101rtas hi-cAp \u017durn\u0101ls<br \/>\nAlum\u012bnija M-loK Rokas aizsargs<br \/>\nievelkams kr\u0101jums<br \/>\nfLIp-up apskates vietas<br \/>\nbiseksu\u0101\u013cu \u017durn\u0101ls nozvejas pogu<br \/>\nRegul\u0113jams HOpUp<br \/>\nmoSFET un ETU<br \/>\nuguns re\u017e\u012bms: dro\u0161s, viena \u0161\u0101viena un pilna aUTO (var iestat\u012bt l\u012bdz 3 k\u0101rt\u0101s p\u0101rspr\u0101gt)<br \/>\n18000 apgr. \/ min Hi-griezes momenta gar\u0101s ass motors<br \/>\nakumulators un akumulatora l\u0101d\u0113t\u0101js nav iek\u013cauts<br \/>\ngarums 750Mm-840MM<br \/>\nsvars 2300G<br \/>\nMelna kr\u0101sa<br \/>\nAkumulators un akumulatora l\u0101d\u0113t\u0101js nav iek\u013cauts<\/p>\n","protected":false},"featured_media":153221,"template":"","meta":{"_acf_changed":false},"product_brand":[],"product_cat":[1001],"product_tag":[1317],"class_list":{"0":"post-151361","1":"product","2":"type-product","3":"status-publish","4":"has-post-thumbnail","6":"product_cat-tirdzniecibas-automati","7":"product_tag-4blss3ph-lv","9":"first","10":"instock","11":"sale","12":"taxable","13":"shipping-taxable","14":"purchasable","15":"product-type-simple"},"acf":[],"_links":{"self":[{"href":"https:\/\/kingarms.ee\/lv\/wp-json\/wp\/v2\/product\/151361","targetHints":{"allow":["GET"]}}],"collection":[{"href":"https:\/\/kingarms.ee\/lv\/wp-json\/wp\/v2\/product"}],"about":[{"href":"https:\/\/kingarms.ee\/lv\/wp-json\/wp\/v2\/types\/product"}],"wp:featuredmedia":[{"embeddable":true,"href":"https:\/\/kingarms.ee\/lv\/wp-json\/wp\/v2\/media\/153221"}],"wp:attachment":[{"href":"https:\/\/kingarms.ee\/lv\/wp-json\/wp\/v2\/media?parent=151361"}],"wp:term":[{"taxonomy":"product_brand","embeddable":true,"href":"https:\/\/kingarms.ee\/lv\/wp-json\/wp\/v2\/product_brand?post=151361"},{"taxonomy":"product_cat","embeddable":true,"href":"https:\/\/kingarms.ee\/lv\/wp-json\/wp\/v2\/product_cat?post=151361"},{"taxonomy":"product_tag","embeddable":true,"href":"https:\/\/kingarms.ee\/lv\/wp-json\/wp\/v2\/product_tag?post=151361"}],"curies":[{"name":"wp","href":"https:\/\/api.w.org\/{rel}","templated":true}]}}