{"id":151368,"date":"2020-06-01T16:20:00","date_gmt":"2020-06-01T13:20:00","guid":{"rendered":"https:\/\/kingarms.ee\/product\/cm16-savvalas-vepris-7-g-g\/"},"modified":"2025-06-28T18:35:36","modified_gmt":"2025-06-28T15:35:36","slug":"cm16-savvalas-vepris-7-g-g","status":"publish","type":"product","link":"https:\/\/kingarms.ee\/lv\/product\/cm16-savvalas-vepris-7-g-g\/","title":{"rendered":"CM16 SAVVA\u013bAS VEPRIS 7 G &amp; G"},"content":{"rendered":"<p><a href=\"https:\/\/kingarms.ee\/wp-content\/uploads\/2020\/06\/gg-armament-electric-rifle-cm16-wild-hog-7-ggwl7-300x300.jpg\"><img loading=\"lazy\" decoding=\"async\" class=\"alignnone size-medium\" src=\"https:\/\/kingarms.ee\/wp-content\/uploads\/2020\/06\/gg-armament-electric-rifle-cm16-wild-hog-7-ggwl7-300x300.jpg\" alt=\"\" width=\"300\" height=\"300\"><\/a><\/p>\n","protected":false},"excerpt":{"rendered":"<p>CM16 SAVVA\u013bAS VEPRIS 7 G &amp; G<\/p>\n<p>Neilona \u0161\u0137iedras korpuss<br \/>\nAlum\u012bnija keymod ris<br \/>\n300 k\u0101rtu \u017durn\u0101ls<br \/>\nSalok\u0101mi un regul\u0113jami t\u0113m\u0113k\u013ci<br \/>\nRegul\u0113jams hop up<br \/>\nGos-v3 izvelkamais kr\u0101jums<br \/>\nMosfet un etu<br \/>\n25000 apgr. \/ min hi-griezes momenta gar\u0101s ass motors<br \/>\nGarums 625mm-715mm<br \/>\nSvars 2553g<\/p>\n","protected":false},"featured_media":154836,"template":"","meta":{"_acf_changed":false},"product_brand":[],"product_cat":[1001],"product_tag":[1317],"class_list":{"0":"post-151368","1":"product","2":"type-product","3":"status-publish","4":"has-post-thumbnail","6":"product_cat-tirdzniecibas-automati","7":"product_tag-4blss3ph-lv","9":"first","10":"onbackorder","11":"taxable","12":"shipping-taxable","13":"product-type-simple"},"acf":[],"_links":{"self":[{"href":"https:\/\/kingarms.ee\/lv\/wp-json\/wp\/v2\/product\/151368","targetHints":{"allow":["GET"]}}],"collection":[{"href":"https:\/\/kingarms.ee\/lv\/wp-json\/wp\/v2\/product"}],"about":[{"href":"https:\/\/kingarms.ee\/lv\/wp-json\/wp\/v2\/types\/product"}],"wp:featuredmedia":[{"embeddable":true,"href":"https:\/\/kingarms.ee\/lv\/wp-json\/wp\/v2\/media\/154836"}],"wp:attachment":[{"href":"https:\/\/kingarms.ee\/lv\/wp-json\/wp\/v2\/media?parent=151368"}],"wp:term":[{"taxonomy":"product_brand","embeddable":true,"href":"https:\/\/kingarms.ee\/lv\/wp-json\/wp\/v2\/product_brand?post=151368"},{"taxonomy":"product_cat","embeddable":true,"href":"https:\/\/kingarms.ee\/lv\/wp-json\/wp\/v2\/product_cat?post=151368"},{"taxonomy":"product_tag","embeddable":true,"href":"https:\/\/kingarms.ee\/lv\/wp-json\/wp\/v2\/product_tag?post=151368"}],"curies":[{"name":"wp","href":"https:\/\/api.w.org\/{rel}","templated":true}]}}