{"id":151374,"date":"2020-06-01T16:20:00","date_gmt":"2020-06-01T13:20:00","guid":{"rendered":"https:\/\/kingarms.ee\/product\/gc16-sr-cqb-g-amp-g\/"},"modified":"2025-06-28T18:36:57","modified_gmt":"2025-06-28T15:36:57","slug":"gc16-sr-cqb-g-amp-g","status":"publish","type":"product","link":"https:\/\/kingarms.ee\/lv\/product\/gc16-sr-cqb-g-amp-g\/","title":{"rendered":"GC16 SR CQB G &amp; amp; G"},"content":{"rendered":"<p><a href=\"https:\/\/kingarms.ee\/wp-content\/uploads\/2020\/06\/gg-eletric-rifle-gc16-ecu-srs-m-ggsrs-m-300x300.jpg\"><img loading=\"lazy\" decoding=\"async\" class=\"alignnone size-medium\" src=\"https:\/\/kingarms.ee\/wp-content\/uploads\/2020\/06\/gg-eletric-rifle-gc16-ecu-srs-m-ggsrs-m-300x300.jpg\" alt=\"\" width=\"300\" height=\"300\"><\/a><\/p>\n","protected":false},"excerpt":{"rendered":"<p>GC16 SR CQB G &amp; amp; G<\/p>\n<p>Met\u0101la korpuss<br \/>\nAlum\u012bnija keymod ris 7 collas<br \/>\nGmag-v1 hi-cap 300 k\u0101rtu \u017durn\u0101ls<br \/>\nAbs flash hider<br \/>\nIzvelkamais celtnis goes-v3 kr\u0101jums ar papildu uzglab\u0101\u0161anas vietu<br \/>\nRegul\u0113jami flip-up t\u0113m\u0113k\u013ci<br \/>\nBiseksu\u0101\u013cu \u017durn\u0101ls nozvejas pogu<br \/>\nRegul\u0113jams hop up<br \/>\nMosfet un etu<br \/>\nDro\u0161\u012bbas sl\u0113dzene, viens \u0161\u0101viens un p\u0101rspr\u0101gt (var iestat\u012bt 3 k\u0101rtas p\u0101rspr\u0101gt)<br \/>\n25000 apgr. \/ min hi-griezes momenta gar\u0101 ass<br \/>\nGarums 660-750mm<br \/>\nSvars 2600g<br \/>\nMelna kr\u0101sa<br \/>\nAkumulators un akumulatora l\u0101d\u0113t\u0101js nav iek\u013cauts<\/p>\n","protected":false},"featured_media":154902,"template":"","meta":{"_acf_changed":false},"product_brand":[],"product_cat":[1001],"product_tag":[1317],"class_list":{"0":"post-151374","1":"product","2":"type-product","3":"status-publish","4":"has-post-thumbnail","6":"product_cat-tirdzniecibas-automati","7":"product_tag-4blss3ph-lv","9":"first","10":"onbackorder","11":"taxable","12":"shipping-taxable","13":"product-type-simple"},"acf":[],"_links":{"self":[{"href":"https:\/\/kingarms.ee\/lv\/wp-json\/wp\/v2\/product\/151374","targetHints":{"allow":["GET"]}}],"collection":[{"href":"https:\/\/kingarms.ee\/lv\/wp-json\/wp\/v2\/product"}],"about":[{"href":"https:\/\/kingarms.ee\/lv\/wp-json\/wp\/v2\/types\/product"}],"wp:featuredmedia":[{"embeddable":true,"href":"https:\/\/kingarms.ee\/lv\/wp-json\/wp\/v2\/media\/154902"}],"wp:attachment":[{"href":"https:\/\/kingarms.ee\/lv\/wp-json\/wp\/v2\/media?parent=151374"}],"wp:term":[{"taxonomy":"product_brand","embeddable":true,"href":"https:\/\/kingarms.ee\/lv\/wp-json\/wp\/v2\/product_brand?post=151374"},{"taxonomy":"product_cat","embeddable":true,"href":"https:\/\/kingarms.ee\/lv\/wp-json\/wp\/v2\/product_cat?post=151374"},{"taxonomy":"product_tag","embeddable":true,"href":"https:\/\/kingarms.ee\/lv\/wp-json\/wp\/v2\/product_tag?post=151374"}],"curies":[{"name":"wp","href":"https:\/\/api.w.org\/{rel}","templated":true}]}}