{"id":151376,"date":"2020-06-01T16:20:00","date_gmt":"2020-06-01T13:20:00","guid":{"rendered":"https:\/\/kingarms.ee\/product\/m1-garand-gg\/"},"modified":"2025-06-28T18:37:41","modified_gmt":"2025-06-28T15:37:41","slug":"m1-garand-gg","status":"publish","type":"product","link":"https:\/\/kingarms.ee\/lv\/product\/m1-garand-gg\/","title":{"rendered":"M1 GARAND G&amp;G"},"content":{"rendered":"<p><a href=\"https:\/\/kingarms.ee\/wp-content\/uploads\/2020\/06\/gg-electric-rifle-m1-garand-gg-m1-300x300.jpg\"><img loading=\"lazy\" decoding=\"async\" class=\"alignnone size-medium\" src=\"https:\/\/kingarms.ee\/wp-content\/uploads\/2020\/06\/gg-electric-rifle-m1-garand-gg-m1-300x300.jpg\" alt=\"\" width=\"300\" height=\"300\"><\/a><\/p>\n","protected":false},"excerpt":{"rendered":"<p>M1 GARAND G &amp; amp; G<br \/>\nM1 garand p\u0113c 1943. gada versijas kopija<br \/>\nPilns met\u0101ls un \u012bsts koks<br \/>\n20 k\u0101rtas \u017eurn\u0101ls ar zemu v\u0101ci\u0146u<br \/>\nRegul\u0113jams aizmugures skats<br \/>\nFunkcion\u0101ls skr\u016bvju rokturis<br \/>\nRegul\u0113jams hop up<br \/>\nAkumulatora nodal\u012bjums noliktav\u0101<br \/>\n2 Priek\u0161\u0113jie un 1 aizmugures sling punkti (divpunktu sling izmantojami)<br \/>\nUguns re\u017e\u012bms: dro\u0161\u012bba, viens \u0161\u0101viens<br \/>\nGarums 1103mm<br \/>\nSvars 3650g<br \/>\nAkumulators un akumulatora l\u0101d\u0113t\u0101js nav iek\u013cauts<\/p>\n","protected":false},"featured_media":154966,"template":"","meta":{"_acf_changed":false},"product_brand":[],"product_cat":[1001],"product_tag":[1317],"class_list":{"0":"post-151376","1":"product","2":"type-product","3":"status-publish","4":"has-post-thumbnail","6":"product_cat-tirdzniecibas-automati","7":"product_tag-4blss3ph-lv","9":"first","10":"onbackorder","11":"taxable","12":"shipping-taxable","13":"product-type-simple"},"acf":[],"_links":{"self":[{"href":"https:\/\/kingarms.ee\/lv\/wp-json\/wp\/v2\/product\/151376","targetHints":{"allow":["GET"]}}],"collection":[{"href":"https:\/\/kingarms.ee\/lv\/wp-json\/wp\/v2\/product"}],"about":[{"href":"https:\/\/kingarms.ee\/lv\/wp-json\/wp\/v2\/types\/product"}],"wp:featuredmedia":[{"embeddable":true,"href":"https:\/\/kingarms.ee\/lv\/wp-json\/wp\/v2\/media\/154966"}],"wp:attachment":[{"href":"https:\/\/kingarms.ee\/lv\/wp-json\/wp\/v2\/media?parent=151376"}],"wp:term":[{"taxonomy":"product_brand","embeddable":true,"href":"https:\/\/kingarms.ee\/lv\/wp-json\/wp\/v2\/product_brand?post=151376"},{"taxonomy":"product_cat","embeddable":true,"href":"https:\/\/kingarms.ee\/lv\/wp-json\/wp\/v2\/product_cat?post=151376"},{"taxonomy":"product_tag","embeddable":true,"href":"https:\/\/kingarms.ee\/lv\/wp-json\/wp\/v2\/product_tag?post=151376"}],"curies":[{"name":"wp","href":"https:\/\/api.w.org\/{rel}","templated":true}]}}