{"id":151377,"date":"2020-06-01T16:20:00","date_gmt":"2020-06-01T13:20:00","guid":{"rendered":"https:\/\/kingarms.ee\/product\/m14-ebr-long-gg\/"},"modified":"2025-06-28T18:37:55","modified_gmt":"2025-06-28T15:37:55","slug":"m14-ebr-long-gg","status":"publish","type":"product","link":"https:\/\/kingarms.ee\/lv\/product\/m14-ebr-long-gg\/","title":{"rendered":"M14 EBR LONG G&amp;G"},"content":{"rendered":"<p><a href=\"https:\/\/kingarms.ee\/wp-content\/uploads\/2020\/06\/gg-electric-rifle-m14-ebr-long-gg014ebl-300x300.jpg\"><img loading=\"lazy\" decoding=\"async\" class=\"alignnone size-medium\" src=\"https:\/\/kingarms.ee\/wp-content\/uploads\/2020\/06\/gg-electric-rifle-m14-ebr-long-gg014ebl-300x300.jpg\" alt=\"\" width=\"300\" height=\"300\"><\/a><\/p>\n","protected":false},"excerpt":{"rendered":"<p>M14 EBR LONG G &amp; amp; G<br \/>\nPilns met\u0101ls<br \/>\n470 k\u0101rtas hi-cap \u017durn\u0101ls<br \/>\nUguns re\u017e\u012bms: dro\u0161s, viens \u0161\u0101viens un p\u0101rspr\u0101gt (3 k\u0101rtas p\u0101rspr\u0101gt programm\u0113jams)<br \/>\nRegul\u0113jami aizmugures un Priek\u0161\u0113jie t\u0113m\u0113k\u013ci<br \/>\nRegul\u0113jams hop up<br \/>\nIzvelkams kr\u0101jums ar regul\u0113jamu vaigu balstu<br \/>\nAugsta griezes momenta gar\u0101 ass 18000rpm Motors<br \/>\nAkumulatora nodal\u012bjums iek\u0161pus\u0113 handguard<br \/>\nEtu un mosfet<br \/>\nGarums 1193mm<br \/>\nSvars 4500g<\/p>\n","protected":false},"featured_media":155011,"template":"","meta":{"_acf_changed":false},"product_brand":[],"product_cat":[1001],"product_tag":[1317],"class_list":{"0":"post-151377","1":"product","2":"type-product","3":"status-publish","4":"has-post-thumbnail","6":"product_cat-tirdzniecibas-automati","7":"product_tag-4blss3ph-lv","9":"first","10":"onbackorder","11":"taxable","12":"shipping-taxable","13":"product-type-simple"},"acf":[],"_links":{"self":[{"href":"https:\/\/kingarms.ee\/lv\/wp-json\/wp\/v2\/product\/151377","targetHints":{"allow":["GET"]}}],"collection":[{"href":"https:\/\/kingarms.ee\/lv\/wp-json\/wp\/v2\/product"}],"about":[{"href":"https:\/\/kingarms.ee\/lv\/wp-json\/wp\/v2\/types\/product"}],"wp:featuredmedia":[{"embeddable":true,"href":"https:\/\/kingarms.ee\/lv\/wp-json\/wp\/v2\/media\/155011"}],"wp:attachment":[{"href":"https:\/\/kingarms.ee\/lv\/wp-json\/wp\/v2\/media?parent=151377"}],"wp:term":[{"taxonomy":"product_brand","embeddable":true,"href":"https:\/\/kingarms.ee\/lv\/wp-json\/wp\/v2\/product_brand?post=151377"},{"taxonomy":"product_cat","embeddable":true,"href":"https:\/\/kingarms.ee\/lv\/wp-json\/wp\/v2\/product_cat?post=151377"},{"taxonomy":"product_tag","embeddable":true,"href":"https:\/\/kingarms.ee\/lv\/wp-json\/wp\/v2\/product_tag?post=151377"}],"curies":[{"name":"wp","href":"https:\/\/api.w.org\/{rel}","templated":true}]}}